{"id":56409,"date":"2025-11-11T15:02:21","date_gmt":"2025-11-11T15:02:21","guid":{"rendered":"https:\/\/amnistreasury.com\/?page_id=56409"},"modified":"2025-11-11T15:02:21","modified_gmt":"2025-11-11T15:02:21","slug":"apple-pay","status":"publish","type":"page","link":"https:\/\/amnistreasury.com\/pl\/apple-pay\/","title":{"rendered":"Landing Page Apple Pay (Gutenberg blocks)"},"content":{"rendered":"<section  class=\"block-content-media alignfull block-color-variation--light default-block-padding default-block-padding-modified default-block-padding--top-medium default-block-padding--bottom-medium layout-content-narrow-media\">\n  <div class=\"container container--default-2024\">\n    <div class=\"grid grid-cols-12 gap-between-2-cols\">\n      <div class=\"media-content__content col-span-12 flex flex-col items-center  sm:col-span-5 sm:order-0 justify-center\">\n        <div class=\"w-full\">\n                                    <p class=\"is-style-heading-accent\">\n                APPLE PAY              <\/p>\n            \n                          <h1 class=\"is-style-heading-2xl\">\n                Poznaj Apple Pay. Tw\u00f3j iPhone to teraz Tw\u00f3j portfel.\n              <\/h1>\n            \n                          <div class=\"links-styled copy-l links-styled\"><p>Apple Pay to \u0142atwy, bezpieczny i prywatny spos\u00f3b p\u0142atno\u015bci. Dost\u0119pny na Twoich urz\u0105dzeniach Apple.<\/p>\n<\/div>\n            \n                      \n          <div class=\"c-button-group c-button-group--spacing-medium hidden sm:flex\">\n                          <a class=\"c-button c-button--full-width-tablet\" href=\"https:\/\/apps.apple.com\/de\/app\/apple-wallet\/id1160481993\" target=\"_blank\" rel=\"noopener\">\n                                Dodaj kart\u0119 w Apple Wallet                              <\/a>\n                                                <div>\n                          <\/div>\n                    <\/div>\n                  <\/div>\n      <\/div>\n      <div class=\"media-content__media col-span-12 flex flex-col  sm:col-span-7 justify-center\">\n        <div class=\"w-full\">\n          <img decoding=\"async\" width=\"1660\" height=\"1018\" src=\"https:\/\/amnistreasury.com\/wp-content\/uploads\/2025\/02\/amnis-apple-pay.png\" class=\"w-full rounded-lg my-0\" alt=\"amnis-apple-pay\" style=\"\" srcset=\"https:\/\/amnistreasury.com\/wp-content\/uploads\/2025\/02\/amnis-apple-pay.png 1660w, https:\/\/amnistreasury.com\/wp-content\/uploads\/2025\/02\/amnis-apple-pay-300x184.png 300w, https:\/\/amnistreasury.com\/wp-content\/uploads\/2025\/02\/amnis-apple-pay-1024x628.png 1024w, https:\/\/amnistreasury.com\/wp-content\/uploads\/2025\/02\/amnis-apple-pay-768x471.png 768w, https:\/\/amnistreasury.com\/wp-content\/uploads\/2025\/02\/amnis-apple-pay-1536x942.png 1536w, https:\/\/amnistreasury.com\/wp-content\/uploads\/2025\/02\/amnis-apple-pay-1440x883.png 1440w, https:\/\/amnistreasury.com\/wp-content\/uploads\/2025\/02\/amnis-apple-pay-720x442.png 720w, https:\/\/amnistreasury.com\/wp-content\/uploads\/2025\/02\/amnis-apple-pay-480x294.png 480w, https:\/\/amnistreasury.com\/wp-content\/uploads\/2025\/02\/amnis-apple-pay-382x234.png 382w, https:\/\/amnistreasury.com\/wp-content\/uploads\/2025\/02\/amnis-apple-pay-412x253.png 412w, https:\/\/amnistreasury.com\/wp-content\/uploads\/2025\/02\/amnis-apple-pay-1250x767.png 1250w, https:\/\/amnistreasury.com\/wp-content\/uploads\/2025\/02\/amnis-apple-pay-1350x828.png 1350w\" sizes=\"(max-width: 1660px) 100vw, 1660px\" \/>        <\/div>\n        <div class=\"c-button-group c-button-group--spacing-medium sm:hidden\">\n                      <a class=\"c-button c-button--full-width-tablet\" href=\"https:\/\/apps.apple.com\/de\/app\/apple-wallet\/id1160481993\" target=\"_blank\" rel=\"noopener\">\n                            Dodaj kart\u0119 w Apple Wallet                          <\/a>\n                            <\/div>\n      <\/div>\n    <\/div>\n  <\/div>\n<\/section>\n\n<section  class=\"block-content-2-cols alignfull block-color-variation--grey default-block-padding\">\n  <div class=\"container container--default-2024\">\n          <div class=\"grid grid-cols-12 gap-8 sm:gap-default-2024\">\n              <div class=\"col-span-12 sm:col-span-4\">\n                      <h2 class=\"title title--small\">\n              Bez portfela? \u017baden problem.            <\/h2>\n                                <div class=\"text-size-md p-reset\">\n              <p>Zostaw portfel w domu. Dzi\u0119ki Apple Pay zap\u0142acisz kart\u0105 amnis prosto z iPhone\u2019a lub Apple Watch.<\/p>\n            <\/div>\n                  <\/div>\n              <div class=\"col-span-12 sm:col-span-4\">\n                      <h2 class=\"title title--small\">\n              Zabezpieczenia wbudowane.            <\/h2>\n                                <div class=\"text-size-md p-reset\">\n              <p>Apple Pay korzysta z funkcji bezpiecze\u0144stwa urz\u0105dze\u0144 Apple \u2013 takich jak Face ID i Touch ID &#8211; dzi\u0119ki kt\u00f3rym tylko Pan\/Pani mo\u017ce autoryzowa\u0107 p\u0142atno\u015b\u0107.<\/p>\n            <\/div>\n                  <\/div>\n              <div class=\"col-span-12 sm:col-span-4\">\n                      <h2 class=\"title title--small\">\n              Oszcz\u0119dzaj czas. P\u0142a\u0107 szybciej.            <\/h2>\n                                <div class=\"text-size-md p-reset\">\n              <p>Dzi\u0119ki Apple Pay dane jak imi\u0119 czy adres uzupe\u0142niaj\u0105 si\u0119 automatycznie. Teraz p\u0142acenie jest jeszcze szybsze.<\/p>\n            <\/div>\n                  <\/div>\n            <\/div>\n      <\/div>\n<\/section>\n\n<section  class=\"block-content-media alignfull block-color-variation--white default-block-padding default-block-padding-modified default-block-padding--top-medium default-block-padding--bottom-medium layout-content-media\">\n  <div class=\"container container--default-2024\">\n    <div class=\"grid grid-cols-12 gap-between-2-cols\">\n      <div class=\"media-content__content col-span-12 flex flex-col items-center  sm:col-span-6 sm:order-0 justify-center\">\n        <div class=\"w-full\">\n                      \n                          <h2 class=\"is-style-heading-2xl\">\n                Dodaj kart\u0119 amnis w kilka sekund.\n              <\/h2>\n            \n                          <div class=\"links-styled copy-l links-styled\"><p>Apple Pay jest ju\u017c dost\u0119pny na Twoich urz\u0105dzeniach Apple. Otw\u00f3rz Apple Wallet na iPhone\u2019ie i kilkoma stukni\u0119ciami dodaj kart\u0119 amnis.<\/p>\n<\/div>\n            \n                      \n          <div class=\"c-button-group c-button-group--spacing-medium hidden sm:flex\">\n                          <a class=\"c-button c-button--full-width-tablet\" href=\"https:\/\/www.youtube.com\/watch?v=1FaKSIsg6sA\" target=\"_blank\" rel=\"noopener\">\n                                Dodaj kart\u0119 w Apple Wallet                              <\/a>\n                                                <div>\n                          <\/div>\n                    <\/div>\n                  <\/div>\n      <\/div>\n      <div class=\"media-content__media col-span-12 flex flex-col  sm:col-span-6 justify-center\">\n        <div class=\"w-full\">\n          <div class=\"cvideo\"><img decoding=\"async\" width=\"1428\" height=\"806\" src=\"https:\/\/amnistreasury.com\/wp-content\/uploads\/2025\/02\/how-to-add-apple-card.jpg\" class=\"cvideo__vid\" alt=\"\" srcset=\"https:\/\/amnistreasury.com\/wp-content\/uploads\/2025\/02\/how-to-add-apple-card.jpg 1428w, https:\/\/amnistreasury.com\/wp-content\/uploads\/2025\/02\/how-to-add-apple-card-300x169.jpg 300w, https:\/\/amnistreasury.com\/wp-content\/uploads\/2025\/02\/how-to-add-apple-card-1024x578.jpg 1024w, https:\/\/amnistreasury.com\/wp-content\/uploads\/2025\/02\/how-to-add-apple-card-768x433.jpg 768w, https:\/\/amnistreasury.com\/wp-content\/uploads\/2025\/02\/how-to-add-apple-card-720x406.jpg 720w, https:\/\/amnistreasury.com\/wp-content\/uploads\/2025\/02\/how-to-add-apple-card-480x271.jpg 480w, https:\/\/amnistreasury.com\/wp-content\/uploads\/2025\/02\/how-to-add-apple-card-382x216.jpg 382w, https:\/\/amnistreasury.com\/wp-content\/uploads\/2025\/02\/how-to-add-apple-card-412x233.jpg 412w, https:\/\/amnistreasury.com\/wp-content\/uploads\/2025\/02\/how-to-add-apple-card-1250x706.jpg 1250w, https:\/\/amnistreasury.com\/wp-content\/uploads\/2025\/02\/how-to-add-apple-card-1350x762.jpg 1350w\" sizes=\"(max-width: 1428px) 100vw, 1428px\" \/><a href=\"https:\/\/amnistreasury.com\/wp-content\/uploads\/2025\/02\/Apple-Pay-How-to-add-a-card-on-iPhone-Apple.mp4\" class=\"cvideo__button cvideo__button--light glightbox-vertical\" aria-label=\"Play video\"><svg fill=\"none\" height=\"60\" viewBox=\"0 0 51 60\" width=\"51\" xmlns=\"http:\/\/www.w3.org\/2000\/svg\"><path d=\"m51 30-50.250003 29.0118.000003-58.023653z\" fill=\"currentColor\"\/><\/svg><\/a><\/div>        <\/div>\n        <div class=\"c-button-group c-button-group--spacing-medium sm:hidden\">\n                      <a class=\"c-button c-button--full-width-tablet\" href=\"https:\/\/www.youtube.com\/watch?v=1FaKSIsg6sA\" target=\"_blank\" rel=\"noopener\">\n                            Dodaj kart\u0119 w Apple Wallet                          <\/a>\n                            <\/div>\n      <\/div>\n    <\/div>\n  <\/div>\n<\/section>\n\n<section  class=\"block-content-media alignfull block-color-variation--grey default-block-padding default-block-padding-modified default-block-padding--top-medium default-block-padding--bottom-medium layout-media-content\">\n  <div class=\"container container--default-2024\">\n    <div class=\"grid grid-cols-12 gap-between-2-cols\">\n      <div class=\"media-content__content col-span-12 flex flex-col items-center  sm:col-span-6 sm:order-1 justify-center\">\n        <div class=\"w-full\">\n                      <div class=\"typo\">\n              \n\n<h2  class=\"block-header not-typo title title--small \">\n\n  P\u0142a\u0107 jednym ruchem.\n<\/h2>\n\n<div  class=\"block-text text-f20 \">\n\n  <p>Na iPhone\u2019ie naci\u015bnij dwukrotnie boczny przycisk, potwierd\u017a Face ID, Touch ID lub kodem, a nast\u0119pnie zbli\u017c urz\u0105dzenie do terminala.<\/p>\n<p>Na Apple Watch naci\u015bnij dwukrotnie boczny przycisk i zbli\u017c zegarek do czytnika.<\/p>\n<p>&nbsp;<\/p>\n\n<\/div>\n\n\n<h2  class=\"block-header not-typo title title--small \">\n\n  P\u0142a\u0107 w swoich ulubionych miejscach.\n<\/h2>\n\n<div  class=\"block-text text-f20 \">\n\n  <p>Kart\u0105 amnis zap\u0142acisz wsz\u0119dzie tam, gdzie widzisz\u00a0<img decoding=\"async\" class=\"image-in-text alignnone wp-image-54860\" role=\"img\" src=\"https:\/\/amnistreasury.com\/wp-content\/uploads\/2025\/02\/Apple-Pay-mark.svg\" alt=\"\" width=\"46\" height=\"20\" \/> \u2013 w sklepach, online i w aplikacjach. Z Apple Pay to proste.<\/p>\n\n<\/div>\n\n            <\/div>\n          \n          <div class=\"c-button-group c-button-group--spacing-medium hidden sm:flex\">\n                                                <div>\n                          <\/div>\n                    <\/div>\n                  <\/div>\n      <\/div>\n      <div class=\"media-content__media col-span-12 flex flex-col  sm:col-span-6 justify-center\">\n        <div class=\"w-full\">\n          <img decoding=\"async\" width=\"999\" height=\"1278\" src=\"https:\/\/amnistreasury.com\/wp-content\/uploads\/2025\/02\/mobile-devices.png\" class=\"w-full rounded-lg my-0\" alt=\"\" style=\"width: 499px; margin-left: auto; margin-right: auto;\" srcset=\"https:\/\/amnistreasury.com\/wp-content\/uploads\/2025\/02\/mobile-devices.png 999w, https:\/\/amnistreasury.com\/wp-content\/uploads\/2025\/02\/mobile-devices-235x300.png 235w, https:\/\/amnistreasury.com\/wp-content\/uploads\/2025\/02\/mobile-devices-800x1024.png 800w, https:\/\/amnistreasury.com\/wp-content\/uploads\/2025\/02\/mobile-devices-768x982.png 768w, https:\/\/amnistreasury.com\/wp-content\/uploads\/2025\/02\/mobile-devices-720x921.png 720w, https:\/\/amnistreasury.com\/wp-content\/uploads\/2025\/02\/mobile-devices-480x614.png 480w, https:\/\/amnistreasury.com\/wp-content\/uploads\/2025\/02\/mobile-devices-382x489.png 382w, https:\/\/amnistreasury.com\/wp-content\/uploads\/2025\/02\/mobile-devices-412x527.png 412w\" sizes=\"(max-width: 999px) 100vw, 999px\" \/>        <\/div>\n        <div class=\"c-button-group c-button-group--spacing-medium sm:hidden\">\n                            <\/div>\n      <\/div>\n    <\/div>\n  <\/div>\n<\/section>\n\n<div  class=\"block-faq-accordion not-typo alignfull block-color-variation--light default-block-padding default-block-padding-modified default-block-padding--top-medium default-block-padding--bottom-medium\">\n  <div class=\"container container--tight container--default-2024\">\n    \n<div class=\"headline-area-wrap headline-area-wrap--centered headline-area-wrap--margin-bottom-sm \">\n\n  <div class=\"content-wrap gap-content-xs\">\n    \n    <div class=\"content-wrap gap-content-s\">\n              <h2 class=\"is-style-heading-xl mt-0\">\n          FAQs: Apple Pay amnis        <\/h2>\n      \n              <div class=\"copy-l p-reset\">\n          <p>P\u0142a\u0107 kart\u0105 amnis z Apple Pay szybko, bezpiecznie i bezdotykowo \u2013 online, w aplikacjach i w sklepach na ca\u0142ym \u015bwiecie.<\/p>\n        <\/div>\n          <\/div>\n  <\/div>\n<\/div>\n\n          <div class=\"grid grid-cols-1 sm:grid-cols-2 gap-6  links-styled\">\n          <div class=\"\">\n                  <div class=\"c-faq-accordion\">\n                                          <div class=\"c-faq-accordion__el mb-m\">\n                  <h3 class=\"c-faq-accordion__subtitle c-faq-accordion__subtitle--active\">\n                    <button>\n                      <span>\n                        Czy p\u0142atno\u015bci Apple Pay s\u0105 bezpieczne?                      <\/span>\n\n                      <span class=\"c-faq-accordion__plus\">\n                      <svg width=\"32\" height=\"33\" viewBox=\"0 0 32 33\" fill=\"none\" xmlns=\"http:\/\/www.w3.org\/2000\/svg\">\n                        <mask id=\"mask0_40000052_9126\" style=\"mask-type:alpha\" maskUnits=\"userSpaceOnUse\" x=\"0\" y=\"0\" width=\"32\" height=\"33\">\n                        <rect y=\"0.115723\" width=\"32\" height=\"32\" fill=\"#D9D9D9\"\/>\n                        <\/mask>\n                        <g mask=\"url(#mask0_40000052_9126)\">\n                        <path d=\"M15.0007 17.1157H7.33398V15.1157H15.0007V7.44904H17.0007V15.1157H24.6673V17.1157H17.0007V24.7824H15.0007V17.1157Z\" fill=\"#0F3E82\"\/>\n                        <\/g>\n                        <\/svg>\n\n                      <\/span>\n                      <span class=\"c-faq-accordion__minus\">\n                        <svg width=\"32\" height=\"33\" viewBox=\"0 0 32 33\" fill=\"none\" xmlns=\"http:\/\/www.w3.org\/2000\/svg\">\n                        <mask id=\"mask0_40000052_9119\" style=\"mask-type:alpha\" maskUnits=\"userSpaceOnUse\" x=\"0\" y=\"0\" width=\"32\" height=\"33\">\n                        <rect y=\"0.115723\" width=\"32\" height=\"32\" fill=\"#D9D9D9\"\/>\n                        <\/mask>\n                        <g mask=\"url(#mask0_40000052_9119)\">\n                        <path d=\"M7.33398 17.1157V15.1157H24.6673V17.1157H7.33398Z\" fill=\"#0F3E82\"\/>\n                        <\/g>\n                        <\/svg>\n\n                      <\/span>\n                    <\/button>\n                  <\/h3>\n\n                  <div class=\"c-faq-accordion__text c-faq-accordion__text--active\" >\n                    <div>\n                      <p>Tak, Apple Pay jest tak samo bezpieczny jak karta z chipem.<\/p>\n<p>Dane karty nie s\u0105 przechowywane w urz\u0105dzeniu ani przesy\u0142ane podczas p\u0142atno\u015bci. Ka\u017cda transakcja wymaga potwierdzenia przez Face ID, Touch ID lub kod. Przy wi\u0119kszych kwotach mo\u017ce by\u0107 wymagane podanie PIN-u na terminalu.<\/p>\n                    <\/div>\n                  <\/div>\n                <\/div>\n                                                        <div class=\"c-faq-accordion__el mb-m\">\n                  <h3 class=\"c-faq-accordion__subtitle\">\n                    <button>\n                      <span>\n                        Ile kart mo\u017cna doda\u0107 do Apple Pay?                      <\/span>\n\n                      <span class=\"c-faq-accordion__plus\">\n                      <svg width=\"32\" height=\"33\" viewBox=\"0 0 32 33\" fill=\"none\" xmlns=\"http:\/\/www.w3.org\/2000\/svg\">\n                        <mask id=\"mask0_40000052_9126\" style=\"mask-type:alpha\" maskUnits=\"userSpaceOnUse\" x=\"0\" y=\"0\" width=\"32\" height=\"33\">\n                        <rect y=\"0.115723\" width=\"32\" height=\"32\" fill=\"#D9D9D9\"\/>\n                        <\/mask>\n                        <g mask=\"url(#mask0_40000052_9126)\">\n                        <path d=\"M15.0007 17.1157H7.33398V15.1157H15.0007V7.44904H17.0007V15.1157H24.6673V17.1157H17.0007V24.7824H15.0007V17.1157Z\" fill=\"#0F3E82\"\/>\n                        <\/g>\n                        <\/svg>\n\n                      <\/span>\n                      <span class=\"c-faq-accordion__minus\">\n                        <svg width=\"32\" height=\"33\" viewBox=\"0 0 32 33\" fill=\"none\" xmlns=\"http:\/\/www.w3.org\/2000\/svg\">\n                        <mask id=\"mask0_40000052_9119\" style=\"mask-type:alpha\" maskUnits=\"userSpaceOnUse\" x=\"0\" y=\"0\" width=\"32\" height=\"33\">\n                        <rect y=\"0.115723\" width=\"32\" height=\"32\" fill=\"#D9D9D9\"\/>\n                        <\/mask>\n                        <g mask=\"url(#mask0_40000052_9119)\">\n                        <path d=\"M7.33398 17.1157V15.1157H24.6673V17.1157H7.33398Z\" fill=\"#0F3E82\"\/>\n                        <\/g>\n                        <\/svg>\n\n                      <\/span>\n                    <\/button>\n                  <\/h3>\n\n                  <div class=\"c-faq-accordion__text\"  style=\"display: none;\" >\n                    <div>\n                      <p>Mo\u017cna doda\u0107 do 12 kart osobistych wydanych na Pana\/Pani nazwisko \u2013 zale\u017cnie od modelu urz\u0105dzenia.<\/p>\n                    <\/div>\n                  <\/div>\n                <\/div>\n                                                        <div class=\"c-faq-accordion__el mb-m\">\n                  <h3 class=\"c-faq-accordion__subtitle\">\n                    <button>\n                      <span>\n                        Dlaczego nie mog\u0119 doda\u0107 karty do Apple Pay?                      <\/span>\n\n                      <span class=\"c-faq-accordion__plus\">\n                      <svg width=\"32\" height=\"33\" viewBox=\"0 0 32 33\" fill=\"none\" xmlns=\"http:\/\/www.w3.org\/2000\/svg\">\n                        <mask id=\"mask0_40000052_9126\" style=\"mask-type:alpha\" maskUnits=\"userSpaceOnUse\" x=\"0\" y=\"0\" width=\"32\" height=\"33\">\n                        <rect y=\"0.115723\" width=\"32\" height=\"32\" fill=\"#D9D9D9\"\/>\n                        <\/mask>\n                        <g mask=\"url(#mask0_40000052_9126)\">\n                        <path d=\"M15.0007 17.1157H7.33398V15.1157H15.0007V7.44904H17.0007V15.1157H24.6673V17.1157H17.0007V24.7824H15.0007V17.1157Z\" fill=\"#0F3E82\"\/>\n                        <\/g>\n                        <\/svg>\n\n                      <\/span>\n                      <span class=\"c-faq-accordion__minus\">\n                        <svg width=\"32\" height=\"33\" viewBox=\"0 0 32 33\" fill=\"none\" xmlns=\"http:\/\/www.w3.org\/2000\/svg\">\n                        <mask id=\"mask0_40000052_9119\" style=\"mask-type:alpha\" maskUnits=\"userSpaceOnUse\" x=\"0\" y=\"0\" width=\"32\" height=\"33\">\n                        <rect y=\"0.115723\" width=\"32\" height=\"32\" fill=\"#D9D9D9\"\/>\n                        <\/mask>\n                        <g mask=\"url(#mask0_40000052_9119)\">\n                        <path d=\"M7.33398 17.1157V15.1157H24.6673V17.1157H7.33398Z\" fill=\"#0F3E82\"\/>\n                        <\/g>\n                        <\/svg>\n\n                      <\/span>\n                    <\/button>\n                  <\/h3>\n\n                  <div class=\"c-faq-accordion__text\"  style=\"display: none;\" >\n                    <div>\n                      <p>Mo\u017cliwe, \u017ce korzysta Pan\/Pani ze starszej wersji iOS, watchOS lub macOS. Prosz\u0119 zaktualizowa\u0107 urz\u0105dzenie do najnowszej wersji.<br \/>\nDodanie karty mo\u017ce te\u017c si\u0119 nie uda\u0107, je\u015bli po\u0142\u0105czenie z internetem jest s\u0142abe.<\/p>\n                    <\/div>\n                  <\/div>\n                <\/div>\n                                    <\/div>\n              <\/div>\n      <div>\n                  <div class=\"c-faq-accordion\">\n                                          <div class=\"c-faq-accordion__el mb-m\">\n                  <h3 class=\"c-faq-accordion__subtitle\">\n                    <button>\n                      <span>\n                        Czy musz\u0119 podawa\u0107 PIN podczas p\u0142acenia Apple Pay?                      <\/span>\n\n                      <span class=\"c-faq-accordion__plus\">\n                      <svg width=\"32\" height=\"33\" viewBox=\"0 0 32 33\" fill=\"none\" xmlns=\"http:\/\/www.w3.org\/2000\/svg\">\n                        <mask id=\"mask0_40000052_9126\" style=\"mask-type:alpha\" maskUnits=\"userSpaceOnUse\" x=\"0\" y=\"0\" width=\"32\" height=\"33\">\n                        <rect y=\"0.115723\" width=\"32\" height=\"32\" fill=\"#D9D9D9\"\/>\n                        <\/mask>\n                        <g mask=\"url(#mask0_40000052_9126)\">\n                        <path d=\"M15.0007 17.1157H7.33398V15.1157H15.0007V7.44904H17.0007V15.1157H24.6673V17.1157H17.0007V24.7824H15.0007V17.1157Z\" fill=\"#0F3E82\"\/>\n                        <\/g>\n                      <\/svg>\n\n                      <\/span>\n                      <span class=\"c-faq-accordion__minus\">\n                        <svg width=\"32\" height=\"33\" viewBox=\"0 0 32 33\" fill=\"none\" xmlns=\"http:\/\/www.w3.org\/2000\/svg\">\n                        <mask id=\"mask0_40000052_9119\" style=\"mask-type:alpha\" maskUnits=\"userSpaceOnUse\" x=\"0\" y=\"0\" width=\"32\" height=\"33\">\n                        <rect y=\"0.115723\" width=\"32\" height=\"32\" fill=\"#D9D9D9\"\/>\n                        <\/mask>\n                        <g mask=\"url(#mask0_40000052_9119)\">\n                        <path d=\"M7.33398 17.1157V15.1157H24.6673V17.1157H7.33398Z\" fill=\"#0F3E82\"\/>\n                        <\/g>\n                        <\/svg>\n\n                      <\/span>\n                    <\/button>\n                  <\/h3>\n\n                  <div class=\"c-faq-accordion__text\"  style=\"display: none;\" >\n                    <div>\n                      <p>Nie. Wszystkie p\u0142atno\u015bci \u2013 niezale\u017cnie od kwoty \u2013 s\u0105 potwierdzane Face ID, Touch ID lub kodem odblokowuj\u0105cym, wi\u0119c nie trzeba podawa\u0107 PIN-u na terminalu.<\/p>\n                    <\/div>\n                  <\/div>\n                <\/div>\n                                                        <div class=\"c-faq-accordion__el mb-m\">\n                  <h3 class=\"c-faq-accordion__subtitle\">\n                    <button>\n                      <span>\n                        Co zrobi\u0107, je\u015bli zgubi\u0142em\/am urz\u0105dzenie z Apple Pay lub zosta\u0142o skradzione?                      <\/span>\n\n                      <span class=\"c-faq-accordion__plus\">\n                      <svg width=\"32\" height=\"33\" viewBox=\"0 0 32 33\" fill=\"none\" xmlns=\"http:\/\/www.w3.org\/2000\/svg\">\n                        <mask id=\"mask0_40000052_9126\" style=\"mask-type:alpha\" maskUnits=\"userSpaceOnUse\" x=\"0\" y=\"0\" width=\"32\" height=\"33\">\n                        <rect y=\"0.115723\" width=\"32\" height=\"32\" fill=\"#D9D9D9\"\/>\n                        <\/mask>\n                        <g mask=\"url(#mask0_40000052_9126)\">\n                        <path d=\"M15.0007 17.1157H7.33398V15.1157H15.0007V7.44904H17.0007V15.1157H24.6673V17.1157H17.0007V24.7824H15.0007V17.1157Z\" fill=\"#0F3E82\"\/>\n                        <\/g>\n                      <\/svg>\n\n                      <\/span>\n                      <span class=\"c-faq-accordion__minus\">\n                        <svg width=\"32\" height=\"33\" viewBox=\"0 0 32 33\" fill=\"none\" xmlns=\"http:\/\/www.w3.org\/2000\/svg\">\n                        <mask id=\"mask0_40000052_9119\" style=\"mask-type:alpha\" maskUnits=\"userSpaceOnUse\" x=\"0\" y=\"0\" width=\"32\" height=\"33\">\n                        <rect y=\"0.115723\" width=\"32\" height=\"32\" fill=\"#D9D9D9\"\/>\n                        <\/mask>\n                        <g mask=\"url(#mask0_40000052_9119)\">\n                        <path d=\"M7.33398 17.1157V15.1157H24.6673V17.1157H7.33398Z\" fill=\"#0F3E82\"\/>\n                        <\/g>\n                        <\/svg>\n\n                      <\/span>\n                    <\/button>\n                  <\/h3>\n\n                  <div class=\"c-faq-accordion__text\"  style=\"display: none;\" >\n                    <div>\n                      <p>WKa\u017cda transakcja Apple Pay jest autoryzowana przez Face ID, Touch ID lub kod, co chroni przed nieautoryzowanym u\u017cyciem.<\/p>\n<p>W przypadku kradzie\u017cy lub zgubienia nale\u017cy przej\u015b\u0107 na icloud.com\/find lub u\u017cy\u0107 aplikacji \u201eZnajd\u017a iPhone\u2019a\u201d, aby zawiesi\u0107 lub usun\u0105\u0107 karty z urz\u0105dzenia. Karty zostan\u0105 usuni\u0119te nawet, gdy urz\u0105dzenie jest wy\u0142\u0105czone.<\/p>\n                    <\/div>\n                  <\/div>\n                <\/div>\n                                    <\/div>\n              <\/div>\n              <\/div>\n                    \n          <div class=\"text-center mt-xl\">\n        <a class=\"c-button c-button--full-width-tablet\" href=\"https:\/\/help.amnistreasury.com\/pl\/collections\/3860584-cards\" target=\"_blank\">Odwied\u017a centrum pomocy<\/a>\n      <\/div>\n      <\/div>\n<\/div>\n\n","protected":false},"excerpt":{"rendered":"","protected":false},"author":22,"featured_media":54844,"parent":0,"menu_order":0,"comment_status":"closed","ping_status":"closed","template":"","meta":{"_acf_changed":false,"footnotes":"","rank_math_focus_keyword":"apple pay amnis"},"class_list":["post-56409","page","type-page","status-publish","has-post-thumbnail","hentry"],"acf":[],"_links":{"self":[{"href":"https:\/\/amnistreasury.com\/pl\/wp-json\/wp\/v2\/pages\/56409","targetHints":{"allow":["GET"]}}],"collection":[{"href":"https:\/\/amnistreasury.com\/pl\/wp-json\/wp\/v2\/pages"}],"about":[{"href":"https:\/\/amnistreasury.com\/pl\/wp-json\/wp\/v2\/types\/page"}],"author":[{"embeddable":true,"href":"https:\/\/amnistreasury.com\/pl\/wp-json\/wp\/v2\/users\/22"}],"replies":[{"embeddable":true,"href":"https:\/\/amnistreasury.com\/pl\/wp-json\/wp\/v2\/comments?post=56409"}],"version-history":[{"count":4,"href":"https:\/\/amnistreasury.com\/pl\/wp-json\/wp\/v2\/pages\/56409\/revisions"}],"predecessor-version":[{"id":59122,"href":"https:\/\/amnistreasury.com\/pl\/wp-json\/wp\/v2\/pages\/56409\/revisions\/59122"}],"wp:featuredmedia":[{"embeddable":true,"href":"https:\/\/amnistreasury.com\/pl\/wp-json\/wp\/v2\/media\/54844"}],"wp:attachment":[{"href":"https:\/\/amnistreasury.com\/pl\/wp-json\/wp\/v2\/media?parent=56409"}],"curies":[{"name":"wp","href":"https:\/\/api.w.org\/{rel}","templated":true}]}}