{"id":51973,"date":"2024-10-21T16:22:22","date_gmt":"2024-10-21T16:22:22","guid":{"rendered":"https:\/\/amnistreasury.com\/?page_id=51973"},"modified":"2025-11-26T12:01:55","modified_gmt":"2025-11-26T12:01:55","slug":"zarezerwuj-demo","status":"publish","type":"page","link":"https:\/\/amnistreasury.com\/pl\/zarezerwuj-demo\/","title":{"rendered":"Book a demo call &#8211; Calendly &#8211; PL"},"content":{"rendered":"<div  class=\"block-calendly bg-light-gray alignfull default-block-padding\">\n  <div class=\"js-block-calendly-container container container--default-2024\">\n    <div class=\"grid grid-cols-1 sm:grid-cols-12 sm:gap-default-2024\">\n      <div class=\"order-2 sm:order-1 mt-20 sm:mt-0 sm:col-span-6\">\n        <div class=\"flex gap-8 \">\n                    <div class=\"\">\n                          <p class=\"is-style-heading-accent\">\n                Skontaktuj si\u0119              <\/p>\n            \n                          <h1 class=\"is-style-heading-2xl\">\n                Zarezerwuj rozmow\u0119 demo              <\/h1>\n                                      <div class=\"copy-l p-reset links-styled\">\n                <p>Um\u00f3w si\u0119 na rozmow\u0119 z jednym z naszych ekspert\u00f3w i zobacz dzia\u0142anie aplikacji amnis na \u017cywo!<\/p>\n<p>Prze\u015blij nam swoje dane, a wkr\u00f3tce si\u0119 z Tob\u0105 skontaktujemy.<\/p>\n              <\/div>\n                        <div class=\" mt-6\">\n              <img decoding=\"async\" width=\"2048\" height=\"1365\" src=\"https:\/\/amnistreasury.com\/wp-content\/uploads\/2024\/10\/IMG_8862-2.jpg\" class=\"skip-lazy rounded-[8px] w-full m-0\" alt=\"\" srcset=\"https:\/\/amnistreasury.com\/wp-content\/uploads\/2024\/10\/IMG_8862-2.jpg 2048w, https:\/\/amnistreasury.com\/wp-content\/uploads\/2024\/10\/IMG_8862-2-300x200.jpg 300w, https:\/\/amnistreasury.com\/wp-content\/uploads\/2024\/10\/IMG_8862-2-1024x683.jpg 1024w, https:\/\/amnistreasury.com\/wp-content\/uploads\/2024\/10\/IMG_8862-2-768x512.jpg 768w, https:\/\/amnistreasury.com\/wp-content\/uploads\/2024\/10\/IMG_8862-2-1536x1024.jpg 1536w, https:\/\/amnistreasury.com\/wp-content\/uploads\/2024\/10\/IMG_8862-2-1760x1173.jpg 1760w, https:\/\/amnistreasury.com\/wp-content\/uploads\/2024\/10\/IMG_8862-2-880x587.jpg 880w, https:\/\/amnistreasury.com\/wp-content\/uploads\/2024\/10\/IMG_8862-2-586x391.jpg 586w\" sizes=\"(max-width: 2048px) 100vw, 2048px\" \/>            <\/div>\n          <\/div>\n        <\/div>\n      <\/div>\n      <div class=\"order-1 sm:order-2 sm:col-span-6 md:col-span-5 md:col-start-8 relative mt-8 sm:mt-20\">\n        <div class=\"relative\">\n                      <div class=\"js-custom-calendly-widget\" data-cal-url=\"https:\/\/calendly.com\/d\/cpj4-kv5-qmq\"><\/div>\n            <div class=\"js-calendly-consent-required-message\"><\/div>\n                  <\/div>\n      <\/div>\n    <\/div>\n    <div id=\"calendly-link-generator\" class=\"bg-blue-100 border border-blue-300 p-10 rounded mb-20 hidden\" data-nosnippet>\n    <p class=\"title text-20 mb-5 mt-0\">Calendly link generator<\/p>\n    <p><strong>Step 1.<\/strong> Go to the following website: <a href=\"https:\/\/calendly.com\/d\/cpj4-kv5-qmq\" target=\"_blank\" rel=\"noopener\">https:\/\/calendly.com\/d\/cpj4-kv5-qmq<\/a><\/p>\n    <p><strong>Step 2.<\/strong> Select the date and time, then copy the URL generated by Calendly. An example link should look like this: <code>https:\/\/calendly.com\/d\/cpj4-kv5-qmq\/2024-11-22T14:00:00+03:00?month=2024-11&date=2024-11-22<\/code><\/p>\n    <p><strong>Step 3.<\/strong> Paste the link into the form below and click the button to generate a link to the meeting on the Amnis website.<\/p>\n    <div class=\"flex gap-5\">\n      <input type=\"text\" id=\"calendly-link\" class=\"w-full border border-primary p-3\" placeholder=\"https:\/\/calendly.com\/d\/cpj4-kv5-qmq\/????-??-??T??:??:??+??:???month=????-??&#038;date=????-??-??\" value=\"\">\n      <button id=\"copy-calendly-link\" class=\"c-button c-button--primary\">Generate<\/button>\n    <\/div>\n    <p><strong>Step 4.<\/strong> Copy the link below and send to another person.<\/p>\n    <div>\n      <input type=\"text\" id=\"calendly-link-amnis\" class=\"w-full border border-primary p-3\" value=\"\" readonly>\n    <\/div>\n  <\/div>\n  <\/div>\n<\/div>","protected":false},"excerpt":{"rendered":"","protected":false},"author":23,"featured_media":0,"parent":0,"menu_order":0,"comment_status":"closed","ping_status":"closed","template":"","meta":{"_acf_changed":false,"footnotes":""},"class_list":["post-51973","page","type-page","status-publish","hentry"],"acf":[],"_links":{"self":[{"href":"https:\/\/amnistreasury.com\/pl\/wp-json\/wp\/v2\/pages\/51973","targetHints":{"allow":["GET"]}}],"collection":[{"href":"https:\/\/amnistreasury.com\/pl\/wp-json\/wp\/v2\/pages"}],"about":[{"href":"https:\/\/amnistreasury.com\/pl\/wp-json\/wp\/v2\/types\/page"}],"author":[{"embeddable":true,"href":"https:\/\/amnistreasury.com\/pl\/wp-json\/wp\/v2\/users\/23"}],"replies":[{"embeddable":true,"href":"https:\/\/amnistreasury.com\/pl\/wp-json\/wp\/v2\/comments?post=51973"}],"version-history":[{"count":5,"href":"https:\/\/amnistreasury.com\/pl\/wp-json\/wp\/v2\/pages\/51973\/revisions"}],"predecessor-version":[{"id":58367,"href":"https:\/\/amnistreasury.com\/pl\/wp-json\/wp\/v2\/pages\/51973\/revisions\/58367"}],"wp:attachment":[{"href":"https:\/\/amnistreasury.com\/pl\/wp-json\/wp\/v2\/media?parent=51973"}],"curies":[{"name":"wp","href":"https:\/\/api.w.org\/{rel}","templated":true}]}}