{"id":29900,"date":"2022-01-07T14:17:26","date_gmt":"2022-01-07T14:17:26","guid":{"rendered":"https:\/\/amnistreasury.com\/v2_regulamin_i_poltyka\/"},"modified":"2026-02-19T11:44:25","modified_gmt":"2026-02-19T11:44:25","slug":"regulamin-oraz-poltyka","status":"publish","type":"page","link":"https:\/\/amnistreasury.com\/pl\/regulamin-oraz-poltyka\/","title":{"rendered":"V2_Regulamin_i_poltyka"},"content":{"rendered":"\n<div  class=\"block-content-container blocks-wrap blocks-wrap--narrow alignfull block-color-variation--light default-block-padding default-block-padding-modified default-block-padding--top-medium default-block-padding--bottom-medium\">\n  \n\n<h2 class=\"wp-block-heading is-style-heading-2xl\">Regulamin i polityka<\/h2>\n\n\n\n<h2 class=\"wp-block-heading is-style-heading-l\">Warunki, zasady i polityki dotycz\u0105ce us\u0142ug amnis<\/h2>\n\n\n\n<p class=\"is-style-copy-2xl\">Poni\u017csze warunki s\u0142u\u017c\u0105 do jednoznacznego uregulowania zasad korzystania z us\u0142ug amnis. Uzyskuj\u0105c dost\u0119p do dowolnych us\u0142ug amnis, wyra\u017casz zgod\u0119 na prawnie wi\u0105\u017c\u0105cy charakter warunk\u00f3w u\u017cytkowania oraz zastrze\u017cenia prawnego zawartych w poni\u017cszych dokumentach PDF.<\/p>\n\n\n\n<div class=\" block-document-list not-typo links-styled mt-xl mb-2xl aligncontent\" >\n    <div class=\"document-list\">\n              <ul class=\"document-list__items flex flex-col gap-2xs\">\n                      <li class=\"document-list__item\">\n              <a class=\"document-list__link flex items-center gap-2xs text-l font-bold py-2xs\" href=\"https:\/\/amnistreasury.com\/wp-content\/uploads\/2024\/11\/Framework_Agreement_AMNIS_Europe_AG_EN_20241115.pdf\" target=\"_blank\" rel=\"noopener noreferrer\">\n                <img decoding=\"async\" src=\"https:\/\/amnistreasury.com\/wp-content\/themes\/hello-elementor\/assets\/images\/pdf-download.svg\" alt=\"PDF Download\" class=\"document-list__icon\" \/>\n                <span class=\"document-list__title\">Regulamin webapp<\/span>\n              <\/a>\n            <\/li>\n                      <li class=\"document-list__item\">\n              <a class=\"document-list__link flex items-center gap-2xs text-l font-bold py-2xs\" href=\"https:\/\/amnistreasury.com\/wp-content\/uploads\/2026\/01\/2026_01_amnis-Debit-Card-Terms-and-Conditions-EN.pdf\" target=\"_blank\" rel=\"noopener noreferrer\">\n                <img decoding=\"async\" src=\"https:\/\/amnistreasury.com\/wp-content\/themes\/hello-elementor\/assets\/images\/pdf-download.svg\" alt=\"PDF Download\" class=\"document-list__icon\" \/>\n                <span class=\"document-list__title\">Regulamin Debit Card<\/span>\n              <\/a>\n            <\/li>\n                      <li class=\"document-list__item\">\n              <a class=\"document-list__link flex items-center gap-2xs text-l font-bold py-2xs\" href=\"https:\/\/amnistreasury.com\/wp-content\/uploads\/2025\/06\/amnis_API-terms-and-conditions_EN.pdf\" target=\"_blank\" rel=\"noopener noreferrer\">\n                <img decoding=\"async\" src=\"https:\/\/amnistreasury.com\/wp-content\/themes\/hello-elementor\/assets\/images\/pdf-download.svg\" alt=\"PDF Download\" class=\"document-list__icon\" \/>\n                <span class=\"document-list__title\">Regulamin amnis API<\/span>\n              <\/a>\n            <\/li>\n                      <li class=\"document-list__item\">\n              <a class=\"document-list__link flex items-center gap-2xs text-l font-bold py-2xs\" href=\"https:\/\/amnistreasury.com\/wp-content\/uploads\/2025\/11\/EN_amnis_ai_use_statement.pdf\" target=\"_blank\" rel=\"noopener noreferrer\">\n                <img decoding=\"async\" src=\"https:\/\/amnistreasury.com\/wp-content\/themes\/hello-elementor\/assets\/images\/pdf-download.svg\" alt=\"PDF Download\" class=\"document-list__icon\" \/>\n                <span class=\"document-list__title\">O\u015bwiadczenie AI<\/span>\n              <\/a>\n            <\/li>\n                  <\/ul>\n          <\/div>\n<\/div>\n\n\n\n\n\n<h2 class=\"wp-block-heading is-style-heading-l\">Warunki korzystania z witryny internetowej amnis<\/h2>\n\n\n\n<p class=\"is-style-copy-2xl\">Poni\u017csze warunki s\u0142u\u017c\u0105 do jasnego uregulowania korzystania ze strony internetowej amnis. Wchodz\u0105c na t\u0119 stron\u0119 internetow\u0105 (<a href=\"https:\/\/amnistreasury.com\/pl\/\">www.amnistreasury.com<\/a>), zgadzasz si\u0119 na bycie zwi\u0105zanym prawnie warunkami u\u017cytkowania i akceptujesz wspomniane tutaj zastrze\u017cenia prawne.<\/p>\n\n\n\n<h2 class=\"wp-block-heading is-style-heading-l\">Tre\u015b\u0107<\/h2>\n\n\n\n<p>Wszystkie tre\u015bci przedstawione na stronie amnis s\u0142u\u017c\u0105 wy\u0142\u0105cznie celom informacyjnym. Nie nale\u017cy ich traktowa\u0107 jako reklamy lub wi\u0105\u017c\u0105cej oferty odp\u0142atnych us\u0142ug konsultingowych, chyba \u017ce wyra\u017anie wskazano inaczej. W odniesieniu do dok\u0142adno\u015bci, kompletno\u015bci, dost\u0119pno\u015bci, wiarygodno\u015bci informacji i funkcji na stronie amnis nie udziela si\u0119 \u017cadnej gwarancji, ani dorozumianej, ani wyra\u017anej, w szczeg\u00f3lno\u015bci w odniesieniu do gwarancji praw autorskich i innych praw, zbywalno\u015bci lub przydatno\u015bci do okre\u015blonego celu. Informacje udost\u0119pnione na stronie internetowej amnis nie zwalniaj\u0105 u\u017cytkownik\u00f3w z konieczno\u015bci podejmowania w\u0142asnych decyzji. amnis zastrzega sobie prawo do zmiany wszystkich tre\u015bci witryny bez wcze\u015bniejszego powiadomienia. amnis nie ma obowi\u0105zku aktualizowania informacji wy\u015bwietlanych na stronie.<\/p>\n\n\n\n<h2 class=\"wp-block-heading is-style-heading-l\">Formularz kontaktowy<\/h2>\n\n\n\n<p>Wype\u0142niaj\u0105c formularz kontaktowy na stronie amnis, u\u017cytkownicy wyra\u017caj\u0105 zgod\u0119 na otrzymywanie informacji drog\u0105 elektroniczn\u0105. Dotyczy to w szczeg\u00f3lno\u015bci subskrypcji newslettera lub alertu walutowego. Alert walutowy na stronie internetowej amnis s\u0142u\u017cy wy\u0142\u0105cznie celom informacyjnym. Powiadomienia nie stanowi\u0105 oferty ani rekomendacji.<\/p>\n\n\n\n<h2 class=\"wp-block-heading is-style-heading-l\">Wykluczenie odpowiedzialno\u015bci<\/h2>\n\n\n\n<p>W zakresie dopuszczonym przepisami prawa firma amnis i jej pracownicy nie ponosz\u0105 odpowiedzialno\u015bci za jakiekolwiek bezpo\u015brednie lub po\u015brednie straty, roszczenia z tytu\u0142u odpowiedzialno\u015bci cywilnej, koszty, \u017c\u0105dania, wydatki lub szkody jakiegokolwiek rodzaju wynikaj\u0105ce z korzystania, lub zwi\u0105zane z korzystaniem z niniejszej strony internetowej. Dotyczy to r\u00f3wnie\u017c szk\u00f3d spowodowanych zaniedbaniem lub przypadk\u00f3w, w kt\u00f3rych firma amnis zosta\u0142a poinformowana o mo\u017cliwo\u015bci wyst\u0105pienia takich konsekwencji.<\/p>\n\n\n\n<h2 class=\"wp-block-heading is-style-heading-l\">Linki<\/h2>\n\n\n\n<p>Strona internetowa amnis mo\u017ce zawiera\u0107 tre\u015bci os\u00f3b trzecich lub linki do stron internetowych os\u00f3b trzecich. amnis nie ma kontroli nad tre\u015bciami ani stronami internetowymi os\u00f3b trzecich, nie ponosi \u017cadnej odpowiedzialno\u015bci za takie tre\u015bci lub strony internetowe ani nie sk\u0142ada \u017cadnych o\u015bwiadcze\u0144 dotycz\u0105cych ich zawarto\u015bci. Dotyczy to tak\u017ce dok\u0142adno\u015bci, tre\u015bci, jako\u015bci lub wa\u017cno\u015bci tej witryny. amnis nie ponosi odpowiedzialno\u015bci szczeg\u00f3lnie za tre\u015bci lub strony internetowe os\u00f3b trzecich ani za strony internetowe, z kt\u00f3rymi strona amnis jest po\u0142\u0105czona lub kt\u00f3re s\u0105 wy\u015bwietlane w ramkach.<\/p>\n\n\n\n<h2 class=\"wp-block-heading is-style-heading-l\">Prawa w\u0142asno\u015bci intelektualnej<\/h2>\n\n\n\n<p>Wszelkie prawa, tytu\u0142y i roszczenia (\u0142\u0105cznie z prawami autorskimi, znakami towarowymi, patentami oraz innymi prawami w\u0142asno\u015bci intelektualnej i pozosta\u0142ymi) do wszystkich informacji i tre\u015bci (\u0142\u0105cznie z tekstem, danymi, grafik\u0105 i logo) na stronie internetowej amnis pozostaj\u0105 w posiadaniu amnis lub odpowiedniego w\u0142a\u015bciciela praw. Poszczeg\u00f3lne strony i\/lub cz\u0119\u015bci strony internetowej amnis mog\u0105 by\u0107 drukowane wy\u0142\u0105cznie do u\u017cytku osobistego lub wewn\u0119trznego i tylko w zakresie, w kt\u00f3rym odpowiedni wydruk zawiera wszystkie istotne odniesienia do praw autorskich i innych praw w\u0142asno\u015bci. U\u017cytkownicy strony nie mog\u0105 m.in. modyfikowa\u0107, kopiowa\u0107, przesy\u0142a\u0107, przekazywa\u0107, wystawia\u0107, prezentowa\u0107, powiela\u0107, publikowa\u0107, licencjonowa\u0107, u\u017cywa\u0107 jako ramki w serwisach internetowych, przekazywa\u0107, tworzy\u0107 dzie\u0142 zale\u017cnych lub wykorzystywa\u0107 w celach komercyjnych lub publicznych jakichkolwiek informacji, tekst\u00f3w, grafik, obraz\u00f3w, klip\u00f3w wideo, katalog\u00f3w baz danych ani list pochodz\u0105cych ze strony internetowej amnis, w ca\u0142o\u015bci lub w cz\u0119\u015bci, bez uprzedniej pisemnej zgody amnis. O ile firma amnis nie postanowi inaczej, zabrania si\u0119 systematycznego pobierania tre\u015bci ze strony internetowej amnis w celu bezpo\u015bredniego lub po\u015bredniego kompilowania kolekcji, bazy danych czy katalogu, lub tworzenia link\u00f3w do strony amnis.<\/p>\n\n\n\n<h2 class=\"wp-block-heading\">Klauzula salwatoryjna<\/h2>\n\n\n\n<p>Je\u017celi kt\u00f3rekolwiek z niniejszych warunk\u00f3w oka\u017c\u0105 si\u0119 nieskuteczne lub niewykonalne, lub stan\u0105 si\u0119 nieskuteczne albo niewykonalne po zawarciu umowy, wa\u017cno\u015b\u0107 pozosta\u0142ej cz\u0119\u015bci umowy pozostaje nienaruszona. Warunek nieskuteczny lub niewykonalny zostanie zast\u0105piony skutecznym i wykonalnym, kt\u00f3rego skutki b\u0119d\u0105 najbardziej zbli\u017cone do celu gospodarczego realizowanego przez strony umowy z warunkiem nieskutecznym lub niewykonalnym.<\/p>\n\n\n\n<div style=\"height:34px\" aria-hidden=\"true\" class=\"wp-block-spacer\"><\/div>\n\n\n\n<h2 class=\"wp-block-heading is-style-heading-2xl\">Znak firmowy wydawcy<\/h2>\n\n\n\n<p class=\"is-style-copy-2xl\"><a href=\"https:\/\/amnistreasury.com\/pl\/\">www.amnistreasury.com<\/a> to strona internetowa AMNIS Europe AG.<\/p>\n\n\n\n<h2 class=\"wp-block-heading is-style-heading-l\">Wydawca<\/h2>\n\n\n\n<p>AMNIS Europe AG<br>Gewerbeweg 15<br>FL-9490 Vaduz<br>Telefon: +41 44 515 87 90<br>Adres e-mail: info@amnistreasury.com<\/p>\n\n\n\n<h2 class=\"wp-block-heading is-style-heading-l\">Centralny Rejestr Przedsi\u0119biorstw<\/h2>\n\n\n\n<p><strong>Zarejestrowana nazwa firmy:<\/strong> AMNIS Europe AG<br><strong>UID: <\/strong>FL-0002.647.164-7<br><strong>Rejestr: <\/strong>F\u00fcrstentum Liechtenstein<br><strong>Dyrektor zarz\u0105dzaj\u0105cy:<\/strong> Michael W\u00fcst<br><br><br><strong>Zarejestrowana nazwa firmy: <\/strong>AMNIS Treasury Services Ltd<br><strong>UID: <\/strong>CHE-264.153.386<br><strong>Rejestr<\/strong>: Kanton Z\u00fcrich<br><strong>Dyrektor zarz\u0105dzaj\u0105cy: <\/strong>Michael W\u00fcst<\/p>\n\n\n\n<h2 class=\"wp-block-heading is-style-heading-l\">Prawa autorskie<\/h2>\n\n\n\n<p>Prawa autorskie i wszystkie inne prawa w\u0142asno\u015bci intelektualnej do tre\u015bci, obraz\u00f3w, zdj\u0119\u0107 lub innych plik\u00f3w na stronie nale\u017c\u0105 wy\u0142\u0105cznie do AMNIS Europe AG lub wyra\u017anie wskazanych w\u0142a\u015bcicieli praw. W celu powielania jakichkolwiek element\u00f3w nale\u017cy wcze\u015bniej uzyska\u0107 pisemn\u0105 zgod\u0119 w\u0142a\u015bcicieli praw autorskich.<\/p>\n\n\n<\/div>","protected":false},"excerpt":{"rendered":"","protected":false},"author":4,"featured_media":0,"parent":0,"menu_order":0,"comment_status":"closed","ping_status":"closed","template":"","meta":{"_acf_changed":false,"footnotes":""},"class_list":["post-29900","page","type-page","status-publish","hentry"],"acf":[],"_links":{"self":[{"href":"https:\/\/amnistreasury.com\/pl\/wp-json\/wp\/v2\/pages\/29900","targetHints":{"allow":["GET"]}}],"collection":[{"href":"https:\/\/amnistreasury.com\/pl\/wp-json\/wp\/v2\/pages"}],"about":[{"href":"https:\/\/amnistreasury.com\/pl\/wp-json\/wp\/v2\/types\/page"}],"author":[{"embeddable":true,"href":"https:\/\/amnistreasury.com\/pl\/wp-json\/wp\/v2\/users\/4"}],"replies":[{"embeddable":true,"href":"https:\/\/amnistreasury.com\/pl\/wp-json\/wp\/v2\/comments?post=29900"}],"version-history":[{"count":5,"href":"https:\/\/amnistreasury.com\/pl\/wp-json\/wp\/v2\/pages\/29900\/revisions"}],"predecessor-version":[{"id":83762,"href":"https:\/\/amnistreasury.com\/pl\/wp-json\/wp\/v2\/pages\/29900\/revisions\/83762"}],"wp:attachment":[{"href":"https:\/\/amnistreasury.com\/pl\/wp-json\/wp\/v2\/media?parent=29900"}],"curies":[{"name":"wp","href":"https:\/\/api.w.org\/{rel}","templated":true}]}}