{"id":22772,"date":"2021-10-20T06:30:52","date_gmt":"2021-10-20T06:30:52","guid":{"rendered":"https:\/\/amnistreasury.com\/v2_terms_and_policies_it\/"},"modified":"2026-02-19T11:42:01","modified_gmt":"2026-02-19T11:42:01","slug":"termini-e-condizioni","status":"publish","type":"page","link":"https:\/\/amnistreasury.com\/it\/termini-e-condizioni\/","title":{"rendered":"V2_Terms_and_Policies_IT"},"content":{"rendered":"\n<div  class=\"block-content-container blocks-wrap blocks-wrap--narrow alignfull block-color-variation--light default-block-padding default-block-padding-modified default-block-padding--top-medium default-block-padding--bottom-medium\">\n  \n\n<h2 class=\"wp-block-heading is-style-heading-2xl\">Termini e condizioni<\/h2>\n\n\n\n<h2 class=\"wp-block-heading is-style-heading-l\">Termini e condizioni per l&#8217;utilizzo dei servizi amnis<\/h2>\n\n\n\n<p class=\"is-style-copy-2xl\">Le seguenti condizioni servono a regolamentare in modo chiaro l\u2019utilizzo dei servizi amnis. Accedendo a qualsiasi servizio amnis, accetti l\u2019efficacia giuridicamente vincolante delle condizioni d\u2019uso e dell\u2019esonero di responsabilit\u00e0 indicati nei documenti PDF sottostanti.<\/p>\n\n\n\n<div class=\" block-document-list not-typo links-styled mt-xl mb-2xl aligncontent\" >\n    <div class=\"document-list\">\n              <ul class=\"document-list__items flex flex-col gap-2xs\">\n                      <li class=\"document-list__item\">\n              <a class=\"document-list__link flex items-center gap-2xs text-l font-bold py-2xs\" href=\"https:\/\/amnistreasury.com\/wp-content\/uploads\/2024\/11\/Framework_Agreement_AMNIS_Europe_AG_EN_20241115.pdf\" target=\"_blank\" rel=\"noopener noreferrer\">\n                <img decoding=\"async\" src=\"https:\/\/amnistreasury.com\/wp-content\/themes\/hello-elementor\/assets\/images\/pdf-download.svg\" alt=\"PDF Download\" class=\"document-list__icon\" \/>\n                <span class=\"document-list__title\">Termini WebApp<\/span>\n              <\/a>\n            <\/li>\n                      <li class=\"document-list__item\">\n              <a class=\"document-list__link flex items-center gap-2xs text-l font-bold py-2xs\" href=\"https:\/\/amnistreasury.com\/wp-content\/uploads\/2026\/01\/2026_01_amnis-Debit-Card-Terms-and-Conditions-EN.pdf\" target=\"_blank\" rel=\"noopener noreferrer\">\n                <img decoding=\"async\" src=\"https:\/\/amnistreasury.com\/wp-content\/themes\/hello-elementor\/assets\/images\/pdf-download.svg\" alt=\"PDF Download\" class=\"document-list__icon\" \/>\n                <span class=\"document-list__title\">Termini carta di debito<\/span>\n              <\/a>\n            <\/li>\n                      <li class=\"document-list__item\">\n              <a class=\"document-list__link flex items-center gap-2xs text-l font-bold py-2xs\" href=\"https:\/\/amnistreasury.com\/wp-content\/uploads\/2025\/06\/amnis_API-terms-and-conditions_EN.pdf\" target=\"_blank\" rel=\"noopener noreferrer\">\n                <img decoding=\"async\" src=\"https:\/\/amnistreasury.com\/wp-content\/themes\/hello-elementor\/assets\/images\/pdf-download.svg\" alt=\"PDF Download\" class=\"document-list__icon\" \/>\n                <span class=\"document-list__title\">Termini amnis API<\/span>\n              <\/a>\n            <\/li>\n                      <li class=\"document-list__item\">\n              <a class=\"document-list__link flex items-center gap-2xs text-l font-bold py-2xs\" href=\"https:\/\/amnistreasury.com\/wp-content\/uploads\/2025\/11\/EN_amnis_ai_use_statement.pdf\" target=\"_blank\" rel=\"noopener noreferrer\">\n                <img decoding=\"async\" src=\"https:\/\/amnistreasury.com\/wp-content\/themes\/hello-elementor\/assets\/images\/pdf-download.svg\" alt=\"PDF Download\" class=\"document-list__icon\" \/>\n                <span class=\"document-list__title\">Dichiarazione IA<\/span>\n              <\/a>\n            <\/li>\n                  <\/ul>\n          <\/div>\n<\/div>\n\n\n\n\n\n<h2 class=\"wp-block-heading is-style-heading-l\">Termini e condizioni per l&#8217;utilizzo del sito Web di amnis<\/h2>\n\n\n\n<p class=\"is-style-copy-2xl\">Le seguenti condizioni hanno il fine di regolare in maniera chiara l\u2019uso del sito Web di amnis. Accedendo al sito Web (<a href=\"https:\/\/amnistreasury.com\/it\/\">www.amnistreasury.com<\/a>) l\u2019utente acconsente agli effetti vincolanti dei termini di utilizzo e della limitazione di responsabilit\u00e0 menzionati nel presente documento.<\/p>\n\n\n\n<h2 class=\"wp-block-heading is-style-heading-l\">Contenuti<\/h2>\n\n\n\n<p>Tutti i contenuti del sito Web di amnis sono forniti a puro titolo informativo. Non devono essere considerati promozioni od offerte vincolanti per servizi di consulenza a pagamento, se non esplicitamente indicato altrimenti. In merito alla veridicit\u00e0, completezza, disponibilit\u00e0 e affidabilit\u00e0 delle informazioni e soluzioni presenti sul sito Web di amnis, non \u00e8 fornita alcuna garanzia implicita o espressa, in particolare relativamente a copyright e altri diritti, commerciabilit\u00e0 o adeguatezza a uno scopo specifico. Le informazioni fornite sul sito Web di amnis non esimono l&#8217;utente dalla necessit\u00e0 di prendere le proprie decisioni. amnis si riserva il diritto di modificare l&#8217;intero contenuto senza preavviso. amnis non \u00e8 obbligata ad aggiornare le informazioni fornite n\u00e9 a mantenerle aggiornate.<\/p>\n\n\n\n<h2 class=\"wp-block-heading is-style-heading-l\">Modulo contatti<\/h2>\n\n\n\n<p>Compilando il modulo contatti presente sul sito Web di amnis, gli utenti acconsentono a ricevere informazioni via e-mail. Ci\u00f2 vale in particolar modo per la sottoscrizione della newsletter o per gli avvisi relativi al tasso di cambio. L\u2019avviso relativo al tasso di cambio sul sito Web di amnis \u00e8 fornito a puro titolo informativo. Le notifiche non costituiscono offerte o consigli.<\/p>\n\n\n\n<h2 class=\"wp-block-heading is-style-heading-l\">Esclusione di responsabilit\u00e0<\/h2>\n\n\n\n<p>Nella misura consentita dalla legge, amnis e i suoi dipendenti non sono responsabili per perdite dirette o indirette, richieste di indennizzo, costi, pretese, spese o danni di alcun tipo derivanti da o collegati all\u2019uso del presente sito Web. Ci\u00f2 vale anche per eventuali danni causati da negligenza o casi in cui amnis fosse stata informata del possibile verificarsi di tali conseguenze.<\/p>\n\n\n\n<h2 class=\"wp-block-heading is-style-heading-l\">Link<\/h2>\n\n\n\n<p>Il sito Web di amnis pu\u00f2 presentare contenuti di terzi o link a siti Web di terzi. amnis non ha alcun controllo sui contenuti o sui siti Web di terzi, non si assume alcuna responsabilit\u00e0 per tali contenuti o siti Web e non rilascia garanzie in merito. Ci\u00f2 include anche l\u2019accuratezza, i contenuti, la qualit\u00e0 o la specificit\u00e0 di tali siti Web. In particolare, amnis non \u00e8 responsabile dei contenuti o dei siti Web di terzi o di siti Web cui il sito Web di amnis sia collegato o che siano visualizzati in finestre.<\/p>\n\n\n\n<h2 class=\"wp-block-heading is-style-heading-l\">Diritti di propriet\u00e0 intellettuale<\/h2>\n\n\n\n<p>Ogni titolo, diritto e interesse (inclusi copyright, marchi di fabbrica, brevetti, altri diritti di propriet\u00e0 intellettuale e altri diritti) a, per e derivante da tutte le informazioni e i contenuti (inclusi tutti i testi, dati, grafici e loghi) presenti sul sito Web di amnis rimane in capo ad amnis o al rispettivo titolare. Singole pagine e\/o parti del sito Web di amnis possono essere stampate esclusivamente a uso privato o interno e unicamente nella misura in cui le rispettive stampe contengano tutti i riferimenti specifici ai diritti di copyright e ad altri diritti di propriet\u00e0. Agli utenti \u00e8 fatto divieto, tra le altre cose, di modificare, copiare, inviare, trasferire, esibire, presentare, riprodurre, pubblicare, concedere in licenza, utilizzare come frame in siti Web, trasmettere, creare lavori derivanti da o utilizzare a fini commerciali o pubblici qualsiasi informazione, scritta, grafica, immagine, videoclip, directory, database o elenco che abbia origine sul sito di amnis, in tutto o in parte, in assenza del previo consenso scritto da parte di amnis. Se non altrimenti autorizzato da amnis, \u00e8 vietato richiamare sistematicamente contenuti dal sito Web di amnis per compilare direttamente o indirettamente una raccolta, un database o una directory o effettuare link al sito Web di amnis.<\/p>\n\n\n\n<h2 class=\"wp-block-heading\">Clausola salvatoria<\/h2>\n\n\n\n<p>Qualora una o pi\u00f9 disposizioni contenute nelle presenti condizioni d\u2019uso dovessero risultare o diventare inefficaci o inattuabili in seguito alla stipula del contratto, la validit\u00e0 della rimanente parte del contratto stesso rimarr\u00e0 inalterata. La condizione inefficace o inattuabile sar\u00e0 sostituita da una disposizione efficace e attuabile i cui effetti siano il pi\u00f9 possibile prossimi all\u2019obiettivo economico perseguito dalle parti con quella inefficace o inattuabile.<\/p>\n\n\n\n<div style=\"height:34px\" aria-hidden=\"true\" class=\"wp-block-spacer\"><\/div>\n\n\n\n<h2 class=\"wp-block-heading is-style-heading-2xl\">Stampa<\/h2>\n\n\n\n<p class=\"is-style-copy-2xl\"><a href=\"https:\/\/amnistreasury.com\/it\/\">www.amnistreasury.com<\/a>&nbsp;\u00e8 il sito Web di AMNIS Europe AG.<\/p>\n\n\n\n<h2 class=\"wp-block-heading is-style-heading-l\">Editore<\/h2>\n\n\n\n<p>AMNIS Europe AG<br>Gewerbeweg 15<br>FL-9490 Vaduz<br>Telefono: +41 44 515 87 90<br>Email: info@amnistreasury.com<\/p>\n\n\n\n<h2 class=\"wp-block-heading is-style-heading-l\">Central Business Name Index<\/h2>\n\n\n\n<p><strong>Nome registrato dell&#8217;azienda:<\/strong> AMNIS Europe AG<br><strong>UID:<\/strong> FL-0002.647.164-7<br><strong>Ufficio del Registro:<\/strong> F\u00fcrstentum Liechtenstein<br><strong>Direttore generale: <\/strong>Michael W\u00fcst<\/p>\n\n\n\n<p><strong>Nome registrato dell&#8217;azienda:<\/strong> AMNIS Treasury Services AG<br><strong>UID:<\/strong> CHE-264.153.386<br><strong>Ufficio del Registro:<\/strong> Kanton Z\u00fcrich<br><strong>Direttore generale: <\/strong>Michael W\u00fcst<\/p>\n\n\n\n<h2 class=\"wp-block-heading is-style-heading-l\">Copyrights<\/h2>\n\n\n\n<p>Il diritto di copyright e tutti gli altri diritti relativi a contenuti, immagini, fotografie o altri file presenti sul sito Web appartengono esclusivamente ad AMNIS Europe AG o agli specifici titolari del diritto stesso. Per la riproduzione di qualsiasi elemento, occorre ottenere il previo consenso scritto del titolare del diritto di copyright.<\/p>\n\n\n<\/div>","protected":false},"excerpt":{"rendered":"","protected":false},"author":4,"featured_media":0,"parent":0,"menu_order":0,"comment_status":"closed","ping_status":"closed","template":"","meta":{"_acf_changed":false,"footnotes":""},"class_list":["post-22772","page","type-page","status-publish","hentry"],"acf":[],"_links":{"self":[{"href":"https:\/\/amnistreasury.com\/it\/wp-json\/wp\/v2\/pages\/22772","targetHints":{"allow":["GET"]}}],"collection":[{"href":"https:\/\/amnistreasury.com\/it\/wp-json\/wp\/v2\/pages"}],"about":[{"href":"https:\/\/amnistreasury.com\/it\/wp-json\/wp\/v2\/types\/page"}],"author":[{"embeddable":true,"href":"https:\/\/amnistreasury.com\/it\/wp-json\/wp\/v2\/users\/4"}],"replies":[{"embeddable":true,"href":"https:\/\/amnistreasury.com\/it\/wp-json\/wp\/v2\/comments?post=22772"}],"version-history":[{"count":5,"href":"https:\/\/amnistreasury.com\/it\/wp-json\/wp\/v2\/pages\/22772\/revisions"}],"predecessor-version":[{"id":83760,"href":"https:\/\/amnistreasury.com\/it\/wp-json\/wp\/v2\/pages\/22772\/revisions\/83760"}],"wp:attachment":[{"href":"https:\/\/amnistreasury.com\/it\/wp-json\/wp\/v2\/media?parent=22772"}],"curies":[{"name":"wp","href":"https:\/\/api.w.org\/{rel}","templated":true}]}}