{"id":56108,"date":"2025-04-17T12:24:57","date_gmt":"2025-04-17T12:24:57","guid":{"rendered":"https:\/\/amnistreasury.com\/app-download\/"},"modified":"2025-11-15T11:49:23","modified_gmt":"2025-11-15T11:49:23","slug":"app-download","status":"publish","type":"page","link":"https:\/\/amnistreasury.com\/fr\/app-download\/","title":{"rendered":"App download"},"content":{"rendered":"<section  class=\"block-content-media alignfull default-block-padding default-block-padding-modified default-block-padding-modified-from-settings default-block-padding--top-default default-block-padding--bottom-default layout-content-media\">\n  <div class=\"container container--default-2024\">\n    <div class=\"grid grid-cols-12 gap-between-2-cols\">\n      <div class=\"media-content__content col-span-12 flex flex-col items-center  sm:col-span-6 sm:order-0 justify-center\">\n        <div class=\"w-full\">\n                      \n                          <h2 class=\"is-style-heading-2xl\">\n                Installez l\u2019<strong>application amnis<\/strong> sur votre appareil\n              <\/h2>\n            \n                          <div class=\"links-styled copy-l links-styled\"><p>T\u00e9l\u00e9chargez l\u2019app mobile sur votre plateforme pr\u00e9f\u00e9r\u00e9e:<\/p>\n<ul>\n<li><strong>iOS: <a href=\"https:\/\/apps.apple.com\/fr\/app\/amnis\/id6477830565\" target=\"_blank\" rel=\"noopener\">Disponible sur l\u2019App Store<\/a><\/strong><\/li>\n<li><strong>Android: <a href=\"https:\/\/play.google.com\/store\/apps\/details?id=com.amnistreasury.mobile&amp;hl=fr\" target=\"_blank\" rel=\"noopener\">Disponible sur Google Play<\/a><\/strong><\/li>\n<li><strong>Web: <a href=\"https:\/\/app.amnistreasury.com\/login?language=fr\">Accessible directement depuis votre navigateur<\/a><\/strong><\/li>\n<\/ul>\n<\/div>\n            \n                      \n          <div class=\"c-button-group c-button-group--spacing-medium hidden sm:flex\">\n                                                <div>\n                          <\/div>\n                    <\/div>\n                  <\/div>\n      <\/div>\n      <div class=\"media-content__media col-span-12 flex flex-col  sm:col-span-6 justify-center\">\n        <div class=\"w-full\">\n          <img decoding=\"async\" width=\"1037\" height=\"906\" src=\"https:\/\/amnistreasury.com\/wp-content\/uploads\/2025\/04\/amnis-app-on-phone-optimized-1.png\" class=\"w-full rounded-lg my-0\" alt=\"\" style=\"\" srcset=\"https:\/\/amnistreasury.com\/wp-content\/uploads\/2025\/04\/amnis-app-on-phone-optimized-1.png 1037w, https:\/\/amnistreasury.com\/wp-content\/uploads\/2025\/04\/amnis-app-on-phone-optimized-1-300x262.png 300w, https:\/\/amnistreasury.com\/wp-content\/uploads\/2025\/04\/amnis-app-on-phone-optimized-1-1024x895.png 1024w, https:\/\/amnistreasury.com\/wp-content\/uploads\/2025\/04\/amnis-app-on-phone-optimized-1-768x671.png 768w, https:\/\/amnistreasury.com\/wp-content\/uploads\/2025\/04\/amnis-app-on-phone-optimized-1-720x629.png 720w, https:\/\/amnistreasury.com\/wp-content\/uploads\/2025\/04\/amnis-app-on-phone-optimized-1-480x419.png 480w, https:\/\/amnistreasury.com\/wp-content\/uploads\/2025\/04\/amnis-app-on-phone-optimized-1-960x839.png 960w, https:\/\/amnistreasury.com\/wp-content\/uploads\/2025\/04\/amnis-app-on-phone-optimized-1-382x334.png 382w, https:\/\/amnistreasury.com\/wp-content\/uploads\/2025\/04\/amnis-app-on-phone-optimized-1-412x360.png 412w\" sizes=\"(max-width: 1037px) 100vw, 1037px\" \/>        <\/div>\n        <div class=\"c-button-group c-button-group--spacing-medium sm:hidden\">\n                            <\/div>\n      <\/div>\n    <\/div>\n  <\/div>\n<\/section>","protected":false},"excerpt":{"rendered":"","protected":false},"author":22,"featured_media":0,"parent":0,"menu_order":0,"comment_status":"closed","ping_status":"closed","template":"","meta":{"_acf_changed":false,"footnotes":"","rank_math_focus_keyword":""},"class_list":["post-56108","page","type-page","status-publish","hentry"],"acf":[],"_links":{"self":[{"href":"https:\/\/amnistreasury.com\/fr\/wp-json\/wp\/v2\/pages\/56108","targetHints":{"allow":["GET"]}}],"collection":[{"href":"https:\/\/amnistreasury.com\/fr\/wp-json\/wp\/v2\/pages"}],"about":[{"href":"https:\/\/amnistreasury.com\/fr\/wp-json\/wp\/v2\/types\/page"}],"author":[{"embeddable":true,"href":"https:\/\/amnistreasury.com\/fr\/wp-json\/wp\/v2\/users\/22"}],"replies":[{"embeddable":true,"href":"https:\/\/amnistreasury.com\/fr\/wp-json\/wp\/v2\/comments?post=56108"}],"version-history":[{"count":3,"href":"https:\/\/amnistreasury.com\/fr\/wp-json\/wp\/v2\/pages\/56108\/revisions"}],"predecessor-version":[{"id":79976,"href":"https:\/\/amnistreasury.com\/fr\/wp-json\/wp\/v2\/pages\/56108\/revisions\/79976"}],"wp:attachment":[{"href":"https:\/\/amnistreasury.com\/fr\/wp-json\/wp\/v2\/media?parent=56108"}],"curies":[{"name":"wp","href":"https:\/\/api.w.org\/{rel}","templated":true}]}}