{"id":22774,"date":"2021-10-20T06:40:05","date_gmt":"2021-10-20T06:40:05","guid":{"rendered":"https:\/\/amnistreasury.com\/v2_terms_and_policies_fr\/"},"modified":"2026-02-19T11:40:51","modified_gmt":"2026-02-19T11:40:51","slug":"mentions-legales","status":"publish","type":"page","link":"https:\/\/amnistreasury.com\/fr\/mentions-legales\/","title":{"rendered":"V2_Terms_and_Policies_FR"},"content":{"rendered":"\n<div  class=\"block-content-container blocks-wrap blocks-wrap--narrow alignfull block-color-variation--light default-block-padding default-block-padding-modified default-block-padding--top-medium default-block-padding--bottom-medium\">\n  \n\n<h2 class=\"wp-block-heading is-style-heading-2xl\">Mentions l\u00e9gales<\/h2>\n\n\n\n<h2 class=\"wp-block-heading is-style-heading-l\">Mentions l\u00e9gales de l&rsquo;amnis WebApp<\/h2>\n\n\n\n<p class=\"is-style-copy-2xl\">Les conditions suivantes visent \u00e0 r\u00e9glementer l\u2019utilisation de l\u2019amnis WebApp. En acc\u00e9dant \u00e0 la WebApp (<a href=\"https:\/\/app.amnistreasury.com\/login\">app.amnistreasury.com<\/a>), vous acceptez l\u2019effet juridiquement contraignant des conditions d\u2019utilisation et exclusions de responsabilit\u00e9 mentionn\u00e9es dans les PDF ci-dessous.<\/p>\n\n\n\n<div class=\" block-document-list not-typo links-styled mt-xl mb-2xl aligncontent\" >\n    <div class=\"document-list\">\n              <ul class=\"document-list__items flex flex-col gap-2xs\">\n                      <li class=\"document-list__item\">\n              <a class=\"document-list__link flex items-center gap-2xs text-l font-bold py-2xs\" href=\"https:\/\/amnistreasury.com\/wp-content\/uploads\/2024\/11\/Framework_Agreement_AMNIS_Europe_AG_EN_20241115.pdf\" target=\"_blank\" rel=\"noopener noreferrer\">\n                <img decoding=\"async\" src=\"https:\/\/amnistreasury.com\/wp-content\/themes\/hello-elementor\/assets\/images\/pdf-download.svg\" alt=\"PDF Download\" class=\"document-list__icon\" \/>\n                <span class=\"document-list__title\">Mentions Webapp<\/span>\n              <\/a>\n            <\/li>\n                      <li class=\"document-list__item\">\n              <a class=\"document-list__link flex items-center gap-2xs text-l font-bold py-2xs\" href=\"https:\/\/amnistreasury.com\/wp-content\/uploads\/2026\/01\/2026_01_amnis-Debit-Card-Terms-and-Conditions-EN.pdf\" target=\"_blank\" rel=\"noopener noreferrer\">\n                <img decoding=\"async\" src=\"https:\/\/amnistreasury.com\/wp-content\/themes\/hello-elementor\/assets\/images\/pdf-download.svg\" alt=\"PDF Download\" class=\"document-list__icon\" \/>\n                <span class=\"document-list__title\">Mentions carte de d\u00e9bit<\/span>\n              <\/a>\n            <\/li>\n                      <li class=\"document-list__item\">\n              <a class=\"document-list__link flex items-center gap-2xs text-l font-bold py-2xs\" href=\"https:\/\/amnistreasury.com\/wp-content\/uploads\/2025\/09\/amnis_API-terms-and-conditions-EN.pdf\" target=\"_blank\" rel=\"noopener noreferrer\">\n                <img decoding=\"async\" src=\"https:\/\/amnistreasury.com\/wp-content\/themes\/hello-elementor\/assets\/images\/pdf-download.svg\" alt=\"PDF Download\" class=\"document-list__icon\" \/>\n                <span class=\"document-list__title\">Mentions amnis api<\/span>\n              <\/a>\n            <\/li>\n                      <li class=\"document-list__item\">\n              <a class=\"document-list__link flex items-center gap-2xs text-l font-bold py-2xs\" href=\"https:\/\/amnistreasury.com\/wp-content\/uploads\/2025\/11\/EN_amnis_ai_use_statement.pdf\" target=\"_blank\" rel=\"noopener noreferrer\">\n                <img decoding=\"async\" src=\"https:\/\/amnistreasury.com\/wp-content\/themes\/hello-elementor\/assets\/images\/pdf-download.svg\" alt=\"PDF Download\" class=\"document-list__icon\" \/>\n                <span class=\"document-list__title\">D\u00e9claration IA<\/span>\n              <\/a>\n            <\/li>\n                  <\/ul>\n          <\/div>\n<\/div>\n\n\n\n\n\n<h2 class=\"wp-block-heading is-style-heading-l\">Mentions l\u00e9gales du site Web amnis<\/h2>\n\n\n\n<p class=\"is-style-copy-2xl\">Les conditions suivantes visent \u00e0 r\u00e9glementer l\u2019utilisation du site Web d\u2019amnis. En acc\u00e9dant au site Web (<a href=\"https:\/\/amnistreasury.com\/fr\/\">www.amnistreasury.com<\/a>), vous acceptez l\u2019effet juridiquement contraignant des conditions d\u2019utilisation et exclusions de responsabilit\u00e9 \u00e9nonc\u00e9es ci-apr\u00e8s.<\/p>\n\n\n\n<h2 class=\"wp-block-heading is-style-heading-l\">Contenu<\/h2>\n\n\n\n<p>Tous les contenus publi\u00e9s sur le site Web d&rsquo;amnis sont fournis uniquement \u00e0 titre informatif. Ils ne doivent pas \u00eatre consid\u00e9r\u00e9s comme du mat\u00e9riel publicitaire ni comme des offres contraignantes de services consultatifs payants, sauf mention explicite contraire. Aucune garantie, expresse ou implicite, n&rsquo;est donn\u00e9e quant \u00e0 l&rsquo;exactitude, l&rsquo;exhaustivit\u00e9, la disponibilit\u00e9 et la fiabilit\u00e9 des informations et solutions fournies sur le site Web d&rsquo;amnis, en particulier concernant la garantie des droits d&rsquo;auteurs et autres droits, la qualit\u00e9 marchande ou l&rsquo;adaptation \u00e0 un usage sp\u00e9cifique. Les informations fournies sur le site Web d&rsquo;amnis ne dispensent nullement les utilisateurs de prendre leurs propres d\u00e9cisions. amnis se r\u00e9serve le droit de modifier tous les contenus sans avis pr\u00e9alable. amnis n&rsquo;est pas tenu de mettre \u00e0 jour les informations publi\u00e9es ni de les tenir \u00e0 jour.<\/p>\n\n\n\n<h2 class=\"wp-block-heading is-style-heading-l\">Formulaires de contact<\/h2>\n\n\n\n<p>En remplissant un formulaire de contact sur le site Web d\u2019amnis, les utilisateurs acceptent de recevoir des informations par e-mail. Cela vaut particuli\u00e8rement pour l\u2019inscription aux mat\u00e9riels marketing tel que la newsletter ou l\u2019alerte sur le taux de change. L\u2019alerte sur le taux de change disponible sur le site Web d\u2019amnis est fournie uniquement \u00e0 titre informatif. Les notifications ne constituent pas des offres ni des recommandations.<\/p>\n\n\n\n<h2 class=\"wp-block-heading is-style-heading-l\">Exclusion de responsabilit\u00e9<\/h2>\n\n\n\n<p>Dans la mesure autoris\u00e9e par la loi, amnis et ses employ\u00e9s ne peuvent \u00eatre tenus responsables des pertes directes ou indirectes, r\u00e9clamations en mati\u00e8re de responsabilit\u00e9, frais, litiges, d\u00e9penses ou dommages de quelque nature que ce soit r\u00e9sultant de ou en lien avec l\u2019utilisation du pr\u00e9sent site Web. Cette disposition s\u2019applique \u00e9galement aux dommages caus\u00e9s par une n\u00e9gligence ou aux cas o\u00f9 amnis a \u00e9t\u00e9 inform\u00e9e de la possibilit\u00e9 de telles cons\u00e9quences.<\/p>\n\n\n\n<h2 class=\"wp-block-heading is-style-heading-l\">Liens<\/h2>\n\n\n\n<p>Le site Web d\u2019amnis est susceptible de contenir des contenus tiers ou des liens vers des sites Web tiers. amnis n\u2019exerce aucun contr\u00f4le sur les contenus ou sites Web tiers et se d\u00e9gage de toute responsabilit\u00e9 quant \u00e0 ces contenus ou sites Web, et ne fait aucune d\u00e9claration \u00e0 cet \u00e9gard, y compris concernant l\u2019exactitude, le contenu, la qualit\u00e9 ou la pertinence desdits sites Web. En particulier, amnis n\u2019assume aucune responsabilit\u00e9 quant aux contenus ou sites Web tiers ou aux sites Web en lien avec le site amnis ou affich\u00e9s dans des fen\u00eatres.<\/p>\n\n\n\n<h2 class=\"wp-block-heading is-style-heading-l\">Droits de propri\u00e9t\u00e9 intellectuelle<\/h2>\n\n\n\n<p>Tous les droits, titres et revendications (y compris les droits d\u2019auteur, droits commerciaux, brevets et autres types de propri\u00e9t\u00e9 intellectuelle ou autres droits) sur, pour et issus de toute information et tout contenu (y compris les textes, donn\u00e9es, graphiques et logos) publi\u00e9s sur le site Web d\u2019amnis demeurent la propri\u00e9t\u00e9 d\u2019amnis ou des d\u00e9tenteurs des droits respectifs. Les pages et\/ou parties du site Web d\u2019amnis peuvent uniquement \u00eatre imprim\u00e9es pour usage priv\u00e9 ou interne et uniquement dans la mesure o\u00f9 les impressions respectives contiennent toutes les r\u00e9f\u00e9rences pertinentes aux droits d\u2019auteur et autres droits de propri\u00e9t\u00e9. Entre autres, les utilisateurs ne sont pas autoris\u00e9s \u00e0 modifier, copier, envoyer, transmettre, afficher, pr\u00e9senter, reproduire, publier, conc\u00e9der sous licence, utiliser dans un cadre sur des sites Web, transf\u00e9rer, cr\u00e9er des \u0153uvres d\u00e9riv\u00e9es ou utiliser \u00e0 des fins commerciales ou publiques les informations, textes, graphiques, images, clips vid\u00e9os, r\u00e9pertoires, bases de donn\u00e9es ou listes provenant du site Web d\u2019amnis, en totalit\u00e9 ou en partie, sans l\u2019autorisation pr\u00e9alable \u00e9crite d\u2019amnis. Sauf autorisation contraire d\u2019amnis, il est interdit d\u2019extraire syst\u00e9matiquement des contenus du site Web d\u2019amnis afin de constituer, directement ou indirectement, une collection, une base de donn\u00e9e ou un r\u00e9pertoire ou d\u2019\u00e9tablir un lien vers le site Web d\u2019amnis.<\/p>\n\n\n\n<h2 class=\"wp-block-heading\">Divisibilit\u00e9<\/h2>\n\n\n\n<p>Si certaines dispositions des pr\u00e9sentes conditions d\u2019utilisation sont inapplicables ou inex\u00e9cutables ou le deviennent apr\u00e8s la conclusion du contrat, le reste de l\u2019accord demeure pleinement valide. La disposition inapplicable ou inex\u00e9cutable sera remplac\u00e9e par une disposition applicable et ex\u00e9cutable dont les r\u00e9sultats seront aussi proches que possible des objectifs \u00e9conomiques vis\u00e9s par les parties contractantes \u00e0 travers la disposition inapplicable ou inex\u00e9cutable.<\/p>\n\n\n\n<div style=\"height:34px\" aria-hidden=\"true\" class=\"wp-block-spacer\"><\/div>\n\n\n\n<h2 class=\"wp-block-heading is-style-heading-2xl\">Impression<\/h2>\n\n\n\n<p class=\"is-style-copy-2xl\"><a href=\"https:\/\/amnistreasury.com\/fr\/\">www.amnistreasury.com<\/a>&nbsp;est le site Web d\u2019AMNIS Europe AG.<\/p>\n\n\n\n<h2 class=\"wp-block-heading is-style-heading-l\">\u00c9diteur<\/h2>\n\n\n\n<p>AMNIS Europe AG<br>Gewerbeweg 15<br>FL-9490 Vaduz<br>T\u00e9l\u00e9phone: +41 44 515 87 90<br>Email: info@amnistreasury.com<\/p>\n\n\n\n<h2 class=\"wp-block-heading is-style-heading-l\">Index central des raisons de commerce<\/h2>\n\n\n\n<p><strong>Nom commercial d\u00e9pos\u00e9:<\/strong> AMNIS Europe AG<br><strong>UID:<\/strong> FL-0002.647.164-7<br><strong>Bureau d&rsquo;enregistrement: <\/strong>F\u00fcrstentum Liechtenstein<br><strong>Directeur g\u00e9n\u00e9ral: <\/strong>Michael W\u00fcst<\/p>\n\n\n\n<p><strong>Nom commercial d\u00e9pos\u00e9: <\/strong>AMNIS Treasury Services SA<br><strong>UID:<\/strong> CHE-264.153.386<br><strong>Bureau d&rsquo;enregistrement: <\/strong>Kanton Z\u00fcrich<br><strong>Directeur g\u00e9n\u00e9ral: <\/strong>Michael W\u00fcst<\/p>\n\n\n\n<h2 class=\"wp-block-heading is-style-heading-l\">Droits d&rsquo;auteur<\/h2>\n\n\n\n<p>Les droits d&rsquo;auteur et autres droits relatifs au contenu, aux images, photos ou autres fichiers du site Web appartiennent exclusivement \u00e0 AMNIS Europe AG ou aux titulaires des droits sp\u00e9cifiquement mentionn\u00e9s. Toute reproduction est soumise \u00e0 l&rsquo;obtention du consentement \u00e9crit pr\u00e9alable des titulaires des droits d&rsquo;auteur.<\/p>\n\n\n<\/div>","protected":false},"excerpt":{"rendered":"","protected":false},"author":4,"featured_media":0,"parent":0,"menu_order":0,"comment_status":"closed","ping_status":"closed","template":"","meta":{"_acf_changed":false,"footnotes":""},"class_list":["post-22774","page","type-page","status-publish","hentry"],"acf":[],"_links":{"self":[{"href":"https:\/\/amnistreasury.com\/fr\/wp-json\/wp\/v2\/pages\/22774","targetHints":{"allow":["GET"]}}],"collection":[{"href":"https:\/\/amnistreasury.com\/fr\/wp-json\/wp\/v2\/pages"}],"about":[{"href":"https:\/\/amnistreasury.com\/fr\/wp-json\/wp\/v2\/types\/page"}],"author":[{"embeddable":true,"href":"https:\/\/amnistreasury.com\/fr\/wp-json\/wp\/v2\/users\/4"}],"replies":[{"embeddable":true,"href":"https:\/\/amnistreasury.com\/fr\/wp-json\/wp\/v2\/comments?post=22774"}],"version-history":[{"count":5,"href":"https:\/\/amnistreasury.com\/fr\/wp-json\/wp\/v2\/pages\/22774\/revisions"}],"predecessor-version":[{"id":83759,"href":"https:\/\/amnistreasury.com\/fr\/wp-json\/wp\/v2\/pages\/22774\/revisions\/83759"}],"wp:attachment":[{"href":"https:\/\/amnistreasury.com\/fr\/wp-json\/wp\/v2\/media?parent=22774"}],"curies":[{"name":"wp","href":"https:\/\/api.w.org\/{rel}","templated":true}]}}