{"id":21249,"date":"2021-10-15T08:50:25","date_gmt":"2021-10-15T08:50:25","guid":{"rendered":"https:\/\/amnistreasury.com\/v2_currency_market_overview\/"},"modified":"2025-11-25T14:42:52","modified_gmt":"2025-11-25T14:42:52","slug":"marche-des-devises","status":"publish","type":"page","link":"https:\/\/amnistreasury.com\/fr\/marche-des-devises\/","title":{"rendered":"V2_CURRENCY_MARKET_OVERVIEW_FR"},"content":{"rendered":"<section  class=\"block-content-media alignfull default-block-padding default-block-padding-modified default-block-padding-modified-from-settings default-block-padding--top-default default-block-padding--bottom-none layout-content-media\">\n  <div class=\"container container--default-2024\">\n    <div class=\"grid grid-cols-12 gap-between-2-cols\">\n      <div class=\"media-content__content col-span-12 flex flex-col items-center  sm:col-span-6 sm:order-0 justify-center\">\n        <div class=\"w-full\">\n                      \n                          <h2 class=\"is-style-heading-2xl\">\n                Donn\u00e9es sur le <strong>march\u00e9 des devises<\/strong> \u00e0 la minute pr\u00e8s, en un coup d\u2019\u0153il\n              <\/h2>\n            \n                          <div class=\"links-styled copy-l links-styled\"><p>Cette page est con\u00e7ue pour vous permettre de rester informer des derni\u00e8res tendances, d\u2019identifier les opportunit\u00e9es et les risques et ainsi optimiser vos op\u00e9rations de change.<\/p>\n<\/div>\n            \n                      \n          <div class=\"c-button-group c-button-group--spacing-medium hidden sm:flex\">\n                                                <div>\n                          <\/div>\n                    <\/div>\n                  <\/div>\n      <\/div>\n      <div class=\"media-content__media col-span-12 flex flex-col  sm:col-span-6 justify-center\">\n        <div class=\"w-full\">\n          <img decoding=\"async\" width=\"3558\" height=\"2032\" src=\"https:\/\/amnistreasury.com\/wp-content\/uploads\/2022\/05\/Exchangemarket_FR-3.png\" class=\"w-full rounded-lg my-0\" alt=\"March\u00e9 des devises\" style=\"\" srcset=\"https:\/\/amnistreasury.com\/wp-content\/uploads\/2022\/05\/Exchangemarket_FR-3.png 3558w, https:\/\/amnistreasury.com\/wp-content\/uploads\/2022\/05\/Exchangemarket_FR-3-300x171.png 300w, https:\/\/amnistreasury.com\/wp-content\/uploads\/2022\/05\/Exchangemarket_FR-3-1024x585.png 1024w, https:\/\/amnistreasury.com\/wp-content\/uploads\/2022\/05\/Exchangemarket_FR-3-768x439.png 768w, https:\/\/amnistreasury.com\/wp-content\/uploads\/2022\/05\/Exchangemarket_FR-3-1536x877.png 1536w, https:\/\/amnistreasury.com\/wp-content\/uploads\/2022\/05\/Exchangemarket_FR-3-2048x1170.png 2048w\" sizes=\"(max-width: 3558px) 100vw, 3558px\" \/>        <\/div>\n        <div class=\"c-button-group c-button-group--spacing-medium sm:hidden\">\n                            <\/div>\n      <\/div>\n    <\/div>\n  <\/div>\n<\/section>\r\n\r\n\n<div  class=\"block-content-container blocks-wrap blocks-wrap--default alignfull block-color-variation--light default-block-padding default-block-padding-modified default-block-padding-modified-from-settings default-block-padding--top-small default-block-padding--bottom-default\">\n  \r\n\r\n<div class=\"tradingview-widget-container\">\r\n<div class=\"tradingview-widget-container__widget\"><\/div>\r\n<script type=\"text\/javascript\" src=\"https:\/\/s3.tradingview.com\/external-embedding\/embed-widget-ticker-tape.js\" async>\r\n                    {\r\n                        \"symbols\": [\r\n                        {\r\n                            \"description\": \"EUR\/CHF\",\r\n                            \"proName\": \"FOREXCOM:EURCHF\"\r\n                        },\r\n                        {\r\n                            \"description\": \"USD\/CHF\",\r\n                            \"proName\": \"FOREXCOM:USDCHF\"\r\n                        },\r\n                        {\r\n                            \"description\": \"GBP\/CHF\",\r\n                            \"proName\": \"FOREXCOM:GBPCHF\"\r\n                        },\r\n                        {\r\n                            \"description\": \"EUR\/USD\",\r\n                            \"proName\": \"FOREXCOM:EURUSD\"\r\n                        },\r\n                        {\r\n                            \"description\": \"EUR\/GBP\",\r\n                            \"proName\": \"FOREXCOM:EURGBP\"\r\n                        },\r\n                        {\r\n                            \"description\": \"GBP\/USD\",\r\n                            \"proName\": \"FOREXCOM:GBPUSD\"\r\n                        },\r\n                        {\r\n                            \"description\": \"EUR\/CZK\",\r\n                            \"proName\": \"FOREXCOM:EURCZK\"\r\n                        },\r\n                        {\r\n                            \"description\": \"USD\/CZK\",\r\n                            \"proName\": \"FOREXCOM:USDCZK\"\r\n                        },\r\n                        {\r\n                            \"description\": \"EUR\/PLN\",\r\n                            \"proName\": \"FOREXCOM:EURPLN\"\r\n                        },\r\n                        {\r\n                            \"description\": \"USD\/PLN\",\r\n                            \"proName\": \"FOREXCOM:USDPLN\"\r\n                        },\r\n                        {\r\n                            \"description\": \"JPY\/CHF\",\r\n                            \"proName\": \"FX_IDC:JPYCHF\"\r\n                        },\r\n                        {\r\n                            \"description\": \"CHF\/HUF\",\r\n                            \"proName\": \"FOREXCOM:CHFHUF\"\r\n                        },\r\n                        {\r\n                            \"description\": \"CHF\/SEK\",\r\n                            \"proName\": \"FX_IDC:CHFSEK\"\r\n                        },\r\n                        {\r\n                            \"description\": \"CHF\/CAD\",\r\n                            \"proName\": \"FX_IDC:CHFCAD\"\r\n                        },\r\n                        {\r\n                            \"description\": \"CHF\/NOK\",\r\n                            \"proName\": \"FOREXCOM:CHFNOK\"\r\n                        },\r\n                        {\r\n                            \"description\": \"CHF\/HKD\",\r\n                            \"proName\": \"FX_IDC:CHFHKD\"\r\n                        },\r\n                        {\r\n                            \"description\": \"CHF\/ZAR\",\r\n                            \"proName\": \"FX_IDC:CHFZAR\"\r\n                        }\r\n                    ],\r\n                        \"showSymbolLogo\": true,\r\n                        \"colorTheme\": \"light\",\r\n                        \"largeChartUrl\": \"https:\/\/amnistreasury.com\/currency_market_overview\/\",\r\n                        \"isTransparent\": false,\r\n                        \"displayMode\": \"regular\",\r\n                        \"locale\": \"en\"\r\n                    }\r\n                <\/script>\r\n<script>\r\n                    jQuery(document).ready(function(){\r\n                        if(jQuery(location).attr('href').indexOf(\"tvwidgetsymbol\") != -1){\r\n                            jQuery('html, body').animate({\r\n                                scrollTop: jQuery(\"#anchor1\").offset().top\r\n                            }, {\r\n                                duration: 370,\r\n                                easing: \"linear\"\r\n                            });\r\n                        }\r\n                    })\r\n                <\/script>\r\n\r\n<\/div>\r\n\r\n\n<\/div>\r\n\r\n<div  class=\"features-block  alignfull block-color-variation--white default-block-padding default-block-padding-modified default-block-padding-modified-from-settings default-block-padding--top-medium default-block-padding--bottom-medium\">\n<div class=\"container container--default-2024\">\n      \n<div class=\"headline-area-wrap headline-area-wrap--centered headline-area-wrap--margin-bottom-sm \">\n\n  <div class=\"content-wrap gap-content-xs\">\n    \n    <div class=\"content-wrap gap-content-s\">\n              <h2 class=\"is-style-heading-xl mt-0\">\n          March\u00e9 des devises\n        <\/h2>\n      \n              <div class=\"copy-l p-reset\">\n          <p>Acc\u00e9dez aux derni\u00e8res \u00e9volutions du march\u00e9 et faites-vous votre propre opinion avant d\u2019\u00e9changer des devises<\/p>\n        <\/div>\n          <\/div>\n  <\/div>\n<\/div>\n    \n          <div>\n      <div class=\"grid grid-cols-1 md:grid-cols-2 gap-between-2-cols\">\n        <div class=\"md:col-span-1  flex flex-col h-full justify-center\">\n                     \n                      <div>\n              <div class=\"content-wrap gap-content-s mb-4 md:mb-0\">\n                                  \n                                      <div class=\"copy-l p-reset\">\n                      <div class=\"w-full\">\n<div class=\"tradingview-widget-container\">\n<div id=\"tradingview_124cc\"><\/div>\n<p><script type=\"text\/javascript\" src=\"https:\/\/s3.tradingview.com\/tv.js\"><\/script><br \/>\n<script type=\"text\/javascript\">\n  new TradingView.widget(\n  {\n  \"width\": \"100%\",\n  \"height\": 464,\n  \"symbol\": \"FOREXCOM:EURCHF\",\n  \"interval\": \"D\",\n  \"timezone\": \"Etc\/UTC\",\n  \"theme\": \"light\",\n  \"style\": \"1\",\n  \"locale\": \"en\",\n  \"toolbar_bg\": \"#f1f3f6\",\n  \"enable_publishing\": false,\n  \"allow_symbol_change\": true,\n  \"container_id\": \"tradingview_124cc\"\n}\n  );\n  <\/script>\n<\/div>\n<\/div>\n                    <\/div>\n                                <\/div>\n            <\/div>\n                  <\/div>\n        <div class=\"md:col-span-1 flex flex-col h-full justify-center\">\n                                <div class=\"content-wrap gap-content-s\">\n                                  <div class=\"rounded-m p-l mini-card w-full\">\n              <div class=\"flex items-start gap-content-l\">\n                    <div>\n            <div class=\"flex items-start\">\n                                                                <svg class=\"flex-shrink-0\" width=\"32\" height=\"32\" viewBox=\"0 0 32 32\" fill=\"none\" xmlns=\"http:\/\/www.w3.org\/2000\/svg\">\n                    <mask id=\"mask0_40000083_413\" style=\"mask-type:alpha\" maskUnits=\"userSpaceOnUse\" x=\"0\" y=\"0\" width=\"32\" height=\"32\">\n                      <rect width=\"32\" height=\"32\" fill=\"#D9D9D9\"\/>\n                    <\/mask>\n                    <g mask=\"url(#mask0_40000083_413)\">\n                      <path d=\"M12.7334 23.5384L5.62061 16.4256L7.04624 15L12.7334 20.6872L24.9539 8.46667L26.3795 9.89228L12.7334 23.5384Z\" fill=\"#18AB7F\"\/>\n                    <\/g>\n                  <\/svg>\n                              \n              <div class=\"is-style-heading-s mt-0 md:mb-0 font-semibold  mini-card__header ml-[10px]\"> Ne ratez plus jamais les opportunit\u00e9s en mati\u00e8re de devises.\n<\/div>\n            <\/div>\n                          <div class=\"p-reset mt-1 copy-s mini-card__text pl-[43px]\">\n                <p>Les march\u00e9s des devises ne sont jamais immobiles.<br \/>\nD\u00e9finissez une alerte de taux quotidienne ou personnalis\u00e9e, et nous vous en informerons par courrier \u00e9lectronique &#8211; chaque matin ou d\u00e8s que les march\u00e9s seront l\u00e0 o\u00f9 vous le souhaitez.<\/p>\n              <\/div>\n                      <\/div>\n        <\/div>\n          <\/div>\n                              <\/div>\n                        <div class=\"c-button-group \">\n               <a class=\"c-button c-button--primary c-button--full-width-tablet\" href=\"https:\/\/app.amnistreasury.com\/create-an-alert-account?language=fr\" >INSCRIVEZ-VOUS GRATUITEMENT<\/a>\n                <\/div>\n            <\/div>\n      <\/div>\n    <\/div>\n  <\/div>\n\n\n<\/div>\r\n\r\n\n<div  class=\"block-content-container blocks-wrap blocks-wrap--default alignfull block-color-variation--light default-block-padding default-block-padding-modified default-block-padding-modified-from-settings default-block-padding--top-medium default-block-padding--bottom-medium\">\n  \r\n\r\n<h3 class=\"wp-block-heading is-style-heading-xl\">Donn\u00e9es&nbsp;du march\u00e9<\/h3>\r\n\r\n\r\n\r\n<p class=\"is-style-copy-l\">Obtenez un aper\u00e7u de l&rsquo;\u00e9volution des taux de change, y compris <br>les valeurs de changement, les taux d&rsquo;ouverture, les taux maximums <br>et les taux minimums pour les paires de devises s\u00e9lectionn\u00e9es.<\/p>\r\n\r\n\r\n\r\n<div style=\"height:24px\" aria-hidden=\"true\" class=\"wp-block-spacer\"><\/div>\r\n\r\n\r\n\r\n<!-- TradingView Widget BEGIN -->\r\n<div class=\"tradingview-widget-container\">\r\n  <div class=\"tradingview-widget-container__widget\"><\/div>\r\n  <script type=\"text\/javascript\" src=\"https:\/\/s3.tradingview.com\/external-embedding\/embed-widget-market-quotes.js\" async>\r\n  {\r\n  \"width\": \"100%\",\r\n  \"height\": \"520\",\r\n  \"symbolsGroups\": [\r\n    {\r\n      \"name\": \"Main Currencies\",\r\n      \"originalName\": \"Forex\",\r\n      \"symbols\": [\r\n        {\r\n          \"name\": \"OANDA:EURCHF\",\r\n          \"displayName\": \"EURCHF\"\r\n        },\r\n        {\r\n          \"name\": \"OANDA:USDCHF\",\r\n          \"displayName\": \"USDCHF\"\r\n        },\r\n        {\r\n          \"name\": \"OANDA:GBPCHF\",\r\n          \"displayName\": \"GBPCHF\"\r\n        },\r\n        {\r\n          \"name\": \"OANDA:EURUSD\",\r\n          \"displayName\": \"EURUSD\"\r\n        },\r\n        {\r\n          \"name\": \"OANDA:EURGBP\",\r\n          \"displayName\": \"EURGBP\"\r\n        },\r\n        {\r\n          \"name\": \"OANDA:GBPUSD\",\r\n          \"displayName\": \"GBPUSD\"\r\n        },\r\n        {\r\n          \"name\": \"FOREXCOM:EURCZK\",\r\n          \"displayName\": \"EURCZK\"\r\n        },\r\n        {\r\n          \"name\": \"FOREXCOM:USDCZK\",\r\n          \"displayName\": \"USDCZK\"\r\n        },\r\n        {\r\n          \"name\": \"FOREXCOM:EURPLN\",\r\n          \"displayName\": \"EURPLN\"\r\n        },\r\n        {\r\n          \"name\": \"FOREXCOM:USDPLN\",\r\n          \"displayName\": \"USDPLN\"\r\n        }\r\n      ]\r\n    },\r\n    {\r\n      \"name\": \"Other Currencies\",\r\n      \"symbols\": [\r\n        {\r\n          \"name\": \"FX_IDC:CHFCAD\",\r\n          \"displayName\": \"CHFCAD\"\r\n        },\r\n        {\r\n          \"name\": \"FX_IDC:CHFHUF\",\r\n          \"displayName\": \"CHFHUF\"\r\n        },\r\n        {\r\n          \"name\": \"FX_IDC:JPYCHF\",\r\n          \"displayName\": \"JPYCHF\"\r\n        },\r\n        {\r\n          \"name\": \"FX_IDC:CHFSEK\",\r\n          \"displayName\": \"CHFSEK\"\r\n        },\r\n        {\r\n          \"name\": \"FX_IDC:CHFNOK\",\r\n          \"displayName\": \"CHFNOK\"\r\n        },\r\n        {\r\n          \"name\": \"OANDA:CHFHKD\",\r\n          \"displayName\": \"CHFHKD\"\r\n        },\r\n        {\r\n          \"name\": \"OANDA:CHFZAR\",\r\n          \"displayName\": \"CHFZAR\"\r\n        },\r\n        {\r\n          \"name\": \"FX_IDC:CHFPLN\",\r\n          \"displayName\": \"CHFPLN\"\r\n        },\r\n        {\r\n          \"name\": \"FX_IDC:CHFAUD\",\r\n          \"displayName\": \"CHFAUD\"\r\n        },\r\n        {\r\n          \"name\": \"OANDA:EURAUD\",\r\n          \"displayName\": \"EURAUD\"\r\n        },\r\n        {\r\n          \"name\": \"FX_IDC:CHFBRL\",\r\n          \"displayName\": \"CHFBRL\"\r\n        },\r\n        {\r\n          \"name\": \"FX_IDC:EURRUB\",\r\n          \"displayName\": \"EURRUB\"\r\n        },\r\n        {\r\n          \"name\": \"FX_IDC:CHFRUB\",\r\n          \"displayName\": \"CHFRUB\"\r\n        }\r\n      ]\r\n    }\r\n  ],\r\n  \"showSymbolLogo\": true,\r\n  \"colorTheme\": \"light\",\r\n  \"largeChartUrl\": \"https:\/\/amnistreasury.com\/currency_market_overview\/\",\r\n  \"isTransparent\": false,\r\n  \"locale\": \"en\"\r\n}\r\n  <\/script>\r\n<\/div>\r\n<!-- TradingView Widget END -->\r\n\r\n\n<\/div>\r\n\r\n<section  class=\"block-content-media alignfull block-color-variation--grey default-block-padding default-block-padding-modified default-block-padding-modified-from-settings default-block-padding--top-medium default-block-padding--bottom-medium layout-media-content\">\n  <div class=\"container container--default-2024\">\n    <div class=\"grid grid-cols-12 gap-between-2-cols\">\n      <div class=\"media-content__content col-span-12 flex flex-col items-center  sm:col-span-6 sm:order-1 justify-center\">\n        <div class=\"w-full\">\n                      \n                          <h2 class=\"is-style-heading-xl\">\n                La plateforme de paiement international #1 pour les PME.\n              <\/h2>\n            \n                          <div class=\"links-styled copy-l links-styled\"><p>Nous proposons des plans et des prix flexibles et transparents pour les besoins en devises de votre PME. Avec amnis, vous avez le contr\u00f4le total.<\/p>\n<\/div>\n            \n                      \n          <div class=\"c-button-group c-button-group--spacing-medium hidden sm:flex\">\n                          <a class=\"c-button c-button--full-width-tablet\" href=\"https:\/\/amnistreasury.com\/fr\/tarifs\/\" >\n                                Consultez les tarifs                              <\/a>\n                                                <div>\n                          <\/div>\n                    <\/div>\n                  <\/div>\n      <\/div>\n      <div class=\"media-content__media col-span-12 flex flex-col  sm:col-span-6 justify-center\">\n        <div class=\"w-full\">\n          <img decoding=\"async\" width=\"1440\" height=\"1440\" src=\"https:\/\/amnistreasury.com\/wp-content\/uploads\/2025\/10\/international-payments.webp\" class=\"w-full rounded-lg my-0\" alt=\"\" style=\"width: 500px; margin-left: auto; margin-right: auto;\" srcset=\"https:\/\/amnistreasury.com\/wp-content\/uploads\/2025\/10\/international-payments.webp 1440w, https:\/\/amnistreasury.com\/wp-content\/uploads\/2025\/10\/international-payments-300x300.webp 300w, https:\/\/amnistreasury.com\/wp-content\/uploads\/2025\/10\/international-payments-1024x1024.webp 1024w, https:\/\/amnistreasury.com\/wp-content\/uploads\/2025\/10\/international-payments-150x150.webp 150w, https:\/\/amnistreasury.com\/wp-content\/uploads\/2025\/10\/international-payments-768x768.webp 768w, https:\/\/amnistreasury.com\/wp-content\/uploads\/2025\/10\/international-payments-960x960.webp 960w, https:\/\/amnistreasury.com\/wp-content\/uploads\/2025\/10\/international-payments-50x50.webp 50w, https:\/\/amnistreasury.com\/wp-content\/uploads\/2025\/10\/international-payments-96x96.webp 96w, https:\/\/amnistreasury.com\/wp-content\/uploads\/2025\/10\/international-payments-192x192.webp 192w, https:\/\/amnistreasury.com\/wp-content\/uploads\/2025\/10\/international-payments-199x199.webp 199w, https:\/\/amnistreasury.com\/wp-content\/uploads\/2025\/10\/international-payments-398x398.webp 398w, https:\/\/amnistreasury.com\/wp-content\/uploads\/2025\/10\/international-payments-720x720.webp 720w, https:\/\/amnistreasury.com\/wp-content\/uploads\/2025\/10\/international-payments-480x480.webp 480w, https:\/\/amnistreasury.com\/wp-content\/uploads\/2025\/10\/international-payments-382x382.webp 382w, https:\/\/amnistreasury.com\/wp-content\/uploads\/2025\/10\/international-payments-412x412.webp 412w, https:\/\/amnistreasury.com\/wp-content\/uploads\/2025\/10\/international-payments-1250x1250.webp 1250w, https:\/\/amnistreasury.com\/wp-content\/uploads\/2025\/10\/international-payments-1350x1350.webp 1350w, https:\/\/amnistreasury.com\/wp-content\/uploads\/2025\/10\/international-payments-130x130.webp 130w, https:\/\/amnistreasury.com\/wp-content\/uploads\/2025\/10\/international-payments-260x260.webp 260w, https:\/\/amnistreasury.com\/wp-content\/uploads\/2025\/10\/international-payments-56x56.webp 56w, https:\/\/amnistreasury.com\/wp-content\/uploads\/2025\/10\/international-payments-112x112.webp 112w, https:\/\/amnistreasury.com\/wp-content\/uploads\/2025\/10\/international-payments-880x880.webp 880w, https:\/\/amnistreasury.com\/wp-content\/uploads\/2025\/10\/international-payments-586x586.webp 586w\" sizes=\"(max-width: 1440px) 100vw, 1440px\" \/>        <\/div>\n        <div class=\"c-button-group c-button-group--spacing-medium sm:hidden\">\n                      <a class=\"c-button c-button--full-width-tablet\" href=\"https:\/\/amnistreasury.com\/fr\/tarifs\/\" >\n                            Consultez les tarifs                          <\/a>\n                            <\/div>\n      <\/div>\n    <\/div>\n  <\/div>\n<\/section>\r\n\r\n\n<div  class=\"block-content-container blocks-wrap blocks-wrap--default alignfull block-color-variation--light default-block-padding default-block-padding-modified default-block-padding-modified-from-settings default-block-padding--top-medium default-block-padding--bottom-medium\">\n  \r\n\r\n<h3 class=\"wp-block-heading is-style-heading-xl\">Agenda&nbsp;\u00e9conomique<\/h3>\r\n\r\n\r\n\r\n<p class=\"is-style-copy-l\">Gardez un \u0153il sur les principaux \u00e9v\u00e9nements \u00e9conomiques \u00e0 venir et sur l&rsquo;actualit\u00e9. <br>En outre, vous pouvez mettre en place des filtres pour les pays souhait\u00e9s en quelques clics.<\/p>\r\n\r\n\r\n\r\n<div style=\"height:24px\" aria-hidden=\"true\" class=\"wp-block-spacer\"><\/div>\r\n\r\n\r\n\r\n<!-- TradingView Widget BEGIN -->\r\n<div class=\"tradingview-widget-container\">\r\n  <div class=\"tradingview-widget-container__widget\"><\/div>\r\n  <div class=\"tradingview-widget-copyright\"><a href=\"https:\/\/www.tradingview.com\/markets\/currencies\/economic-calendar\/\" rel=\"noopener\" target=\"_blank\"><span class=\"blue-text\">Economic Calendar<\/span><\/a> by TradingView<\/div>\r\n  <script type=\"text\/javascript\" src=\"https:\/\/s3.tradingview.com\/external-embedding\/embed-widget-events.js\" async>\r\n  {\r\n  \"colorTheme\": \"light\",\r\n  \"isTransparent\": false,\r\n  \"width\": \"100%\",\r\n  \"height\": \"500\",\r\n  \"locale\": \"en\",\r\n  \"importanceFilter\": \"-1,0,1\",\r\n  \"currencyFilter\": \"ATS,FRF,ITL,EUR,CHF,SKK,NLG,PLZ,DEM,CZK,BEF\"\r\n}\r\n  <\/script>\r\n<\/div>\r\n<!-- TradingView Widget END -->\r\n\r\n\n<\/div>","protected":false},"excerpt":{"rendered":"","protected":false},"author":4,"featured_media":33512,"parent":0,"menu_order":0,"comment_status":"closed","ping_status":"closed","template":"","meta":{"_acf_changed":false,"footnotes":"","rank_math_focus_keyword":"march\u00e9 des devises, forex market"},"class_list":["post-21249","page","type-page","status-publish","has-post-thumbnail","hentry"],"acf":[],"_links":{"self":[{"href":"https:\/\/amnistreasury.com\/fr\/wp-json\/wp\/v2\/pages\/21249","targetHints":{"allow":["GET"]}}],"collection":[{"href":"https:\/\/amnistreasury.com\/fr\/wp-json\/wp\/v2\/pages"}],"about":[{"href":"https:\/\/amnistreasury.com\/fr\/wp-json\/wp\/v2\/types\/page"}],"author":[{"embeddable":true,"href":"https:\/\/amnistreasury.com\/fr\/wp-json\/wp\/v2\/users\/4"}],"replies":[{"embeddable":true,"href":"https:\/\/amnistreasury.com\/fr\/wp-json\/wp\/v2\/comments?post=21249"}],"version-history":[{"count":5,"href":"https:\/\/amnistreasury.com\/fr\/wp-json\/wp\/v2\/pages\/21249\/revisions"}],"predecessor-version":[{"id":80689,"href":"https:\/\/amnistreasury.com\/fr\/wp-json\/wp\/v2\/pages\/21249\/revisions\/80689"}],"wp:featuredmedia":[{"embeddable":true,"href":"https:\/\/amnistreasury.com\/fr\/wp-json\/wp\/v2\/media\/33512"}],"wp:attachment":[{"href":"https:\/\/amnistreasury.com\/fr\/wp-json\/wp\/v2\/media?parent=21249"}],"curies":[{"name":"wp","href":"https:\/\/api.w.org\/{rel}","templated":true}]}}