{"id":45667,"date":"2024-03-13T08:53:40","date_gmt":"2024-03-13T08:53:40","guid":{"rendered":"https:\/\/amnistreasury.com\/?page_id=45667"},"modified":"2025-11-15T11:44:10","modified_gmt":"2025-11-15T11:44:10","slug":"api","status":"publish","type":"page","link":"https:\/\/amnistreasury.com\/de\/api\/","title":{"rendered":"API amnis"},"content":{"rendered":"<section  class=\"block-content-media alignfull default-block-padding default-block-padding-modified default-block-padding-modified-from-settings default-block-padding--top-default default-block-padding--bottom-default layout-content-media\">\n  <div class=\"container container--default-2024\">\n    <div class=\"grid grid-cols-12 gap-between-2-cols\">\n      <div class=\"media-content__content col-span-12 flex flex-col items-center  sm:col-span-6 sm:order-0 justify-center\">\n        <div class=\"w-full\">\n                      \n                          <h2 class=\"is-style-heading-2xl\">\n                amnis <strong>API<\/strong> f\u00fcr technologie-orientierte Unternehmen\n              <\/h2>\n            \n                          <div class=\"links-styled copy-l links-styled\"><p>Integrieren Sie Ihre bestehenden Systeme nahtlos mit unserer sicheren API f\u00fcr die Echtzeit-Verarbeitung von Transaktionen. Unsere flexibel gestaltete L\u00f6sung erm\u00f6glicht Ihnen die Kontrolle \u00fcber W\u00e4hrungswechsel, Zahlungsabwicklung und Kontoverwaltung und erleichtert Ihre Buchhaltungsprozesse.<\/p>\n<\/div>\n            \n                      \n          <div class=\"c-button-group c-button-group--spacing-medium hidden sm:flex\">\n                          <a class=\"c-button c-button--full-width-tablet\" href=\"https:\/\/developer.amnistreasury.com\/introduction\/?_gl=1*4zbp29*_gcl_au*OTM1ODU5MzY1LjE3NjA0MzIyNDk.*_ga*Nzg0Nzc0ODQ3LjE3NTg4OTQ5NjU.*_ga_H8PKJ5KSWD*czE3NjA5NTU0MzAkbzQ0JGcxJHQxNzYwOTU3MDA3JGo0NiRsMCRoMA..\" >\n                                Api docs                              <\/a>\n                                                <div>\n                          <\/div>\n                    <\/div>\n                  <\/div>\n      <\/div>\n      <div class=\"media-content__media col-span-12 flex flex-col  sm:col-span-6 justify-center\">\n        <div class=\"w-full\">\n          <img decoding=\"async\" width=\"1660\" height=\"1060\" src=\"https:\/\/amnistreasury.com\/wp-content\/uploads\/2025\/10\/amnis-api-1.webp\" class=\"w-full rounded-lg my-0\" alt=\"\" style=\"\" srcset=\"https:\/\/amnistreasury.com\/wp-content\/uploads\/2025\/10\/amnis-api-1.webp 1660w, https:\/\/amnistreasury.com\/wp-content\/uploads\/2025\/10\/amnis-api-1-300x192.webp 300w, https:\/\/amnistreasury.com\/wp-content\/uploads\/2025\/10\/amnis-api-1-1024x654.webp 1024w, https:\/\/amnistreasury.com\/wp-content\/uploads\/2025\/10\/amnis-api-1-768x490.webp 768w, https:\/\/amnistreasury.com\/wp-content\/uploads\/2025\/10\/amnis-api-1-1536x981.webp 1536w, https:\/\/amnistreasury.com\/wp-content\/uploads\/2025\/10\/amnis-api-1-1440x920.webp 1440w, https:\/\/amnistreasury.com\/wp-content\/uploads\/2025\/10\/amnis-api-1-720x460.webp 720w, https:\/\/amnistreasury.com\/wp-content\/uploads\/2025\/10\/amnis-api-1-480x307.webp 480w, https:\/\/amnistreasury.com\/wp-content\/uploads\/2025\/10\/amnis-api-1-960x613.webp 960w, https:\/\/amnistreasury.com\/wp-content\/uploads\/2025\/10\/amnis-api-1-382x244.webp 382w, https:\/\/amnistreasury.com\/wp-content\/uploads\/2025\/10\/amnis-api-1-412x263.webp 412w, https:\/\/amnistreasury.com\/wp-content\/uploads\/2025\/10\/amnis-api-1-1250x798.webp 1250w, https:\/\/amnistreasury.com\/wp-content\/uploads\/2025\/10\/amnis-api-1-1350x862.webp 1350w, https:\/\/amnistreasury.com\/wp-content\/uploads\/2025\/10\/amnis-api-1-130x83.webp 130w, https:\/\/amnistreasury.com\/wp-content\/uploads\/2025\/10\/amnis-api-1-260x166.webp 260w, https:\/\/amnistreasury.com\/wp-content\/uploads\/2025\/10\/amnis-api-1-56x36.webp 56w, https:\/\/amnistreasury.com\/wp-content\/uploads\/2025\/10\/amnis-api-1-112x72.webp 112w, https:\/\/amnistreasury.com\/wp-content\/uploads\/2025\/10\/amnis-api-1-830x530.webp 830w, https:\/\/amnistreasury.com\/wp-content\/uploads\/2025\/10\/amnis-api-1-880x562.webp 880w, https:\/\/amnistreasury.com\/wp-content\/uploads\/2025\/10\/amnis-api-1-586x374.webp 586w\" sizes=\"(max-width: 1660px) 100vw, 1660px\" \/>        <\/div>\n        <div class=\"c-button-group c-button-group--spacing-medium sm:hidden\">\n                      <a class=\"c-button c-button--full-width-tablet\" href=\"https:\/\/developer.amnistreasury.com\/introduction\/?_gl=1*4zbp29*_gcl_au*OTM1ODU5MzY1LjE3NjA0MzIyNDk.*_ga*Nzg0Nzc0ODQ3LjE3NTg4OTQ5NjU.*_ga_H8PKJ5KSWD*czE3NjA5NTU0MzAkbzQ0JGcxJHQxNzYwOTU3MDA3JGo0NiRsMCRoMA..\" >\n                            Api docs                          <\/a>\n                            <\/div>\n      <\/div>\n    <\/div>\n  <\/div>\n<\/section>\n\n<div  class=\"block-cards-list alignfull block-color-variation--blue default-block-padding default-block-padding-modified default-block-padding--top-medium default-block-padding--bottom-medium\">\n  <div class=\"container container--default-2024\">\n    \n<div class=\"headline-area-wrap headline-area-wrap--centered headline-area-wrap--margin-bottom-sm \">\n\n  <div class=\"content-wrap gap-content-xs\">\n    \n    <div class=\"content-wrap gap-content-s\">\n              <h2 class=\"is-style-heading-xl mt-0\">\n          Use cases\n        <\/h2>\n      \n          <\/div>\n  <\/div>\n<\/div>\n\n          <div class=\"grid grid-cols-12 gap-default-2024\">\n              <div class=\"col-span-12  md:col-span-4\">\n          \n\n  <div class=\"h-full rounded-card p-card-padding content-wrap gap-content-s card-background-dark-blue\" >\n\n    <div class=\"content-wrap gap-content-s\">\n              <div class=\"w-full flex align-items-center justify-start min-h-[48px]\">\n          <img decoding=\"async\" width=\"834\" height=\"834\" src=\"https:\/\/amnistreasury.com\/wp-content\/uploads\/2022\/08\/amnis-iconography-round_Artboard-19.png\" class=\"w-auto m-0 max-h-[48px] h-full w-auto\" alt=\"\" srcset=\"https:\/\/amnistreasury.com\/wp-content\/uploads\/2022\/08\/amnis-iconography-round_Artboard-19.png 834w, https:\/\/amnistreasury.com\/wp-content\/uploads\/2022\/08\/amnis-iconography-round_Artboard-19-300x300.png 300w, https:\/\/amnistreasury.com\/wp-content\/uploads\/2022\/08\/amnis-iconography-round_Artboard-19-150x150.png 150w, https:\/\/amnistreasury.com\/wp-content\/uploads\/2022\/08\/amnis-iconography-round_Artboard-19-768x768.png 768w\" sizes=\"(max-width: 834px) 100vw, 834px\" \/>        <\/div>\n      \n      <div class=\"content-wrap gap-content-s\">\n                  <h3 class=\"is-style-heading-s\">\n            Verwalten Ihrer Transaktionen in Echtzeit\n                      <\/h3>\n                        <div class=\"copy-m p-reset\">\n          <p>Holen Sie sich Details zu einer einzelnen Transaktion ab oder greifen Sie m\u00fchelos auf alle Transaktionsdaten eines bestimmten Kontos zu, um Ihre Zahlungs- und Buchhaltungsabl\u00e4ufe zu vereinfachen.<\/p>\n        <\/div>\n              <\/div>\n    <\/div>\n\n    \n  <\/div>\n        <\/div>\n              <div class=\"col-span-12  md:col-span-4\">\n          \n\n  <div class=\"h-full rounded-card p-card-padding content-wrap gap-content-s card-background-dark-blue\" >\n\n    <div class=\"content-wrap gap-content-s\">\n              <div class=\"w-full flex align-items-center justify-start min-h-[48px]\">\n          <img decoding=\"async\" width=\"64\" height=\"64\" src=\"https:\/\/amnistreasury.com\/wp-content\/uploads\/2023\/12\/amnis-iconography-round_Artboard-22-1-1.png\" class=\"w-auto m-0 max-h-[48px] h-full w-auto\" alt=\"\" srcset=\"https:\/\/amnistreasury.com\/wp-content\/uploads\/2023\/12\/amnis-iconography-round_Artboard-22-1-1.png 64w, https:\/\/amnistreasury.com\/wp-content\/uploads\/2023\/12\/amnis-iconography-round_Artboard-22-1-1-50x50.png 50w\" sizes=\"(max-width: 64px) 100vw, 64px\" \/>        <\/div>\n      \n      <div class=\"content-wrap gap-content-s\">\n                  <h3 class=\"is-style-heading-s\">\n            Zahlungserfassung &amp; Zugriff auf Einzel- und Sammel-Zahlungen\n                      <\/h3>\n                        <div class=\"copy-m p-reset\">\n          <p>Erfassen Sie eine neue Zahlung und erhalten Sie Details zu Peer-to-Peer-Transaktionen, globalen \u00dcberweisungen und Einzahlungen sowie zum Zahlungseinzug in Sekunden.<\/p>\n        <\/div>\n              <\/div>\n    <\/div>\n\n    \n  <\/div>\n        <\/div>\n              <div class=\"col-span-12  md:col-span-4\">\n          \n\n  <div class=\"h-full rounded-card p-card-padding content-wrap gap-content-s card-background-dark-blue\" >\n\n    <div class=\"content-wrap gap-content-s\">\n              <div class=\"w-full flex align-items-center justify-start min-h-[48px]\">\n          <img decoding=\"async\" width=\"834\" height=\"834\" src=\"https:\/\/amnistreasury.com\/wp-content\/uploads\/2022\/08\/amnis-iconography-round_Artboard-28.png\" class=\"w-auto m-0 max-h-[48px] h-full w-auto\" alt=\"\" srcset=\"https:\/\/amnistreasury.com\/wp-content\/uploads\/2022\/08\/amnis-iconography-round_Artboard-28.png 834w, https:\/\/amnistreasury.com\/wp-content\/uploads\/2022\/08\/amnis-iconography-round_Artboard-28-300x300.png 300w, https:\/\/amnistreasury.com\/wp-content\/uploads\/2022\/08\/amnis-iconography-round_Artboard-28-150x150.png 150w, https:\/\/amnistreasury.com\/wp-content\/uploads\/2022\/08\/amnis-iconography-round_Artboard-28-768x768.png 768w\" sizes=\"(max-width: 834px) 100vw, 834px\" \/>        <\/div>\n      \n      <div class=\"content-wrap gap-content-s\">\n                  <h3 class=\"is-style-heading-s\">\n            Bequemes Abrufen der Kontost\u00e4nde Ihres amnis Kontos\n                      <\/h3>\n                        <div class=\"copy-m p-reset\">\n          <p>Greifen Sie auf spezifische Kontodaten einzelner oder mehrerer Konten in Ihrem System zu, z. B. den verf\u00fcgbaren oder prognostizierten Saldo, und optimieren Sie die Abgleichung Ihrer Buchhaltung.<\/p>\n        <\/div>\n              <\/div>\n    <\/div>\n\n    \n  <\/div>\n        <\/div>\n              <div class=\"col-span-12  md:col-span-4\">\n          \n\n  <div class=\"h-full rounded-card p-card-padding content-wrap gap-content-s card-background-dark-blue\" >\n\n    <div class=\"content-wrap gap-content-s\">\n              <div class=\"w-full flex align-items-center justify-start min-h-[48px]\">\n          <img decoding=\"async\" width=\"834\" height=\"834\" src=\"https:\/\/amnistreasury.com\/wp-content\/uploads\/2022\/08\/amnis-iconography-round-01.png\" class=\"w-auto m-0 max-h-[48px] h-full w-auto\" alt=\"\" srcset=\"https:\/\/amnistreasury.com\/wp-content\/uploads\/2022\/08\/amnis-iconography-round-01.png 834w, https:\/\/amnistreasury.com\/wp-content\/uploads\/2022\/08\/amnis-iconography-round-01-300x300.png 300w, https:\/\/amnistreasury.com\/wp-content\/uploads\/2022\/08\/amnis-iconography-round-01-150x150.png 150w, https:\/\/amnistreasury.com\/wp-content\/uploads\/2022\/08\/amnis-iconography-round-01-768x768.png 768w\" sizes=\"(max-width: 834px) 100vw, 834px\" \/>        <\/div>\n      \n      <div class=\"content-wrap gap-content-s\">\n                  <h3 class=\"is-style-heading-s\">\n            Alles, was Sie \u00fcber Ihren W\u00e4hrungsumtausch wissen m\u00fcssen\n                      <\/h3>\n                        <div class=\"copy-m p-reset\">\n          <p>Analysieren Sie Ihre Devisentransaktionen und passen Sie Ihre Anfragen mithilfe verschiedener Abfrageparameter an, um die Ergebnisse nach Ihren individuellen Anforderungen zu filtern.<\/p>\n        <\/div>\n              <\/div>\n    <\/div>\n\n    \n  <\/div>\n        <\/div>\n              <div class=\"col-span-12  md:col-span-4\">\n          \n\n  <div class=\"h-full rounded-card p-card-padding content-wrap gap-content-s card-background-dark-blue\" >\n\n    <div class=\"content-wrap gap-content-s\">\n              <div class=\"w-full flex align-items-center justify-start min-h-[48px]\">\n          <img decoding=\"async\" width=\"834\" height=\"834\" src=\"https:\/\/amnistreasury.com\/wp-content\/uploads\/2022\/08\/amnis-iconography-round_Artboard-11.png\" class=\"w-auto m-0 max-h-[48px] h-full w-auto\" alt=\"\" srcset=\"https:\/\/amnistreasury.com\/wp-content\/uploads\/2022\/08\/amnis-iconography-round_Artboard-11.png 834w, https:\/\/amnistreasury.com\/wp-content\/uploads\/2022\/08\/amnis-iconography-round_Artboard-11-300x300.png 300w, https:\/\/amnistreasury.com\/wp-content\/uploads\/2022\/08\/amnis-iconography-round_Artboard-11-150x150.png 150w, https:\/\/amnistreasury.com\/wp-content\/uploads\/2022\/08\/amnis-iconography-round_Artboard-11-768x768.png 768w\" sizes=\"(max-width: 834px) 100vw, 834px\" \/>        <\/div>\n      \n      <div class=\"content-wrap gap-content-s\">\n                  <h3 class=\"is-style-heading-s\">\n            Unkompliziertes Abrufen von Devisenkursen\n                      <\/h3>\n                        <div class=\"copy-m p-reset\">\n          <p>Dieser Endpunkt erm\u00f6glicht es API-Benutzern, Devisenkurse schnell und unkompliziert zu erhalten, indem sie Parameter wie W\u00e4hrungspaar und Betrag angeben.<\/p>\n        <\/div>\n              <\/div>\n    <\/div>\n\n    \n  <\/div>\n        <\/div>\n              <div class=\"col-span-12  md:col-span-4\">\n          \n\n  <div class=\"h-full rounded-card p-card-padding content-wrap gap-content-s card-background-dark-blue\" >\n\n    <div class=\"content-wrap gap-content-s\">\n              <div class=\"w-full flex align-items-center justify-start min-h-[48px]\">\n          <img decoding=\"async\" width=\"64\" height=\"64\" src=\"https:\/\/amnistreasury.com\/wp-content\/uploads\/2023\/03\/amnis-iconography-round_Artboard-3-2-e1680274391922.png\" class=\"w-auto m-0 max-h-[48px] h-full w-auto\" alt=\"\" srcset=\"https:\/\/amnistreasury.com\/wp-content\/uploads\/2023\/03\/amnis-iconography-round_Artboard-3-2-e1680274391922.png 64w, https:\/\/amnistreasury.com\/wp-content\/uploads\/2023\/03\/amnis-iconography-round_Artboard-3-2-e1680274391922-50x50.png 50w\" sizes=\"(max-width: 64px) 100vw, 64px\" \/>        <\/div>\n      \n      <div class=\"content-wrap gap-content-s\">\n                  <h3 class=\"is-style-heading-s\">\n            Offenlegung von Kartentransaktionsdaten\n                      <\/h3>\n                        <div class=\"copy-m p-reset\">\n          <p>Holen Sie sich detaillierte Infos zu einer einzigen Kartentransaktion oder rufen Sie eine Liste aller Transaktionen eines Kontos auf, um wertvolle Einblicke direkt in Ihrem System zu erhalten.<\/p>\n        <\/div>\n              <\/div>\n    <\/div>\n\n    \n  <\/div>\n        <\/div>\n              <div class=\"col-span-12  md:col-span-4\">\n          \n\n  <div class=\"h-full rounded-card p-card-padding content-wrap gap-content-s card-background-dark-blue\" >\n\n    <div class=\"content-wrap gap-content-s\">\n              <div class=\"w-full flex align-items-center justify-start min-h-[48px]\">\n          <img decoding=\"async\" width=\"834\" height=\"834\" src=\"https:\/\/amnistreasury.com\/wp-content\/uploads\/2025\/09\/amnis-iconography-round_Artboard-16.png\" class=\"w-auto m-0 max-h-[48px] h-full w-auto\" alt=\"\" srcset=\"https:\/\/amnistreasury.com\/wp-content\/uploads\/2025\/09\/amnis-iconography-round_Artboard-16.png 834w, https:\/\/amnistreasury.com\/wp-content\/uploads\/2025\/09\/amnis-iconography-round_Artboard-16-300x300.png 300w, https:\/\/amnistreasury.com\/wp-content\/uploads\/2025\/09\/amnis-iconography-round_Artboard-16-150x150.png 150w, https:\/\/amnistreasury.com\/wp-content\/uploads\/2025\/09\/amnis-iconography-round_Artboard-16-768x768.png 768w, https:\/\/amnistreasury.com\/wp-content\/uploads\/2025\/09\/amnis-iconography-round_Artboard-16-50x50.png 50w, https:\/\/amnistreasury.com\/wp-content\/uploads\/2025\/09\/amnis-iconography-round_Artboard-16-96x96.png 96w, https:\/\/amnistreasury.com\/wp-content\/uploads\/2025\/09\/amnis-iconography-round_Artboard-16-192x192.png 192w, https:\/\/amnistreasury.com\/wp-content\/uploads\/2025\/09\/amnis-iconography-round_Artboard-16-199x199.png 199w, https:\/\/amnistreasury.com\/wp-content\/uploads\/2025\/09\/amnis-iconography-round_Artboard-16-398x398.png 398w, https:\/\/amnistreasury.com\/wp-content\/uploads\/2025\/09\/amnis-iconography-round_Artboard-16-720x720.png 720w, https:\/\/amnistreasury.com\/wp-content\/uploads\/2025\/09\/amnis-iconography-round_Artboard-16-480x480.png 480w, https:\/\/amnistreasury.com\/wp-content\/uploads\/2025\/09\/amnis-iconography-round_Artboard-16-382x382.png 382w, https:\/\/amnistreasury.com\/wp-content\/uploads\/2025\/09\/amnis-iconography-round_Artboard-16-412x412.png 412w, https:\/\/amnistreasury.com\/wp-content\/uploads\/2025\/09\/amnis-iconography-round_Artboard-16-130x130.png 130w, https:\/\/amnistreasury.com\/wp-content\/uploads\/2025\/09\/amnis-iconography-round_Artboard-16-260x260.png 260w, https:\/\/amnistreasury.com\/wp-content\/uploads\/2025\/09\/amnis-iconography-round_Artboard-16-56x56.png 56w, https:\/\/amnistreasury.com\/wp-content\/uploads\/2025\/09\/amnis-iconography-round_Artboard-16-112x112.png 112w, https:\/\/amnistreasury.com\/wp-content\/uploads\/2025\/09\/amnis-iconography-round_Artboard-16-586x586.png 586w\" sizes=\"(max-width: 834px) 100vw, 834px\" \/>        <\/div>\n      \n      <div class=\"content-wrap gap-content-s\">\n                  <h3 class=\"is-style-heading-s\">\n            Besserer Einblick in die amnis Geb\u00fchrenstruktur\n                      <\/h3>\n                        <div class=\"copy-m p-reset\">\n          <p>Pr\u00fcfen Sie Details einer verbuchten Geb\u00fchr anhand einer bestimmten ID oder erhalten Sie eine detaillierte Liste aller Kontogeb\u00fchren. Das System erm\u00f6glicht flexibles Filtern nach Ihren Anforderungen.<\/p>\n        <\/div>\n              <\/div>\n    <\/div>\n\n    \n  <\/div>\n        <\/div>\n              <div class=\"col-span-12  md:col-span-4\">\n          \n\n  <div class=\"h-full rounded-card p-card-padding content-wrap gap-content-s card-background-dark-blue\" >\n\n    <div class=\"content-wrap gap-content-s\">\n              <div class=\"w-full flex align-items-center justify-start min-h-[48px]\">\n          <img decoding=\"async\" width=\"834\" height=\"834\" src=\"https:\/\/amnistreasury.com\/wp-content\/uploads\/2022\/08\/amnis-iconography-round_Artboard-20.png\" class=\"w-auto m-0 max-h-[48px] h-full w-auto\" alt=\"\" srcset=\"https:\/\/amnistreasury.com\/wp-content\/uploads\/2022\/08\/amnis-iconography-round_Artboard-20.png 834w, https:\/\/amnistreasury.com\/wp-content\/uploads\/2022\/08\/amnis-iconography-round_Artboard-20-300x300.png 300w, https:\/\/amnistreasury.com\/wp-content\/uploads\/2022\/08\/amnis-iconography-round_Artboard-20-150x150.png 150w, https:\/\/amnistreasury.com\/wp-content\/uploads\/2022\/08\/amnis-iconography-round_Artboard-20-768x768.png 768w\" sizes=\"(max-width: 834px) 100vw, 834px\" \/>        <\/div>\n      \n      <div class=\"content-wrap gap-content-s\">\n                  <h3 class=\"is-style-heading-s\">\n            Zugriff auf ausf\u00fchrliche Kontaktinformationen\n                      <\/h3>\n                        <div class=\"copy-m p-reset\">\n          <p>Erhalten Sie detaillierte Informationen \u00fcber einen bestimmten Kontakt oder eine umfassende Liste an Benutzerkontakten. Filteroptionen erleichtern den Zugriff auf die gew\u00fcnschten Kontaktinformationen.<\/p>\n        <\/div>\n              <\/div>\n    <\/div>\n\n    \n  <\/div>\n        <\/div>\n              <div class=\"col-span-12  md:col-span-4\">\n          \n\n  <div class=\"h-full rounded-card p-card-padding content-wrap gap-content-s card-background-dark-blue\" >\n\n    <div class=\"content-wrap gap-content-s\">\n              <div class=\"w-full flex align-items-center justify-start min-h-[48px]\">\n          <img decoding=\"async\" width=\"834\" height=\"834\" src=\"https:\/\/amnistreasury.com\/wp-content\/uploads\/2022\/08\/amnis-iconography-round_Artboard-25.png\" class=\"w-auto m-0 max-h-[48px] h-full w-auto\" alt=\"\" srcset=\"https:\/\/amnistreasury.com\/wp-content\/uploads\/2022\/08\/amnis-iconography-round_Artboard-25.png 834w, https:\/\/amnistreasury.com\/wp-content\/uploads\/2022\/08\/amnis-iconography-round_Artboard-25-300x300.png 300w, https:\/\/amnistreasury.com\/wp-content\/uploads\/2022\/08\/amnis-iconography-round_Artboard-25-150x150.png 150w, https:\/\/amnistreasury.com\/wp-content\/uploads\/2022\/08\/amnis-iconography-round_Artboard-25-768x768.png 768w\" sizes=\"(max-width: 834px) 100vw, 834px\" \/>        <\/div>\n      \n      <div class=\"content-wrap gap-content-s\">\n                  <h3 class=\"is-style-heading-s\">\n            Ihre ersten Schritte mit der amnis API\n                      <\/h3>\n                        <div class=\"copy-m p-reset\">\n          <p>Unsere API-Dokumentation bietet alle wichtigen Informationen f\u00fcr den Einstieg, einschlie\u00dflich API-Nutzung, Einschr\u00e4nkungen, Fehlerbehandlung, Antworten und Aktualisierungsverlauf.<\/p>\n        <\/div>\n              <\/div>\n    <\/div>\n\n    \n  <\/div>\n        <\/div>\n            <\/div>\n      <\/div>\n<\/div>\n\n<section  class=\"block-content-media alignfull default-block-padding default-block-padding-modified default-block-padding--top-medium default-block-padding--bottom-medium layout-media-content\">\n  <div class=\"container container--default-2024\">\n    <div class=\"grid grid-cols-12 gap-between-2-cols\">\n      <div class=\"media-content__content col-span-12 flex flex-col items-center  sm:col-span-6 sm:order-1 justify-center\">\n        <div class=\"w-full\">\n                      \n                          <h2 class=\"is-style-heading-xl\">\n                Gestalten Sie Ihre massgeschneiderte L\u00f6sung\n              <\/h2>\n            \n                          <div class=\"links-styled copy-l links-styled\"><p>Verbinden Sie Ihre ERP-, Buchhaltungs- und Ausgabenmanagement-Tools mit amnis f\u00fcr eine massgeschneiderte Integration. Sie erhalten so direkten Zugriff auf Ihre amnis Kontodaten \u00fcber Ihre bestehenden Systeme, ohne den Umweg \u00fcber das amnis-Login. Mit unserer API gestalten Sie Ihre Finanzprozesse ganz nach Ihren W\u00fcnschen.<\/p>\n<\/div>\n            \n                      \n          <div class=\"c-button-group c-button-group--spacing-medium hidden sm:flex\">\n                          <a class=\"c-button c-button--full-width-tablet\" href=\"https:\/\/developer.amnistreasury.com\/category\/getting-started\/?_gl=1*1zxlki*_gcl_au*OTM1ODU5MzY1LjE3NjA0MzIyNDk.*_ga*Nzg0Nzc0ODQ3LjE3NTg4OTQ5NjU.*_ga_H8PKJ5KSWD*czE3NjA5NTU0MzAkbzQ0JGcxJHQxNzYwOTU3MDA3JGo0NiRsMCRoMA..\" >\n                                API Setup starten                              <\/a>\n                                                <div>\n                          <\/div>\n                    <\/div>\n                  <\/div>\n      <\/div>\n      <div class=\"media-content__media col-span-12 flex flex-col  sm:col-span-6 justify-center\">\n        <div class=\"w-full\">\n          <img decoding=\"async\" width=\"1660\" height=\"1060\" src=\"https:\/\/amnistreasury.com\/wp-content\/uploads\/2025\/10\/amnis-api-integrations.webp\" class=\"w-full rounded-lg my-0\" alt=\"\" style=\"\" srcset=\"https:\/\/amnistreasury.com\/wp-content\/uploads\/2025\/10\/amnis-api-integrations.webp 1660w, https:\/\/amnistreasury.com\/wp-content\/uploads\/2025\/10\/amnis-api-integrations-300x192.webp 300w, https:\/\/amnistreasury.com\/wp-content\/uploads\/2025\/10\/amnis-api-integrations-1024x654.webp 1024w, https:\/\/amnistreasury.com\/wp-content\/uploads\/2025\/10\/amnis-api-integrations-768x490.webp 768w, https:\/\/amnistreasury.com\/wp-content\/uploads\/2025\/10\/amnis-api-integrations-1536x981.webp 1536w, https:\/\/amnistreasury.com\/wp-content\/uploads\/2025\/10\/amnis-api-integrations-1440x920.webp 1440w, https:\/\/amnistreasury.com\/wp-content\/uploads\/2025\/10\/amnis-api-integrations-720x460.webp 720w, https:\/\/amnistreasury.com\/wp-content\/uploads\/2025\/10\/amnis-api-integrations-480x307.webp 480w, https:\/\/amnistreasury.com\/wp-content\/uploads\/2025\/10\/amnis-api-integrations-960x613.webp 960w, https:\/\/amnistreasury.com\/wp-content\/uploads\/2025\/10\/amnis-api-integrations-382x244.webp 382w, https:\/\/amnistreasury.com\/wp-content\/uploads\/2025\/10\/amnis-api-integrations-412x263.webp 412w, https:\/\/amnistreasury.com\/wp-content\/uploads\/2025\/10\/amnis-api-integrations-1250x798.webp 1250w, https:\/\/amnistreasury.com\/wp-content\/uploads\/2025\/10\/amnis-api-integrations-1350x862.webp 1350w, https:\/\/amnistreasury.com\/wp-content\/uploads\/2025\/10\/amnis-api-integrations-130x83.webp 130w, https:\/\/amnistreasury.com\/wp-content\/uploads\/2025\/10\/amnis-api-integrations-260x166.webp 260w, https:\/\/amnistreasury.com\/wp-content\/uploads\/2025\/10\/amnis-api-integrations-56x36.webp 56w, https:\/\/amnistreasury.com\/wp-content\/uploads\/2025\/10\/amnis-api-integrations-112x72.webp 112w, https:\/\/amnistreasury.com\/wp-content\/uploads\/2025\/10\/amnis-api-integrations-830x530.webp 830w, https:\/\/amnistreasury.com\/wp-content\/uploads\/2025\/10\/amnis-api-integrations-880x562.webp 880w, https:\/\/amnistreasury.com\/wp-content\/uploads\/2025\/10\/amnis-api-integrations-586x374.webp 586w\" sizes=\"(max-width: 1660px) 100vw, 1660px\" \/>        <\/div>\n        <div class=\"c-button-group c-button-group--spacing-medium sm:hidden\">\n                      <a class=\"c-button c-button--full-width-tablet\" href=\"https:\/\/developer.amnistreasury.com\/category\/getting-started\/?_gl=1*1zxlki*_gcl_au*OTM1ODU5MzY1LjE3NjA0MzIyNDk.*_ga*Nzg0Nzc0ODQ3LjE3NTg4OTQ5NjU.*_ga_H8PKJ5KSWD*czE3NjA5NTU0MzAkbzQ0JGcxJHQxNzYwOTU3MDA3JGo0NiRsMCRoMA..\" >\n                            API Setup starten                          <\/a>\n                            <\/div>\n      <\/div>\n    <\/div>\n  <\/div>\n<\/section>","protected":false},"excerpt":{"rendered":"","protected":false},"author":4,"featured_media":45579,"parent":0,"menu_order":0,"comment_status":"closed","ping_status":"closed","template":"","meta":{"_acf_changed":false,"footnotes":"","rank_math_focus_keyword":"amnis api,amnis api Dokumentation"},"class_list":["post-45667","page","type-page","status-publish","has-post-thumbnail","hentry"],"acf":[],"_links":{"self":[{"href":"https:\/\/amnistreasury.com\/de\/wp-json\/wp\/v2\/pages\/45667","targetHints":{"allow":["GET"]}}],"collection":[{"href":"https:\/\/amnistreasury.com\/de\/wp-json\/wp\/v2\/pages"}],"about":[{"href":"https:\/\/amnistreasury.com\/de\/wp-json\/wp\/v2\/types\/page"}],"author":[{"embeddable":true,"href":"https:\/\/amnistreasury.com\/de\/wp-json\/wp\/v2\/users\/4"}],"replies":[{"embeddable":true,"href":"https:\/\/amnistreasury.com\/de\/wp-json\/wp\/v2\/comments?post=45667"}],"version-history":[{"count":5,"href":"https:\/\/amnistreasury.com\/de\/wp-json\/wp\/v2\/pages\/45667\/revisions"}],"predecessor-version":[{"id":79970,"href":"https:\/\/amnistreasury.com\/de\/wp-json\/wp\/v2\/pages\/45667\/revisions\/79970"}],"wp:featuredmedia":[{"embeddable":true,"href":"https:\/\/amnistreasury.com\/de\/wp-json\/wp\/v2\/media\/45579"}],"wp:attachment":[{"href":"https:\/\/amnistreasury.com\/de\/wp-json\/wp\/v2\/media?parent=45667"}],"curies":[{"name":"wp","href":"https:\/\/api.w.org\/{rel}","templated":true}]}}