{"id":27096,"date":"2021-11-29T15:15:26","date_gmt":"2021-11-29T15:15:26","guid":{"rendered":"https:\/\/amnistreasury.com\/v2_data_protection_de\/"},"modified":"2025-11-19T21:04:43","modified_gmt":"2025-11-19T21:04:43","slug":"datenschutz","status":"publish","type":"page","link":"https:\/\/amnistreasury.com\/de\/datenschutz\/","title":{"rendered":"V2_Data_Protection_DE"},"content":{"rendered":"\n<div  class=\"block-content-container blocks-wrap blocks-wrap--narrow alignfull block-color-variation--light default-block-padding default-block-padding-modified default-block-padding-modified-from-settings default-block-padding--top-default default-block-padding--bottom-medium\">\n  \n\n<h2 class=\"wp-block-heading is-style-heading-2xl\">Datenschutzhinweise aufgrund der EU-Datenschutzgrundverordnung und des Datenschutzgesetzes<\/h2>\n\n\n\n<p class=\"is-style-copy-2xl\">Anwendbar f\u00fcr alle mit AMNIS Europe AG, Vaduz (amnis) und AMNIS Treasury Services AG, Z\u00fcrich, in Kontakt stehenden Personen, wie z.B. bestehende und zuk\u00fcnftige Kunden, Lieferanten, Besucher.<\/p>\n\n\n\n<p class=\"is-style-copy-2xl\">Mit den folgenden Datenschutzhinweisen m\u00f6chten wir Ihnen einen \u00dcberblick geben \u00fcber die Verarbeitung der bei amnis gef\u00fchrten personenbezogenen Daten und die daraus resultierenden Rechte nach den Bestimmungen der Datenschutzgrundverordnung der EU (DSGVO) und dem Datenschutzgesetz (DSG) der Schweiz. Welche Daten im Einzelnen verarbeitet und in welcher Weise genutzt werden, richtet sich massgeblich nach den jeweils zu erbringenden beziehungsweise vereinbarten Dienstleistungen und Produkten. amnis ist aufgrund des Gesch\u00e4ftsgeheimnisses zum Schutz Ihrer Privatsph\u00e4re und Verschwiegenheit verpflichtet und trifft aus diesem Grund f\u00fcr s\u00e4mtliche Datenverarbeitungen personenbezogener Daten eine Vielzahl an technischen und organisatorischen Datenschutzvorkehrungen.<\/p>\n\n\n<div class=\"c-button-group c-button-group--center text-center block-button\">\t<a href=\"https:\/\/amnistreasury.com\/wp-content\/uploads\/2022\/12\/2022_11_AMNIS_Datenschutz.pdf\" class=\"c-button c-button--primary\">\n\t\t\t\t\t\t\tDatenschutz-Hinweise\t\t\t\t\t<\/a>\n\t<\/div>\n\n<\/div>\n\n\n<div  class=\"block-content-container blocks-wrap blocks-wrap--narrow alignfull block-color-variation--light default-block-padding default-block-padding-modified default-block-padding-modified-from-settings default-block-padding--top-small default-block-padding--bottom-default\">\n  \n\n<h2 class=\"wp-block-heading is-style-heading-2xl\">Cookies<\/h2>\n\n\n\n<h2 class=\"wp-block-heading is-style-heading-l\">Was sind Cookies?<\/h2>\n\n\n\n<p>Die amnis Website verwendet so genannte Cookies. Hierbei handelt es sich um kleine Textdateien, die auf Ihrem Rechner abgelegt werden, wenn Sie eine Website besuchen. Diese Textdatei speichert Informationen, welche von der Website gelesen werden k\u00f6nnen, wenn Sie diese zu einem sp\u00e4teren Zeitpunkt erneut besuchen. Cookies enthalten keine personenbezogenen Daten.<\/p>\n\n\n\n<h2 class=\"wp-block-heading is-style-heading-l\">Warum nutzt amnis Cookies?<\/h2>\n\n\n\n<p>Einige Cookies sind notwendig, damit die Seite einwandfrei funktionieren kann. Andere Cookies dienen dazu, das Angebot nutzerfreundlicher zu machen. Cookies erm\u00f6glichen, Ihren Browser zu erkennen und Ihnen auf Ihre Bed\u00fcrfnisse optimal zugeschnittene Services anzubieten.<\/p>\n\n\n\n<h2 class=\"wp-block-heading is-style-heading-l\">Wie kann ich Cookies managen oder deaktivieren?<\/h2>\n\n\n\n<p>Um Ihre Cookie-Zustimmung zu \u00fcberpr\u00fcfen oder zu verwalten und um eine Liste der Cookies und \u00e4hnlicher Technologien zu erhalten, die wir verwenden, wenn Sie unsere Website besuchen (wie unten definiert), sowie weitere Einzelheiten, z. B. \u00fcber den Zweck der verwendeten Cookies, klicken Sie bitte&nbsp;<a href=\"https:\/\/amnistreasury.com\/de\/datenschutz\/#consent-change\">hier<\/a>. Es kann nicht garantiert werden, dass Sie auf alle Funktionen dieser Website ohne Einschr\u00e4nkungen zugreifen k\u00f6nnen, wenn Sie nicht alle Cookies zulassen.<\/p>\n\n\n\n<h2 class=\"wp-block-heading is-style-heading-l\">Welche Cookies nutzt amnis?<\/h2>\n\n\n\n<p>amnis verwendet auf seiner Website Cookies von Erstanbietern und\/oder Drittanbietern. Von amnis gesetzte Cookies werden als &#8222;First-Party-Cookies&#8220; bezeichnet. Cookies auf der Website, die von anderen Parteien als amnis gesetzt werden, werden als &#8222;Drittanbieter-Cookies&#8220; bezeichnet. Einige Dienste (Intercom, Youtube, Spotify, Gravatar, Google, Facebook und LinkedIn) k\u00f6nnen personenbezogene Daten in den USA verarbeiten. Die USA werden vom EuGH als ein Land mit einem unzureichenden Datenschutzlevel angesehen. Indem Sie der Nutzung dieser Dienste zustimmen, stimmen Sie auch der Verarbeitung Ihrer Daten in den USA zu (Art. 49 (1) lit. a GDPR), m\u00f6glicherweise ohne die M\u00f6glichkeit eines Rechtsbehelfs. Sie k\u00f6nnen Ihre Cookie-Einstellungen wie oben beschrieben jederzeit \u00fcberpr\u00fcfen und \u00e4ndern.<\/p>\n\n\n\n<h2 class=\"wp-block-heading\">Google Analytics<\/h2>\n\n\n\n<p>Der Dienst &#8222;Google Analytics&#8220; von Google Ireland Limited wird verwendet, um die Nutzung der Website durch Besucher zu analysieren. Die durch die Cookies gesammelten Informationen (einschlie\u00dflich Ihrer IP-Adresse) k\u00f6nnen an einen Server von Google in den USA gesendet und dort gespeichert werden. Google wird diese Informationen benutzen, um Ihre Nutzung der Website auszuwerten, um Reports \u00fcber die Websiteaktivit\u00e4ten f\u00fcr die Websitebetreiber zusammenzustellen und um weitere mit der Websitenutzung und der Internetnutzung verbundene Dienstleistungen zu erbringen. Auch wird Google diese Informationen gegebenenfalls an Dritte \u00fcbertragen, sofern dies gesetzlich vorgeschrieben ist oder soweit Dritte diese Daten im Auftrag von Google verarbeiten. Google wird in keinem Fall Ihre IP-Adresse mit anderen Daten von Google in Verbindung bringen. Weitere Informationen&nbsp;<a href=\"https:\/\/policies.google.com\/privacy\" target=\"_blank\" rel=\"noreferrer noopener\">hier<\/a>.<\/p>\n\n\n\n<h2 class=\"wp-block-heading\">Google Fonts<\/h2>\n\n\n\n<p>Google Fonts ist ein Dienst von Google Ireland Limited, der Schriftarten, die nicht auf dem Client-Ger\u00e4t des Nutzers installiert sind, herunterl\u00e4dt und in die Website einbettet. Auf dem Client-Ger\u00e4t des Nutzers werden keine Cookies im technischen Sinne gesetzt, aber technische und personenbezogene Daten wie die IP-Adresse werden vom Client an den Server des Dienstanbieters \u00fcbertragen, um die Nutzung des Dienstes zu erm\u00f6glichen. Weitere Informationen&nbsp;<a href=\"https:\/\/policies.google.com\/privacy\" target=\"_blank\" rel=\"noreferrer noopener\">hier<\/a>.<\/p>\n\n\n\n<h2 class=\"wp-block-heading\">Google Tag Manager<\/h2>\n\n\n\n<p>Google Tag Manager ist ein von Google Ireland Limited angebotener Dienst zur Verwaltung von Tags, die durch ein bestimmtes Ereignis ausgel\u00f6st werden und die ein Skript eines Dritten einf\u00fcgen oder Daten an einen Dienst eines Dritten senden. Auf dem Client-Ger\u00e4t des Nutzers werden keine Cookies im technischen Sinne gesetzt, aber technische und personenbezogene Daten, wie die IP-Adresse, werden vom Client an den Server des Dienstanbieters \u00fcbertragen, um die Nutzung des Dienstes zu erm\u00f6glichen. Weitere Informationen&nbsp;<a href=\"https:\/\/policies.google.com\/privacy\" target=\"_blank\" rel=\"noreferrer noopener\">hier<\/a>.<\/p>\n\n\n\n<h2 class=\"wp-block-heading\">LinkedIn Insight-Tag<\/h2>\n\n\n\n<p>LinkedIn Insight-Tag (ein Dienst von LinkedIn Ireland Unlimited Company) hilft dabei festzustellen, ob du die Zielgruppe f\u00fcr die Pr\u00e4sentation von Anzeigen innerhalb des LinkedIn-Werbenetzwerks bist. Dabei kannst du in einer von uns angelegten Zielgruppe (z.B. Personen, die ein bestimmtes Unternehmen geliked haben) gezielt angesprochen werden. Au\u00dferdem werden die Daten f\u00fcr das so genannte &#8222;Remarketing&#8220; verwendet, um Nutzern, die bereits auf eine unserer Anzeigen innerhalb des Linkedin Werbenetzwerks geklickt haben oder unsere Website besucht haben, erneut gezielte Werbung anzeigen zu k\u00f6nnen. Der LinkedIn Insight-Tag erm\u00f6glicht es auch die Wirksamkeit von Linkedin-Werbung zu verfolgen (z.B. Conversation-Tracking). Cookies werden verwendet, um Nutzer zu unterscheiden und ihr Verhalten auf der Website im Detail aufzuzeichnen und diese Daten mit Werbedaten aus dem Linkedin-Werbenetzwerk zu verkn\u00fcpfen. Diese Daten k\u00f6nnen mit den Daten der auf linkedin.com mit ihren Linkedin-Konten registrierten Nutzer verkn\u00fcpft werden. Weitere Informationen&nbsp;<a href=\"https:\/\/de.linkedin.com\/legal\/privacy-policy\" target=\"_blank\" rel=\"noreferrer noopener\">hier<\/a>.<br><\/p>\n\n\n\n<h2 class=\"wp-block-heading\">Facebook Pixel<\/h2>\n\n\n\n<p>Facebook-Pixel (Meta Platforms Ireland Limited) hilft dabei festzustellen, ob du die Zielgruppe f\u00fcr die Pr\u00e4sentation von Anzeigen innerhalb des Facebook-Werbenetzwerks bist. Der Facebook-Pixel erm\u00f6glicht es auch die Wirksamkeit von Facebook-Werbung zu verfolgen. Mit der zus\u00e4tzlichen Funktion \u201cextended comparison\u201d werden in deinem Facebook-Konto gespeicherte Informationen, wie z.B. E-Mail-Adressen oder Facebook-IDs von Nutzern in verschl\u00fcsselter Form zielgruppengerecht verwendet. Cookies werden verwendet, um Nutzer zu unterscheiden und ihr Verhalten auf der Website im Detail aufzuzeichnen und diese Daten mit Werbedaten aus dem Facebook-Werbenetzwerk zu verkn\u00fcpfen. Diese Daten k\u00f6nnen mit den Daten der auf facebook.com mit ihren Facebook-Konten registrierten Nutzer verkn\u00fcpft werden. Weitere Informationen&nbsp;<a href=\"https:\/\/www.facebook.com\/about\/privacy\" target=\"_blank\" rel=\"noreferrer noopener\">hier<\/a>.<\/p>\n\n\n\n<h2 class=\"wp-block-heading\">Youtube<\/h2>\n\n\n\n<p>YouTube (Dienst von Google Ireland Limited) erm\u00f6glicht die direkte Einbettung von auf youtube.com ver\u00f6ffentlichten Inhalten in Websites. Die Cookies werden verwendet, um besuchte Websites und detaillierte Statistiken \u00fcber das Nutzerverhalten zu sammeln. Diese Daten k\u00f6nnen mit den Daten der auf youtube.com und google.com angemeldeten Nutzer verkn\u00fcpft werden. Weitere Informationen&nbsp;<a href=\"https:\/\/policies.google.com\/privacy\" target=\"_blank\" rel=\"noreferrer noopener\">hier<\/a>.<\/p>\n\n\n\n<h2 class=\"wp-block-heading\">Spotify<\/h2>\n\n\n\n<p>Spotify (ein Dienst von Spotify AB) erm\u00f6glicht das Einbetten von Musik von spotify.com direkt in Websites. Die Cookies werden verwendet, um den Ansichtsbereich des Musikplayers zu definieren und um besuchte Webseiten und detaillierte Statistiken \u00fcber das Nutzerverhalten zu sammeln. Diese Daten k\u00f6nnen mit den Daten der auf spotify.com registrierten Nutzer oder einer nativ installierten Spotify-Anwendung verkn\u00fcpft werden. Weitere Informationen&nbsp;<a href=\"https:\/\/www.spotify.com\/de\/legal\/privacy-policy\/\" target=\"_blank\" rel=\"noreferrer noopener\">hier<\/a>.<\/p>\n\n\n\n<h2 class=\"wp-block-heading\">WPML<\/h2>\n\n\n\n<p>WPML verwendet Cookies, um die aktuelle Sprache des Besuchers, die zuletzt besuchte Sprache und die Sprache der eingeloggten Benutzer zu ermitteln. WPML ist ein mehrsprachiges System f\u00fcr WordPress-Websites. Die Cookies speichern die Sprache des Nutzers und k\u00f6nnen den Nutzer zu der Version der Website umleiten, die der Sprache des Browsers des Nutzers entspricht.<\/p>\n\n\n\n<h2 class=\"wp-block-heading\">Wordfence<\/h2>\n\n\n\n<p>Wordfence sch\u00fctzt diese Website vor Angriffen verschiedener Art. Cookies werden verwendet, um die Berechtigungen des Benutzers vor dem Zugriff auf WordPress zu pr\u00fcfen, um Administratoren zu benachrichtigen, wenn sich ein Benutzer mit einem neuen Ger\u00e4t oder an einem neuen Standort anmeldet, und um bestimmte L\u00e4nderbeschr\u00e4nkungen durch speziell vorbereitete Links zu umgehen.<\/p>\n\n\n\n<h2 class=\"wp-block-heading\">Gravatar (Avatar images)<\/h2>\n\n\n\n<p>Gravatar ist ein Dienst von Automattic Inc, bei dem Personen ihre E-Mail-Adresse mit einem Avatar-Bild verkn\u00fcpfen k\u00f6nnen, dass beispielsweise im Kommentarbereich geladen wird. Auf dem Client des Nutzers werden keine Cookies im technischen Sinne gesetzt, aber es werden technische und pers\u00f6nliche Daten wie z.B. die IP-Adresse vom Client zum Server des Diensteanbieters \u00fcbertragen, um die Nutzung des Dienstes zu erm\u00f6glichen.<br><\/p>\n\n\n\n<h2 class=\"wp-block-heading\">Intercom (Chat)<\/h2>\n\n\n\n<p>Intercom ist ein Kundendienst-Tool, welches einen Live-Chat f\u00fcr Websites bietet. Die Cookies werden verwendet, um den Benutzer zu identifizieren, fr\u00fchere Nachrichten mit seinem Chat-Verlauf zu verkn\u00fcpfen und detaillierte Statistiken \u00fcber sein Verhalten zu sammeln. Weitere Informationen&nbsp;<a href=\"https:\/\/www.intercom.com\/legal\/terms-and-policies#privacy\" target=\"_blank\" rel=\"noreferrer noopener\">hier<\/a>.<\/p>\n\n\n\n<h2 class=\"wp-block-heading\">Real Cookie Banner<\/h2>\n\n\n\n<p>Diese Website verwendet Real Cookie Banner, das ein technisch notwendiges Cookie setzt, um Ihre Cookie-Einwilligungen zu speichern. Real Cookie Banner verarbeitet keinerlei personenbezogenen Daten. Im Cookie von Real Cookie Banner werden Ihre Einwilligungen gespeichert, die Sie beim Betreten der Website gegeben haben. M\u00f6chten Sie diese Einwilligungen widerrufen, l\u00f6schen Sie einfach das Cookie in Ihrem Browser. Wenn Sie die Website neu betreten\/neu laden, werden Sie erneut nach Ihrer Cookie-Einwilligung gefragt.<\/p>\n\n\n\n<h2 class=\"wp-block-heading\">SalesViewer Technology<\/h2>\n\n\n\n<p>Auf dieser Webseite werden mit der SalesViewer\u00ae-Technologie der SalesViewer\u00ae GmbH auf Grundlage berechtigter Interessen des Webseitenbetreibers (Art. 6 Abs.1 lit.f DSGVO) Daten zu Marketing-, Marktforschungs- und Optimierungszwecken gesammelt und gespeichert. Hierzu wird ein javascript-basierter Code eingesetzt, der zur Erhebung unternehmensbezogener Daten und der entsprechenden Nutzung dient. Die mit dieser Technologie erhobenen Daten werden \u00fcber eine nicht r\u00fcckrechenbare Einwegfunktion (sog. Hashing) verschl\u00fcsselt. Die Daten werden unmittelbar pseudonymisiert und nicht dazu benutzt, den Besucher dieser Webseite pers\u00f6nlich zu identifizieren. Die im Rahmen von Salesviewer gespeicherten Daten werden gel\u00f6scht, sobald sie f\u00fcr ihre Zweckbestimmung nicht mehr erforderlich sind und der L\u00f6schung keine gesetzlichen Aufbewahrungspflichten entgegenstehen. Der Datenerhebung und -speicherung kann jederzeit mit Wirkung f\u00fcr die Zukunft widersprochen werden, indem Sie bitte diesen Link https:\/\/www.salesviewer.com\/opt-out anklicken, um die Erfassung durch SalesViewer\u00ae innerhalb dieser Webseite zuk\u00fcnftig zu verhindern. Dabei wird ein Opt-out-Cookie f\u00fcr diese Webseite auf Ihrem Ger\u00e4t abgelegt. L\u00f6schen Sie Ihre Cookies in diesem Browser, m\u00fcssen Sie diesen Link erneut klicken.<\/p>\n\n\n\n<h2 class=\"wp-block-heading\">Hotjar<\/h2>\n\n\n\n<p>Hotjar ist ein Service zur Verhaltensanalyse und zum Sammeln von Benutzer-Feedback. Er erstellt Heatmaps und Sitzungsaufzeichnungen des Website- und WebApp-Nutzers und spielt Umfragen aus. Die Cookies werden verwendet, um den Nutzer \u00fcber mehrere Unterseiten hinweg zu identifizieren, den Status von Umfragen zu speichern, das Abspielen von Anzeigen zu steuern und die w\u00e4hrend der Sitzungsaufzeichnungen gesammelten Daten zu verkn\u00fcpfen.<\/p>\n\n\n\n<h2 class=\"wp-block-heading\">ActiveCampaign<\/h2>\n\n\n\n<p>ActiveCampaign ist eine Marketingplattform, mittels welcher die Interaktion und Kommunikation von potenziellen Kunden analysiert wird. Die erhobenen Daten k\u00f6nnen verwendet werden, um das Marketing f\u00fcr jeden Nutzer zu individualisieren. Das ActiveCampaign Site-Tracking verbindet Marketing- und Verkaufsprozess mit einer Analyse des Verhaltens von Nutzern auf der Website, wobei das Verhalten jedes individuellen Nutzers in Echtzeit verfolgt werden kann. Dar\u00fcber hinaus verbindet das Site-Tracking die erhobenen Daten mit dem Conversion-Tracking von ActiveCampaign. Cookies werden verwendet, um den Nutzer eindeutig zu identifizieren und \u00fcber mehrere Unterseiten hinweg zu verfolgen.<\/p>\n\n\n\n<h2 class=\"wp-block-heading\">Eingebettete Inhalte von anderen Websites<\/h2>\n\n\n\n<p>Seiten und Artikel auf dieser Website k\u00f6nnen eingebettete Inhalte (z. B. Videos, Bilder, Artikel) enthalten. Eingebettete Inhalte von anderen Websites verhalten sich genau so, als ob der Besucher die andere Website besucht h\u00e4tte. Diese Websites k\u00f6nnen Daten \u00fcber Sie sammeln, Cookies verwenden, zus\u00e4tzliche Verfolgungen durch Dritte einbetten und Ihre Interaktion mit diesem eingebetteten Inhalt \u00fcberwachen, einschlie\u00dflich der Verfolgung Ihrer Interaktion mit dem eingebetteten Inhalt, wenn Sie ein Konto haben und auf dieser Website angemeldet sind.<\/p>\n\n\n\n<h2 class=\"wp-block-heading\">Google reCATPCHA<\/h2>\n\n\n\n<p>Google reCAPTCHA ist eine L\u00f6sung zur Erkennung von Bots, z. B. bei der Eingabe von Daten in Online-Formulare, und zur Vermeidung von Spam. Die Cookies werden verwendet, um den Nutzer innerhalb der Google bekannten Daten als Nutzer zu identifizieren und die Vertrauensw\u00fcrdigkeit des Nutzers einzusch\u00e4tzen. Diese gesammelten Daten k\u00f6nnen mit Daten \u00fcber Nutzer verkn\u00fcpft werden, die sich bei ihren Google-Konten auf google.com oder einer lokalisierten Version von Google angemeldet haben.<\/p>\n\n\n\n<h2 class=\"wp-block-heading\">Nelio A\/B Testing<\/h2>\n\n\n\n<p>Die Hauptfunktion von Nelio A\/B Testing ist das Entwerfen und Durchf\u00fchren von A\/B-Testing-Experimenten, um die Website auf der Grundlage der Ergebnisse dieser Experimente zu \u00e4ndern. Das Plugin sammelt passiv Informationen, die durch die Analyse der Seitenaufrufe und der Benutzernavigation durch Cookies und andere Analysen gesammelt werden. Aus Sicht der Besucher werden keinerlei personenbezogene Daten gespeichert, sondern nur die Conversions und Seitenaufrufe. Wenn ein Besucher auf ein bestimmte Seite klickt, wird der Seitenaufruf als \u00ab1\u00bb Aufruf sowie das Klickereignis und das Datum des Ereignisses gespeichert. Dieses Ereignis ist anonym und enth\u00e4lt nur allgemeine Informationen \u00fcber den Browser des Besuchers oder das von ihm verwendete Betriebssystem. Weitere Informationen&nbsp;<a href=\"https:\/\/neliosoftware.com\/privacy-policy-cookies\/\" target=\"_blank\" rel=\"noreferrer noopener\">hier<\/a>.<\/p>\n\n\n\n<h2 class=\"wp-block-heading\">Tradingview<\/h2>\n\n\n\n<p>Diese Website benutzt Tradingview-Widgets, einen Dienst zum Einbinden von aktuellen W\u00e4hrungskursen und Charts der TradingView.com. Tradingview verwendet sogenannte &#8222;Cookies&#8220;, Textdateien, die auf Ihrem Computer gespeichert werden und die eine Analyse der Benutzung der Website erm\u00f6glichen. Tradingview verwendet auch so genannte Web Beacons (unsichtbare Grafiken). Durch diese Web Beacons k\u00f6nnen Informationen wie der Besucherverkehr auf diesen Seiten ausgewertet werden.<\/p>\n\n\n\n<h2 class=\"wp-block-heading\">Cloudflare<\/h2>\n\n\n\n<p>Cloudflare sch\u00fctzt Websites vor b\u00f6sartigem Traffic und speichert Teile der Website in einem Cache f\u00fcr eine schnellere Auslieferung. Cloudflare kann auch eine gecachte Version der Webseite ausliefern, wenn der Server der Webseite nicht verf\u00fcgbar ist. Die Cookies werden verwendet, um Nutzer eindeutig zu identifizieren und als potenzielle Angreifer einzustufen und den schnellsten verf\u00fcgbaren Server zu ermitteln.<\/p>\n\n\n\n<h2 class=\"wp-block-heading\">Calendly<\/h2>\n\n\n\n<p>Calendly ist ein Online-Terminplanungs-Tool f\u00fcr die Buchung von Terminen und die Koordination von Meetings. Wenn Nutzer mit Calendly interagieren, werden personenbezogene Daten wie Name, E-Mail-Adresse und ausgew\u00e4hlte Meeting-Zeiten erfasst, um den Terminbuchungsprozess zu optimieren. Calendly kann ausserdem Interaktionen mit eingebetteten Buchungslinks auf der Website nachverfolgen, um das Buchungserlebnis zu verbessern. Cookies und \u00e4hnliche Technologien werden verwendet, um Nutzer zu identifizieren, Pr\u00e4ferenzen zu speichern und die Funktionalit\u00e4t des Buchungssystems zu optimieren. Weitere Informationen&nbsp;<a href=\"https:\/\/calendly.com\/legal\/privacy-notice\" target=\"_blank\" rel=\"noreferrer noopener\">hier<\/a>.<\/p>\n\n\n\n<h2 class=\"wp-block-heading\">Haben Sie noch Fragen?<\/h2>\n\n\n\n<p>Wenn Sie Fragen zu unserer Verwendung von Cookies oder anderen Technologien haben, wenden Sie sich bitte&nbsp;<a href=\"https:\/\/amnistreasury.com\/de\/kontakt\/\" target=\"_blank\" rel=\"noreferrer noopener\">hier<\/a>.<\/p>\n\n\n<\/div>\n\n\n<div  class=\"block-content-container blocks-wrap blocks-wrap--narrow alignfull block-color-variation--light default-block-padding default-block-padding-modified default-block-padding-modified-from-settings default-block-padding--top-default default-block-padding--bottom-medium\">\n  \n\n<h2 class=\"wp-block-heading is-style-heading-2xl\">Datenschutzhinweise aufgrund der EU-Datenschutzgrundverordnung und des Datenschutzgesetzes<\/h2>\n\n\n\n<p class=\"is-style-copy-2xl\">Anwendbar f\u00fcr alle mit AMNIS Europe AG, Vaduz (amnis) und AMNIS Treasury Services AG, Z\u00fcrich, in Kontakt stehenden Personen, wie z.B. bestehende und zuk\u00fcnftige Kunden, Lieferanten, Besucher.<\/p>\n\n\n\n<p class=\"is-style-copy-2xl\">Mit den folgenden Datenschutzhinweisen m\u00f6chten wir Ihnen einen \u00dcberblick geben \u00fcber die Verarbeitung der bei amnis gef\u00fchrten personenbezogenen Daten und die daraus resultierenden Rechte nach den Bestimmungen der Datenschutzgrundverordnung der EU (DSGVO) und dem Datenschutzgesetz (DSG) der Schweiz. Welche Daten im Einzelnen verarbeitet und in welcher Weise genutzt werden, richtet sich massgeblich nach den jeweils zu erbringenden beziehungsweise vereinbarten Dienstleistungen und Produkten. amnis ist aufgrund des Gesch\u00e4ftsgeheimnisses zum Schutz Ihrer Privatsph\u00e4re und Verschwiegenheit verpflichtet und trifft aus diesem Grund f\u00fcr s\u00e4mtliche Datenverarbeitungen personenbezogener Daten eine Vielzahl an technischen und organisatorischen Datenschutzvorkehrungen.<\/p>\n\n\n\n<div style=\"height:35px\" aria-hidden=\"true\" class=\"wp-block-spacer\"><\/div>\n\n\n<div class=\"c-button-group c-button-group--center text-center block-button\">\t<a href=\"https:\/\/amnistreasury.com\/wp-content\/uploads\/2022\/12\/2022_11_AMNIS_Datenschutz.pdf\" class=\"c-button c-button--primary\">\n\t\t\t\t\t\t\tDatenschutz-Hinweise\t\t\t\t\t<\/a>\n\t<\/div>\n\n<\/div>","protected":false},"excerpt":{"rendered":"","protected":false},"author":4,"featured_media":0,"parent":0,"menu_order":0,"comment_status":"closed","ping_status":"closed","template":"","meta":{"_acf_changed":false,"footnotes":"","rank_math_focus_keyword":""},"class_list":["post-27096","page","type-page","status-publish","hentry"],"acf":[],"_links":{"self":[{"href":"https:\/\/amnistreasury.com\/de\/wp-json\/wp\/v2\/pages\/27096","targetHints":{"allow":["GET"]}}],"collection":[{"href":"https:\/\/amnistreasury.com\/de\/wp-json\/wp\/v2\/pages"}],"about":[{"href":"https:\/\/amnistreasury.com\/de\/wp-json\/wp\/v2\/types\/page"}],"author":[{"embeddable":true,"href":"https:\/\/amnistreasury.com\/de\/wp-json\/wp\/v2\/users\/4"}],"replies":[{"embeddable":true,"href":"https:\/\/amnistreasury.com\/de\/wp-json\/wp\/v2\/comments?post=27096"}],"version-history":[{"count":5,"href":"https:\/\/amnistreasury.com\/de\/wp-json\/wp\/v2\/pages\/27096\/revisions"}],"predecessor-version":[{"id":80385,"href":"https:\/\/amnistreasury.com\/de\/wp-json\/wp\/v2\/pages\/27096\/revisions\/80385"}],"wp:attachment":[{"href":"https:\/\/amnistreasury.com\/de\/wp-json\/wp\/v2\/media?parent=27096"}],"curies":[{"name":"wp","href":"https:\/\/api.w.org\/{rel}","templated":true}]}}