{"id":22770,"date":"2021-10-19T15:49:56","date_gmt":"2021-10-19T15:49:56","guid":{"rendered":"https:\/\/amnistreasury.com\/v2_terms_and_policies_de\/"},"modified":"2026-02-19T11:39:37","modified_gmt":"2026-02-19T11:39:37","slug":"nutzungsbestimmungen-und-impressum","status":"publish","type":"page","link":"https:\/\/amnistreasury.com\/de\/nutzungsbestimmungen-und-impressum\/","title":{"rendered":"V2_Terms_and_Policies_DE"},"content":{"rendered":"\n<div  class=\"block-content-container blocks-wrap blocks-wrap--narrow alignfull block-color-variation--light default-block-padding default-block-padding-modified default-block-padding--top-medium default-block-padding--bottom-medium\">\n  \n\n<h2 class=\"wp-block-heading is-style-heading-2xl\">Nutzungsbestimmungen und Impressum<\/h2>\n\n\n\n<h2 class=\"wp-block-heading is-style-heading-l\">Nutzungsbestimmungen der amnis-Services<\/h2>\n\n\n\n<p class=\"is-style-copy-2xl\">Die nachstehenden Bedingungen dienen einer klaren Regelung der Nutzung der amnis-Services. Durch den Zugriff auf jegliche amnis-Services erkl\u00e4ren Sie sich mit der rechtlich verbindlichen G\u00fcltigkeit der in den untenstehenden PDF-Dokumenten genannten Nutzungsbedingungen und des Haftungsausschlusses einverstanden.<\/p>\n\n\n\n<div class=\" block-document-list not-typo links-styled mt-xl mb-2xl aligncontent\" >\n    <div class=\"document-list\">\n              <ul class=\"document-list__items flex flex-col gap-2xs\">\n                      <li class=\"document-list__item\">\n              <a class=\"document-list__link flex items-center gap-2xs text-l font-bold py-2xs\" href=\"https:\/\/amnistreasury.com\/wp-content\/uploads\/2024\/11\/Rahmenvertrag_AMNIS_Europe_AG_DE_20241115.pdf\" target=\"_blank\" rel=\"noopener noreferrer\">\n                <img decoding=\"async\" src=\"https:\/\/amnistreasury.com\/wp-content\/themes\/hello-elementor\/assets\/images\/pdf-download.svg\" alt=\"PDF Download\" class=\"document-list__icon\" \/>\n                <span class=\"document-list__title\">AGB Web-\/Mobile-App<\/span>\n              <\/a>\n            <\/li>\n                      <li class=\"document-list__item\">\n              <a class=\"document-list__link flex items-center gap-2xs text-l font-bold py-2xs\" href=\"https:\/\/amnistreasury.com\/wp-content\/uploads\/2026\/01\/2026_01_amnis-Debit-Card-Terms-and-Conditions-DE.pdf\" target=\"_blank\" rel=\"noopener noreferrer\">\n                <img decoding=\"async\" src=\"https:\/\/amnistreasury.com\/wp-content\/themes\/hello-elementor\/assets\/images\/pdf-download.svg\" alt=\"PDF Download\" class=\"document-list__icon\" \/>\n                <span class=\"document-list__title\">AGB Debitkarte<\/span>\n              <\/a>\n            <\/li>\n                      <li class=\"document-list__item\">\n              <a class=\"document-list__link flex items-center gap-2xs text-l font-bold py-2xs\" href=\"https:\/\/amnistreasury.com\/wp-content\/uploads\/2025\/06\/amnis_API-terms-and-conditions_DE.pdf\" target=\"_blank\" rel=\"noopener noreferrer\">\n                <img decoding=\"async\" src=\"https:\/\/amnistreasury.com\/wp-content\/themes\/hello-elementor\/assets\/images\/pdf-download.svg\" alt=\"PDF Download\" class=\"document-list__icon\" \/>\n                <span class=\"document-list__title\">AGB amnis API<\/span>\n              <\/a>\n            <\/li>\n                      <li class=\"document-list__item\">\n              <a class=\"document-list__link flex items-center gap-2xs text-l font-bold py-2xs\" href=\"https:\/\/amnistreasury.com\/wp-content\/uploads\/2025\/11\/DE_amnis_ai_use_statement.pdf\" target=\"_blank\" rel=\"noopener noreferrer\">\n                <img decoding=\"async\" src=\"https:\/\/amnistreasury.com\/wp-content\/themes\/hello-elementor\/assets\/images\/pdf-download.svg\" alt=\"PDF Download\" class=\"document-list__icon\" \/>\n                <span class=\"document-list__title\">KI-Erkl\u00e4rung<\/span>\n              <\/a>\n            <\/li>\n                  <\/ul>\n          <\/div>\n<\/div>\n\n\n\n\n\n<h2 class=\"wp-block-heading is-style-heading-l\">Nutzungsbestimmungen der amnis Website<\/h2>\n\n\n\n<p class=\"is-style-copy-2xl\">Die nachstehenden Bedingungen dienen einer klaren Regelung der Nutzung der Website von amnis. Mit dem Zugriff auf diese Website (<a href=\"https:\/\/amnistreasury.com\/de\/\">www.amnistreasury.com<\/a>) kennen Sie die rechtlich bindende Wirkung der hier genannten Nutzungsbedingungen und des Haftungsausschlusses an.<\/p>\n\n\n\n<h2 class=\"wp-block-heading is-style-heading-l\">Inhalte<\/h2>\n\n\n\n<p>S\u00e4mtliche Inhalte der amnis Website dienen lediglich Informationszwecken. Sie sind ausdr\u00fccklich nicht als Werbung oder verbindliche Offerten zu kostenpflichtigen Beratungsdienstleistungen anzusehen, sofern nicht explizit darauf hingewiesen wird. Hinsichtlich der Genauigkeit, Vollst\u00e4ndigkeit, Verf\u00fcgbarkeit und Zuverl\u00e4ssigkeit der Informationen und Funktionen auf der amnis Website wird weder implizit noch ausdr\u00fccklich Gew\u00e4hr \u00fcbernommen, insbesondere bez\u00fcglich der Gew\u00e4hrleistung von Urheberrechten und anderen Rechten, die Marktg\u00e4ngigkeit oder die Eignung f\u00fcr einen bestimmten Zweck. Die auf der amnis Website angebotenen Informationen entbinden den Nutzer nicht von der Notwendigkeit, eigene Entscheidungen zu treffen. amnis beh\u00e4lt sich vor, alle Inhalte ohne vorherige Ank\u00fcndigung zu \u00e4ndern. amnis ist nicht verpflichtet, die hier enthaltenen Informationen zu aktualisieren bzw. auf dem neuesten Stand zu halten.<\/p>\n\n\n\n<h2 class=\"wp-block-heading is-style-heading-l\">Kontaktformulare<\/h2>\n\n\n\n<p>Mit dem Ausf\u00fcllen eines Kontaktformulars auf der amnis Website willigen die Nutzer ein, Informationen per E-Mail zu erhalten. Dies gilt insbesondere f\u00fcr das Abonnieren des Newsletters oder des Wechselkurs-Alarmes. Dieser Wechselkurs-Alarm auf der amnis Website dient ausschliesslich Informationszwecken. Die Benachrichtigungen stellen keine Angebote oder Empfehlungen dar.<\/p>\n\n\n\n<h2 class=\"wp-block-heading is-style-heading-l\">Haftungsausschluss<\/h2>\n\n\n\n<p>Soweit das Gesetz dies gestattet, sind amnis sowie ihre Mitarbeiter nicht f\u00fcr unmittelbare oder mittelbare Verluste, Haftungsanspr\u00fcche, Kosten, Forderungen, Ausgaben oder Sch\u00e4den jeglicher Art, die aus der Nutzung dieser Website entstehen oder damit zusammenh\u00e4ngen, haftbar. Dies gilt auch bei Sch\u00e4den, die durch Fahrl\u00e4ssigkeit entstehen, oder wo amnis \u00fcber die M\u00f6glichkeit solcher Schadensfolgen informiert war.<\/p>\n\n\n\n<h2 class=\"wp-block-heading is-style-heading-l\">Links<\/h2>\n\n\n\n<p>Die amnis Website kann Inhalte Dritter oder Links zu Webseiten Dritter enthalten. amnis besitzt keine Kontrolle \u00fcber die Inhalte oder Webseiten Dritter, \u00fcbernimmt keinerlei Verantwortung oder Gew\u00e4hr f\u00fcr diese Inhalte oder Webseiten und macht diesbez\u00fcglich keinerlei Zusicherungen. Dies schliesst auch die Richtigkeit, den Inhalt, die Qualit\u00e4t oder die Aktualit\u00e4t dieser Webseiten ein. amnis ist insbesondere nicht f\u00fcr die Inhalte oder Webseiten Dritter sowie f\u00fcr Webseiten haftbar, auf denen die amnis Website verlinkt ist oder diese in Frames angezeigt wird.<\/p>\n\n\n\n<h2 class=\"wp-block-heading is-style-heading-l\">Rechte an geistigem Eigentum<\/h2>\n\n\n\n<p>S\u00e4mtliche Rechte, Titel und Anspr\u00fcche (einschliesslich Copyrights, Marken, Patente und anderer Rechte an geistigem Eigentum sowie sonstiger Rechte) an, f\u00fcr und aus allen Informationen und Inhalten (einschliesslich aller Texte, Daten, Grafiken und Logos) auf der amnis Website verbleiben bei amnis oder dem jeweiligen Rechteinhaber. Einzelne Seiten und\/oder Teile der amnis Website d\u00fcrfen ausschliesslich zu privater oder interner Verwendung ausgedruckt werden, und nur insoweit als der jeweilige Ausdruck alle betreffenden Hinweise auf Copyrights und andere Eigentumsrechte enth\u00e4lt. Es ist den Benutzern unter Anderem verboten, jegliche Informationen, Texte, Grafiken, Bilder, Videoclips, Verzeichnisse, Datenbanken oder Listen, die von der amnis Website stammen, im Ganzen oder teilweise ohne die vorherige schriftliche Genehmigung von amnis zu ver\u00e4ndern, zu kopieren, zu senden, weiterzugeben, auszustellen, vorzuf\u00fchren, zu reproduzieren, zu ver\u00f6ffentlichen, zu lizenzieren, als Frame in einer Website zu verwenden, zu \u00fcbertragen und von den genannten Inhalten abgeleitete Werke zu erstellen oder sie auf andere Art f\u00fcr gewerbliche oder \u00f6ffentliche Zwecke zu nutzen. Ohne anderslautende Genehmigung durch amnis ist es untersagt, systematisch Inhalte von der amnis Website abzurufen, um direkt oder indirekt eine Sammlung oder Datenbank oder ein Verzeichnis zusammenzustellen oder auf die amnis Website zu verlinken.<\/p>\n\n\n\n<h2 class=\"wp-block-heading\">Salvatorische Klausel<\/h2>\n\n\n\n<p>Sollten einzelne Bestimmungen dieser Nutzungsbedingungen unwirksam oder undurchf\u00fchrbar sein oder nach Vertragsschluss unwirksam oder undurchf\u00fchrbar werden, bleibt davon die Wirksamkeit der Vereinbarung im \u00dcbrigen unber\u00fchrt. An die Stelle der unwirksamen oder undurchf\u00fchrbaren Bestimmung soll diejenige wirksame und durchf\u00fchrbare Regelung treten, deren Wirkungen der wirtschaftlichen Zielsetzung am n\u00e4chsten kommen, welche die Vertragsparteien mit der unwirksamen bzw. undurchf\u00fchrbaren Bestimmung verfolgt haben.<\/p>\n\n\n\n<div style=\"height:34px\" aria-hidden=\"true\" class=\"wp-block-spacer\"><\/div>\n\n\n\n<h2 class=\"wp-block-heading is-style-heading-2xl\">Impressum<\/h2>\n\n\n\n<p class=\"is-style-copy-2xl\"><a href=\"https:\/\/amnistreasury.com\/de\/\">www.amnistreasury.com<\/a>&nbsp;ist die Internet-Plattform der AMNIS Europe AG.<\/p>\n\n\n\n<h2 class=\"wp-block-heading is-style-heading-l\">Herausgeber<\/h2>\n\n\n\n<p>AMNIS Europe AG<br>Gewerbeweg 15<br>FL-9490 Vaduz<br>Telefon: +41 44 515 87 90<br>Email: info@amnistreasury.com<\/p>\n\n\n\n<h2 class=\"wp-block-heading is-style-heading-l\">Handelsregistereintrag<\/h2>\n\n\n\n<p><strong>Eingetragener Firmenname: <\/strong>AMNIS Europe AG<br><strong>UID Nummer: <\/strong>FL-0002.647.164-7<br><strong>Handelsregisteramt:<\/strong> F\u00fcrstentum Liechtenstein<br><strong>Gesch\u00e4ftsf\u00fchrer:<\/strong> Michael W\u00fcst<\/p>\n\n\n\n<p><strong>Eingetragener Firmenname: <\/strong>AMNIS Treasury Services Ltd<br><strong>UID Nummer:<\/strong> CHE-264.153.386<br><strong>Handelsregisteramt: <\/strong>Kanton Z\u00fcrich<br><strong>Gesch\u00e4ftsf\u00fchrer: <\/strong>Michael W\u00fcst<\/p>\n\n\n\n<h2 class=\"wp-block-heading is-style-heading-l\">Urheberrechte<\/h2>\n\n\n\n<p>Die Urheber- und alle anderen Rechte an Inhalten, Bildern, Fotos oder anderen Dateien auf der Website geh\u00f6ren ausschliesslich der Firma AMNIS Europe AG oder den eigens genannten Rechteinhabern. F\u00fcr die Reproduktion jeglicher Elemente ist die schriftliche Zustimmung im Voraus einzuholen.<\/p>\n\n\n<\/div>","protected":false},"excerpt":{"rendered":"","protected":false},"author":4,"featured_media":0,"parent":0,"menu_order":0,"comment_status":"closed","ping_status":"closed","template":"","meta":{"_acf_changed":false,"footnotes":""},"class_list":["post-22770","page","type-page","status-publish","hentry"],"acf":[],"_links":{"self":[{"href":"https:\/\/amnistreasury.com\/de\/wp-json\/wp\/v2\/pages\/22770","targetHints":{"allow":["GET"]}}],"collection":[{"href":"https:\/\/amnistreasury.com\/de\/wp-json\/wp\/v2\/pages"}],"about":[{"href":"https:\/\/amnistreasury.com\/de\/wp-json\/wp\/v2\/types\/page"}],"author":[{"embeddable":true,"href":"https:\/\/amnistreasury.com\/de\/wp-json\/wp\/v2\/users\/4"}],"replies":[{"embeddable":true,"href":"https:\/\/amnistreasury.com\/de\/wp-json\/wp\/v2\/comments?post=22770"}],"version-history":[{"count":5,"href":"https:\/\/amnistreasury.com\/de\/wp-json\/wp\/v2\/pages\/22770\/revisions"}],"predecessor-version":[{"id":83758,"href":"https:\/\/amnistreasury.com\/de\/wp-json\/wp\/v2\/pages\/22770\/revisions\/83758"}],"wp:attachment":[{"href":"https:\/\/amnistreasury.com\/de\/wp-json\/wp\/v2\/media?parent=22770"}],"curies":[{"name":"wp","href":"https:\/\/api.w.org\/{rel}","templated":true}]}}