{"id":51971,"date":"2024-10-21T16:22:22","date_gmt":"2024-10-21T16:22:22","guid":{"rendered":"https:\/\/amnistreasury.com\/?page_id=51971"},"modified":"2024-12-02T11:01:25","modified_gmt":"2024-12-02T11:01:25","slug":"objednat-demo-hovor","status":"publish","type":"page","link":"https:\/\/amnistreasury.com\/cs\/objednat-demo-hovor\/","title":{"rendered":"Book a demo call &#8211; Calendly &#8211; CZ"},"content":{"rendered":"<div  class=\"block-calendly bg-light-gray alignfull default-block-padding\">\n  <div class=\"js-block-calendly-container container container--default-2024\">\n    <div class=\"grid grid-cols-1 sm:grid-cols-12 sm:gap-default-2024\">\n      <div class=\"order-2 sm:order-1 mt-20 sm:mt-0 sm:col-span-6\">\n        <div class=\"flex gap-8 \">\n                    <div class=\"\">\n                          <p class=\"is-style-heading-accent\">\n                Kontaktujte n\u00e1s              <\/p>\n            \n                          <h1 class=\"is-style-heading-2xl\">\n                Napl\u00e1novat informativn\u00ed sch\u016fzku              <\/h1>\n                                      <div class=\"copy-l p-reset links-styled\">\n                <p>Napl\u00e1nujte si \u00favodn\u00ed hovor s jedn\u00edm z na\u0161ich expert\u016f a pod\u00edvejte se na amnis WebApp v akci!<\/p>\n<p>Vypl\u0148te formul\u00e1\u0159 a sjednejte si sch\u016fzku.<\/p>\n              <\/div>\n                        <div class=\" mt-6\">\n              <img decoding=\"async\" width=\"2048\" height=\"1365\" src=\"https:\/\/amnistreasury.com\/wp-content\/uploads\/2024\/10\/IMG_8862-2.jpg\" class=\"skip-lazy rounded-[8px] w-full m-0\" alt=\"\" srcset=\"https:\/\/amnistreasury.com\/wp-content\/uploads\/2024\/10\/IMG_8862-2.jpg 2048w, https:\/\/amnistreasury.com\/wp-content\/uploads\/2024\/10\/IMG_8862-2-300x200.jpg 300w, https:\/\/amnistreasury.com\/wp-content\/uploads\/2024\/10\/IMG_8862-2-1024x683.jpg 1024w, https:\/\/amnistreasury.com\/wp-content\/uploads\/2024\/10\/IMG_8862-2-768x512.jpg 768w, https:\/\/amnistreasury.com\/wp-content\/uploads\/2024\/10\/IMG_8862-2-1536x1024.jpg 1536w, https:\/\/amnistreasury.com\/wp-content\/uploads\/2024\/10\/IMG_8862-2-1760x1173.jpg 1760w, https:\/\/amnistreasury.com\/wp-content\/uploads\/2024\/10\/IMG_8862-2-880x587.jpg 880w, https:\/\/amnistreasury.com\/wp-content\/uploads\/2024\/10\/IMG_8862-2-586x391.jpg 586w\" sizes=\"(max-width: 2048px) 100vw, 2048px\" \/>            <\/div>\n          <\/div>\n        <\/div>\n      <\/div>\n      <div class=\"order-1 sm:order-2 sm:col-span-6 md:col-span-5 md:col-start-8 relative mt-8 sm:mt-20\">\n        <div class=\"relative\">\n                      <div class=\"js-custom-calendly-widget\" data-cal-url=\"https:\/\/calendly.com\/d\/cqht-szq-xn7\"><\/div>\n            <div class=\"js-calendly-consent-required-message\"><\/div>\n                  <\/div>\n      <\/div>\n    <\/div>\n    <div id=\"calendly-link-generator\" class=\"bg-blue-100 border border-blue-300 p-10 rounded mb-20 hidden\" data-nosnippet>\n    <p class=\"title text-20 mb-5 mt-0\">Calendly link generator<\/p>\n    <p><strong>Step 1.<\/strong> Go to the following website: <a href=\"https:\/\/calendly.com\/d\/cqht-szq-xn7\" target=\"_blank\" rel=\"noopener\">https:\/\/calendly.com\/d\/cqht-szq-xn7<\/a><\/p>\n    <p><strong>Step 2.<\/strong> Select the date and time, then copy the URL generated by Calendly. An example link should look like this: <code>https:\/\/calendly.com\/d\/cqht-szq-xn7\/2024-11-22T14:00:00+03:00?month=2024-11&date=2024-11-22<\/code><\/p>\n    <p><strong>Step 3.<\/strong> Paste the link into the form below and click the button to generate a link to the meeting on the Amnis website.<\/p>\n    <div class=\"flex gap-5\">\n      <input type=\"text\" id=\"calendly-link\" class=\"w-full border border-primary p-3\" placeholder=\"https:\/\/calendly.com\/d\/cqht-szq-xn7\/????-??-??T??:??:??+??:???month=????-??&#038;date=????-??-??\" value=\"\">\n      <button id=\"copy-calendly-link\" class=\"c-button c-button--primary\">Generate<\/button>\n    <\/div>\n    <p><strong>Step 4.<\/strong> Copy the link below and send to another person.<\/p>\n    <div>\n      <input type=\"text\" id=\"calendly-link-amnis\" class=\"w-full border border-primary p-3\" value=\"\" readonly>\n    <\/div>\n  <\/div>\n  <\/div>\n<\/div>","protected":false},"excerpt":{"rendered":"","protected":false},"author":23,"featured_media":0,"parent":0,"menu_order":0,"comment_status":"closed","ping_status":"closed","template":"","meta":{"_acf_changed":false,"footnotes":"","rank_math_focus_keyword":"amnis webapp,amnis demo hovor"},"class_list":["post-51971","page","type-page","status-publish","hentry"],"acf":[],"_links":{"self":[{"href":"https:\/\/amnistreasury.com\/cs\/wp-json\/wp\/v2\/pages\/51971","targetHints":{"allow":["GET"]}}],"collection":[{"href":"https:\/\/amnistreasury.com\/cs\/wp-json\/wp\/v2\/pages"}],"about":[{"href":"https:\/\/amnistreasury.com\/cs\/wp-json\/wp\/v2\/types\/page"}],"author":[{"embeddable":true,"href":"https:\/\/amnistreasury.com\/cs\/wp-json\/wp\/v2\/users\/23"}],"replies":[{"embeddable":true,"href":"https:\/\/amnistreasury.com\/cs\/wp-json\/wp\/v2\/comments?post=51971"}],"version-history":[{"count":5,"href":"https:\/\/amnistreasury.com\/cs\/wp-json\/wp\/v2\/pages\/51971\/revisions"}],"predecessor-version":[{"id":52965,"href":"https:\/\/amnistreasury.com\/cs\/wp-json\/wp\/v2\/pages\/51971\/revisions\/52965"}],"wp:attachment":[{"href":"https:\/\/amnistreasury.com\/cs\/wp-json\/wp\/v2\/media?parent=51971"}],"curies":[{"name":"wp","href":"https:\/\/api.w.org\/{rel}","templated":true}]}}