{"id":25235,"date":"2021-11-12T09:02:45","date_gmt":"2021-11-12T09:02:45","guid":{"rendered":"https:\/\/amnistreasury.com\/v2_terms_and_policies\/"},"modified":"2026-02-19T11:43:09","modified_gmt":"2026-02-19T11:43:09","slug":"smluvni-podminky","status":"publish","type":"page","link":"https:\/\/amnistreasury.com\/cs\/smluvni-podminky\/","title":{"rendered":"V2_Terms_and_Policies"},"content":{"rendered":"\n<div  class=\"block-content-container blocks-wrap blocks-wrap--narrow alignfull block-color-variation--light default-block-padding default-block-padding-modified default-block-padding--top-medium default-block-padding--bottom-medium\">\n  \n\n<h2 class=\"wp-block-heading is-style-heading-2xl\">Smluvn\u00ed podm\u00ednky<\/h2>\n\n\n\n<h2 class=\"wp-block-heading is-style-heading-l\">Podm\u00ednky a z\u00e1sady pou\u017e\u00edv\u00e1n\u00ed slu\u017eeb amnis<\/h2>\n\n\n\n<p class=\"is-style-copy-2xl\">N\u00e1sleduj\u00edc\u00ed podm\u00ednky slou\u017e\u00ed k jasn\u00e9mu vymezen\u00ed pou\u017e\u00edv\u00e1n\u00ed slu\u017eeb amnis. P\u0159\u00edstupem ke kter\u00e9koli slu\u017eb\u011b amnis souhlas\u00edte s pr\u00e1vn\u011b z\u00e1vaznou platnost\u00ed podm\u00ednek pou\u017e\u00edv\u00e1n\u00ed a vylou\u010den\u00ed odpov\u011bdnosti uveden\u00fdch v n\u00ed\u017ee uveden\u00fdch PDF dokumentech.<\/p>\n\n\n\n<div class=\" block-document-list not-typo links-styled mt-xl mb-2xl aligncontent\" >\n    <div class=\"document-list\">\n              <ul class=\"document-list__items flex flex-col gap-2xs\">\n                      <li class=\"document-list__item\">\n              <a class=\"document-list__link flex items-center gap-2xs text-l font-bold py-2xs\" href=\"https:\/\/amnistreasury.com\/wp-content\/uploads\/2024\/11\/Framework_Agreement_AMNIS_Europe_AG_EN_20241115.pdf\" target=\"_blank\" rel=\"noopener noreferrer\">\n                <img decoding=\"async\" src=\"https:\/\/amnistreasury.com\/wp-content\/themes\/hello-elementor\/assets\/images\/pdf-download.svg\" alt=\"PDF Download\" class=\"document-list__icon\" \/>\n                <span class=\"document-list__title\">Podm\u00ednky webov\u00e9 aplikace<\/span>\n              <\/a>\n            <\/li>\n                      <li class=\"document-list__item\">\n              <a class=\"document-list__link flex items-center gap-2xs text-l font-bold py-2xs\" href=\"https:\/\/amnistreasury.com\/wp-content\/uploads\/2026\/01\/2026_01_amnis-Debit-Card-Terms-and-Conditions-EN.pdf\" target=\"_blank\" rel=\"noopener noreferrer\">\n                <img decoding=\"async\" src=\"https:\/\/amnistreasury.com\/wp-content\/themes\/hello-elementor\/assets\/images\/pdf-download.svg\" alt=\"PDF Download\" class=\"document-list__icon\" \/>\n                <span class=\"document-list__title\">Podm\u00ednky karta<\/span>\n              <\/a>\n            <\/li>\n                      <li class=\"document-list__item\">\n              <a class=\"document-list__link flex items-center gap-2xs text-l font-bold py-2xs\" href=\"https:\/\/amnistreasury.com\/wp-content\/uploads\/2025\/06\/amnis_API-terms-and-conditions_CZ.pdf\" target=\"_blank\" rel=\"noopener noreferrer\">\n                <img decoding=\"async\" src=\"https:\/\/amnistreasury.com\/wp-content\/themes\/hello-elementor\/assets\/images\/pdf-download.svg\" alt=\"PDF Download\" class=\"document-list__icon\" \/>\n                <span class=\"document-list__title\">Podm\u00ednky API amnis<\/span>\n              <\/a>\n            <\/li>\n                      <li class=\"document-list__item\">\n              <a class=\"document-list__link flex items-center gap-2xs text-l font-bold py-2xs\" href=\"https:\/\/amnistreasury.com\/wp-content\/uploads\/2025\/11\/CZ_amnis_ai_use_statement.pdf\" target=\"_blank\" rel=\"noopener noreferrer\">\n                <img decoding=\"async\" src=\"https:\/\/amnistreasury.com\/wp-content\/themes\/hello-elementor\/assets\/images\/pdf-download.svg\" alt=\"PDF Download\" class=\"document-list__icon\" \/>\n                <span class=\"document-list__title\">Prohl\u00e1\u0161en\u00ed AI<\/span>\n              <\/a>\n            <\/li>\n                  <\/ul>\n          <\/div>\n<\/div>\n\n\n\n\n\n<h2 class=\"wp-block-heading is-style-heading-l\">Podm\u00ednky pou\u017e\u00edv\u00e1n\u00ed webov\u00fdch str\u00e1nek amnis<\/h2>\n\n\n\n<p class=\"is-style-copy-2xl\">N\u00e1sleduj\u00edc\u00ed podm\u00ednky slou\u017e\u00ed k jednozna\u010dn\u00e9 regulaci pou\u017e\u00edv\u00e1n\u00ed webov\u00fdch str\u00e1nek spole\u010dnosti amnis. Otev\u0159en\u00edm t\u011bchto webov\u00fdch str\u00e1nek (<a href=\"https:\/\/amnistreasury.com\/cs\/\">www.amnistreasury.com<\/a>) vyjad\u0159ujete souhlas s pr\u00e1vn\u011b z\u00e1vazn\u00fdm \u00fa\u010dinkem t\u011bchto podm\u00ednek pou\u017eit\u00ed a uveden\u00e9ho z\u0159eknut\u00ed se odpov\u011bdnosti.<\/p>\n\n\n\n<h2 class=\"wp-block-heading is-style-heading-l\">Obsah<\/h2>\n\n\n\n<p>Ve\u0161ker\u00fd obsah na webov\u00fdch str\u00e1nk\u00e1ch amnis je pouze informativn\u00ed. Nen\u00ed-li uvedeno jinak, nelze jej pova\u017eovat za inzerci nebo z\u00e1vaznou nab\u00eddku placen\u00fdch poradensk\u00fdch slu\u017eeb. S ohledem na p\u0159esnost, \u00faplnost, dostupnost a spolehlivost informac\u00ed a funkc\u00ed na webov\u00fdch str\u00e1nk\u00e1ch amnis nejsou d\u00e1ny \u017e\u00e1dn\u00e9 v\u00fdslovn\u00e9 ani implicitn\u00ed z\u00e1ruky, zejm\u00e9na co se t\u00fd\u010de z\u00e1ruky autorsk\u00fdch a dal\u0161\u00edch pr\u00e1v, prodejnosti \u010di vhodnosti pro konkr\u00e9tn\u00ed \u00fa\u010del. Informace uveden\u00e9 na webov\u00fdch str\u00e1nk\u00e1ch amnis nezbavuj\u00ed u\u017eivatele nutnosti \u010dinit vlastn\u00ed rozhodnut\u00ed. Spole\u010dnost amnis si vyhrazuje pr\u00e1vo zm\u011bnit ve\u0161ker\u00fd obsah bez p\u0159edchoz\u00edho upozorn\u011bn\u00ed. Spole\u010dnost amnis nem\u00e1 povinnost aktualizovat uveden\u00e9 informace \u010di je udr\u017eovat aktu\u00e1ln\u00ed.<\/p>\n\n\n\n<h2 class=\"wp-block-heading is-style-heading-l\">Kontaktn\u00ed formul\u00e1\u0159<\/h2>\n\n\n\n<p>Vypln\u011bn\u00edm kontaktn\u00edho formul\u00e1\u0159e na webov\u00fdch str\u00e1nk\u00e1ch amnis u\u017eivatel vyjad\u0159uje potvrzen\u00ed, \u017ee obdr\u017eel informace e-mailem. Plat\u00ed to zejm\u00e9na pro p\u0159ihl\u00e1\u0161en\u00ed k odb\u011bru zpravodaje nebo upozorn\u011bn\u00ed na sm\u011bnn\u00fd kurz. Upozorn\u011bn\u00ed na sm\u011bnn\u00fd kurz na webov\u00fdch str\u00e1nk\u00e1ch amnis je pouze informativn\u00ed. Ozn\u00e1men\u00ed nep\u0159edstavuj\u00ed nab\u00eddky ani doporu\u010den\u00ed.<\/p>\n\n\n\n<h2 class=\"wp-block-heading is-style-heading-l\">Vylou\u010den\u00ed odpov\u011bdnosti<\/h2>\n\n\n\n<p>V rozsahu povolen\u00e9m podle z\u00e1kona nezodpov\u00eddaj\u00ed spole\u010dnost amnis ani jej\u00ed zam\u011bstnanci za \u017e\u00e1dn\u00e9 p\u0159\u00edm\u00e9 ani nep\u0159\u00edm\u00e9 ztr\u00e1ty, n\u00e1roky v r\u00e1mci odpov\u011bdnosti, n\u00e1klady, po\u017eadavky, v\u00fddaje \u010di \u0161kody jak\u00e9koli povahy t\u00fdkaj\u00edc\u00edch se nebo vypl\u00fdvaj\u00edc\u00edch z pou\u017e\u00edv\u00e1n\u00ed t\u011bchto webov\u00fdch str\u00e1nek. Plat\u00ed to rovn\u011b\u017e pro \u0161kody zp\u016fsoben\u00e9 nedbalost\u00ed i p\u0159\u00edpady, kdy byla spole\u010dnost amnis o mo\u017enostech takov\u00fdchto d\u016fsledk\u016f informov\u00e1na.<\/p>\n\n\n\n<h2 class=\"wp-block-heading is-style-heading-l\">Odkazy<\/h2>\n\n\n\n<p>Na webov\u00fdch str\u00e1nk\u00e1ch amnis se m\u016f\u017ee nach\u00e1zet obsah t\u0159et\u00edch stran nebo odkaz na webov\u00e9 str\u00e1nky t\u0159et\u00edch stran. Spole\u010dnost amnis nem\u00e1 nad obsahem webov\u00fdch str\u00e1nek t\u0159et\u00edch stran \u017e\u00e1dnou kontrolu, nep\u0159ij\u00edm\u00e1 \u017e\u00e1dnou odpov\u011bdnost za takov\u00fdto obsah nebo webov\u00e9 str\u00e1nky a ne\u010din\u00ed v tomto ohledu \u017e\u00e1dn\u00e1 prohl\u00e1\u0161en\u00ed. T\u00fdk\u00e1 se to rovn\u011b\u017e p\u0159esnosti, obsahu, kvality a relevance t\u011bchto webov\u00fdch str\u00e1nek. Spole\u010dnost amnis zejm\u00e9na nezodpov\u00edd\u00e1 za obsah nebo webov\u00e9 str\u00e1nky t\u0159et\u00edch stran a za webov\u00e9 str\u00e1nky, se kter\u00fdmi jsou webov\u00e9 str\u00e1nky amnis propojen\u00e9 odkazy nebo kter\u00e9 jsou zobrazen\u00e9 v r\u00e1me\u010dc\u00edch.<\/p>\n\n\n\n<h2 class=\"wp-block-heading is-style-heading-l\">Pr\u00e1va du\u0161evn\u00edho vlastnictv\u00ed<\/h2>\n\n\n\n<p>Ve\u0161ker\u00e1 pr\u00e1va, tituly a n\u00e1roky (v\u010detn\u011b autorsk\u00fdch pr\u00e1v, ochrann\u00fdch zn\u00e1mek, patent\u016f a dal\u0161\u00edch pr\u00e1v du\u0161evn\u00edho vlastnictv\u00ed a dal\u0161\u00edch pr\u00e1v) v souvislosti s ve\u0161ker\u00fdmi informacemi a obsahem (v\u010detn\u011b ve\u0161ker\u00e9ho textu, dat, grafiky a log) na webov\u00fdch str\u00e1nk\u00e1ch amnis n\u00e1le\u017e\u00ed spole\u010dnosti amnis \u010di p\u0159\u00edslu\u0161n\u00fdm vlastn\u00edk\u016fm. Jednotliv\u00e9 str\u00e1nky a\/nebo \u010d\u00e1sti webov\u00fdch str\u00e1nek amnis lze vytisknout pro soukrom\u00e9 nebo intern\u00ed pou\u017eit\u00ed, pouze pokud p\u0159\u00edslu\u0161n\u00fd v\u00fdtisk obsahuje ve\u0161ker\u00e9 relevantn\u00ed informace o autorsk\u00fdch pr\u00e1vech a dal\u0161\u00edch pr\u00e1vech du\u0161evn\u00edho vlastnictv\u00ed. U\u017eivatel\u016fm nen\u00ed dovoleno bez p\u0159edchoz\u00edho p\u00edsemn\u00e9ho souhlasu spole\u010dnosti amnis mimo jin\u00e9 upravovat, kop\u00edrovat, pos\u00edlat, p\u0159ed\u00e1vat, vystavovat, prezentovat, reprodukovat, publikovat, licencovat, pou\u017e\u00edvat v r\u00e1me\u010dku na webov\u00fdch str\u00e1nk\u00e1ch, p\u0159en\u00e1\u0161et, pou\u017e\u00edvat k tvorb\u011b odvozen\u00fdch d\u011bl, pou\u017e\u00edvat pro komer\u010dn\u00ed \u010di ve\u0159ejn\u00e9 \u00fa\u010dely v celku \u010di z \u010d\u00e1sti jak\u00e9koli informace, text, grafiku, obr\u00e1zky, videoklipy, adres\u00e1\u0159e, datab\u00e1ze nebo seznamy poch\u00e1zej\u00edc\u00ed z webov\u00fdch str\u00e1nek amnis. Nen\u00ed-li to jinak povoleno spole\u010dnost\u00ed amnis, je zak\u00e1z\u00e1no systematicky na\u010d\u00edtat obsah z webov\u00fdch str\u00e1nek za \u00fa\u010delem p\u0159\u00edm\u00e9ho nebo nep\u0159\u00edm\u00e9ho sestaven\u00ed kolekce, datab\u00e1ze nebo adres\u00e1\u0159e nebo odkazov\u00e1n\u00ed na webov\u00e9 str\u00e1nky amnis.<\/p>\n\n\n\n<h2 class=\"wp-block-heading\">Odd\u011blitelnost<\/h2>\n\n\n\n<p>Pokud by jednotliv\u00e1 ustanoven\u00ed t\u011bchto podm\u00ednek pou\u017eit\u00ed byla po uzav\u0159en\u00ed t\u00e9to smlouvy shled\u00e1na neplatn\u00fdmi \u010di nevymahateln\u00fdmi, z\u016fst\u00e1v\u00e1 platnost zbytku smlouvy nedot\u010dena. Neplatn\u00e9 \u010di nevymahateln\u00e9 ustanoven\u00ed bude nahrazeno platn\u00fdm a vymahateln\u00fdm ustanoven\u00edm, jeho\u017e \u00fa\u010dinek bude nejbl\u00ed\u017ee hospod\u00e1\u0159sk\u00e9mu c\u00edli, kter\u00fd smluvn\u00ed strany sledovaly neplatn\u00fdm \u010di nevymahateln\u00fdm ustanoven\u00edm.<\/p>\n\n\n\n<div style=\"height:34px\" aria-hidden=\"true\" class=\"wp-block-spacer\"><\/div>\n\n\n\n<h2 class=\"wp-block-heading is-style-heading-2xl\">Pr\u00e1vn\u00ed informace<\/h2>\n\n\n\n<p class=\"is-style-copy-2xl\"><a href=\"https:\/\/amnistreasury.com\/cs\/\">www.amnistreasury.com<\/a>&nbsp;jsou webov\u00e9 str\u00e1nky spole\u010dnost\u00ed AMNIS Europe AG.<\/p>\n\n\n\n<h2 class=\"wp-block-heading is-style-heading-l\">Vydavatel<\/h2>\n\n\n\n<p>AMNIS Europe AG<br>Gewerbeweg 15<br>FL-9490 Vaduz, Lichten\u0161tejnsko<br>Telefon: +41 44 515 87 90<br>E-mail: info@amnistreasury.com<\/p>\n\n\n\n<h2 class=\"wp-block-heading is-style-heading-l\">\u00dast\u0159edn\u00ed rejst\u0159\u00edk obchodn\u00edch n\u00e1zv\u016f<\/h2>\n\n\n\n<p><strong>Registrovan\u00fd obchodn\u00ed n\u00e1zev:<\/strong> AMNIS Europe AG<br><strong>UID:<\/strong> FL-0002.647.164-7<br><strong>Rejst\u0159\u00edk: <\/strong>F\u00fcrstentum Liechtenstein<br><strong>Gener\u00e1ln\u00ed \u0159editel: <\/strong>Michael W\u00fcst<\/p>\n\n\n\n<p><strong>Registrovan\u00fd obchodn\u00ed n\u00e1zev:<\/strong> AMNIS Treasury Services Ltd<br><strong>UID:<\/strong> CHE-264.153.386<br><strong>Rejst\u0159\u00edk:<\/strong> Kanton Z\u00fcrich<br><strong>Gener\u00e1ln\u00ed \u0159editel: <\/strong>Michael W\u00fcst<\/p>\n\n\n\n<h2 class=\"wp-block-heading is-style-heading-l\">Autorsk\u00e1 pr\u00e1va<\/h2>\n\n\n\n<p>Autorsk\u00e1 a ve\u0161ker\u00e1 dal\u0161\u00ed pr\u00e1va k obsahu, obr\u00e1zk\u016fm, sn\u00edmk\u016fm a dal\u0161\u00edm soubor\u016fm na webov\u00fdch str\u00e1nk\u00e1ch n\u00e1le\u017e\u00ed v\u00fdlu\u010dn\u011b spole\u010dnosti AMNIS Europe AG nebo konkr\u00e9tn\u011b uveden\u00fdm dr\u017eitel\u016fm pr\u00e1v. Pro \u00fa\u010dely reprodukce jak\u00fdchkoli prvk\u016f je t\u0159eba p\u0159edem z\u00edskat souhlas dr\u017eitel\u016f autorsk\u00fdch pr\u00e1v.<\/p>\n\n\n<\/div>","protected":false},"excerpt":{"rendered":"","protected":false},"author":4,"featured_media":0,"parent":0,"menu_order":0,"comment_status":"closed","ping_status":"closed","template":"","meta":{"_acf_changed":false,"footnotes":""},"class_list":["post-25235","page","type-page","status-publish","hentry"],"acf":[],"_links":{"self":[{"href":"https:\/\/amnistreasury.com\/cs\/wp-json\/wp\/v2\/pages\/25235","targetHints":{"allow":["GET"]}}],"collection":[{"href":"https:\/\/amnistreasury.com\/cs\/wp-json\/wp\/v2\/pages"}],"about":[{"href":"https:\/\/amnistreasury.com\/cs\/wp-json\/wp\/v2\/types\/page"}],"author":[{"embeddable":true,"href":"https:\/\/amnistreasury.com\/cs\/wp-json\/wp\/v2\/users\/4"}],"replies":[{"embeddable":true,"href":"https:\/\/amnistreasury.com\/cs\/wp-json\/wp\/v2\/comments?post=25235"}],"version-history":[{"count":5,"href":"https:\/\/amnistreasury.com\/cs\/wp-json\/wp\/v2\/pages\/25235\/revisions"}],"predecessor-version":[{"id":83761,"href":"https:\/\/amnistreasury.com\/cs\/wp-json\/wp\/v2\/pages\/25235\/revisions\/83761"}],"wp:attachment":[{"href":"https:\/\/amnistreasury.com\/cs\/wp-json\/wp\/v2\/media?parent=25235"}],"curies":[{"name":"wp","href":"https:\/\/api.w.org\/{rel}","templated":true}]}}