{"id":25234,"date":"2021-11-12T09:02:45","date_gmt":"2021-11-12T09:02:45","guid":{"rendered":"https:\/\/amnistreasury.com\/v2_custom_offer\/"},"modified":"2025-12-01T10:53:11","modified_gmt":"2025-12-01T10:53:11","slug":"individualni-nabidka","status":"publish","type":"page","link":"https:\/\/amnistreasury.com\/cs\/individualni-nabidka\/","title":{"rendered":"V2_CUSTOM_OFFER_CZ"},"content":{"rendered":"\n<section  class=\"overflow-hidden not-typo alignfull default-block-padding hero-form-block\">\n    <div class=\"container container--default-2024 hero-form-block__container\">\n        <div class=\"grid grid-cols-12 gap-x-6 gap-y-12 sm:gap-x-8 sm:gap-y-12 hero-form-block__grid\">\n            \n            <!-- Left column: copy -->\n            <div class=\"col-span-12 sm:col-span-6 lg:col-span-6 hero-form-block__content flex flex-col justify-center\">\n                \n                                    <h1 class=\"is-style-heading-2xl mb-content-s mt-0 hero-form-block__header\">\n                        Vy\u017e\u00e1dat <strong>individu\u00e1ln\u00ed nab\u00eddku<\/strong>\n                    <\/h1>\n                \n                                    <div class=\"copy-2xl hero-form-block__desc p-reset\">\n                        <p>\u0158ekn\u011bte n\u00e1m v\u00edc o sv\u00fdch pot\u0159eb\u00e1ch a my se v\u00e1m ozveme s nab\u00eddkou na m\u00edru v\u010detn\u011b unik\u00e1tn\u00edch slu\u017eeb a podm\u00ednek.<\/p>\n                    <\/div>\n                \n                                    <div class=\"hero-form-block__image mt-6\">\n                        <img decoding=\"async\" width=\"1441\" height=\"1440\" src=\"https:\/\/amnistreasury.com\/wp-content\/uploads\/2025\/10\/contact-002.webp\" class=\"w-full h-auto\" alt=\"\" style=\"width: 570px; \" srcset=\"https:\/\/amnistreasury.com\/wp-content\/uploads\/2025\/10\/contact-002.webp 1441w, https:\/\/amnistreasury.com\/wp-content\/uploads\/2025\/10\/contact-002-300x300.webp 300w, https:\/\/amnistreasury.com\/wp-content\/uploads\/2025\/10\/contact-002-1024x1024.webp 1024w, https:\/\/amnistreasury.com\/wp-content\/uploads\/2025\/10\/contact-002-150x150.webp 150w, https:\/\/amnistreasury.com\/wp-content\/uploads\/2025\/10\/contact-002-768x767.webp 768w, https:\/\/amnistreasury.com\/wp-content\/uploads\/2025\/10\/contact-002-960x959.webp 960w, https:\/\/amnistreasury.com\/wp-content\/uploads\/2025\/10\/contact-002-50x50.webp 50w, https:\/\/amnistreasury.com\/wp-content\/uploads\/2025\/10\/contact-002-96x96.webp 96w, https:\/\/amnistreasury.com\/wp-content\/uploads\/2025\/10\/contact-002-192x192.webp 192w, https:\/\/amnistreasury.com\/wp-content\/uploads\/2025\/10\/contact-002-199x199.webp 199w, https:\/\/amnistreasury.com\/wp-content\/uploads\/2025\/10\/contact-002-398x398.webp 398w, https:\/\/amnistreasury.com\/wp-content\/uploads\/2025\/10\/contact-002-720x720.webp 720w, https:\/\/amnistreasury.com\/wp-content\/uploads\/2025\/10\/contact-002-480x480.webp 480w, https:\/\/amnistreasury.com\/wp-content\/uploads\/2025\/10\/contact-002-382x382.webp 382w, https:\/\/amnistreasury.com\/wp-content\/uploads\/2025\/10\/contact-002-412x412.webp 412w, https:\/\/amnistreasury.com\/wp-content\/uploads\/2025\/10\/contact-002-1250x1249.webp 1250w, https:\/\/amnistreasury.com\/wp-content\/uploads\/2025\/10\/contact-002-1350x1349.webp 1350w, https:\/\/amnistreasury.com\/wp-content\/uploads\/2025\/10\/contact-002-130x130.webp 130w, https:\/\/amnistreasury.com\/wp-content\/uploads\/2025\/10\/contact-002-260x260.webp 260w, https:\/\/amnistreasury.com\/wp-content\/uploads\/2025\/10\/contact-002-56x56.webp 56w, https:\/\/amnistreasury.com\/wp-content\/uploads\/2025\/10\/contact-002-112x112.webp 112w, https:\/\/amnistreasury.com\/wp-content\/uploads\/2025\/10\/contact-002-880x879.webp 880w, https:\/\/amnistreasury.com\/wp-content\/uploads\/2025\/10\/contact-002-586x586.webp 586w\" sizes=\"(max-width: 1441px) 100vw, 1441px\" \/>                    <\/div>\n                            <\/div>\n\n            <!-- Right column: Gravity Form -->\n            <div class=\"col-span-12 sm:col-span-6 sm:col-start-7 lg:col-span-6 lg:col-start-7 hero-form-block__form-col\">\n\n                                    <div class=\"hero-form hero-form-block__form section-background-white\">\n                                                \n                        <script type=\"text\/javascript\">\n\/* <![CDATA[ *\/\n\n\/\/----------------------------------------------------------\n\/\/------ JAVASCRIPT HOOK FUNCTIONS FOR GRAVITY FORMS -------\n\/\/----------------------------------------------------------\n\nif ( ! gform ) {\n\tdocument.addEventListener( 'gform_main_scripts_loaded', function() { gform.scriptsLoaded = true; } );\n\tdocument.addEventListener( 'gform\/theme\/scripts_loaded', function() { gform.themeScriptsLoaded = true; } );\n\twindow.addEventListener( 'DOMContentLoaded', function() { gform.domLoaded = true; } );\n\n\tvar gform = {\n\t\tdomLoaded: false,\n\t\tscriptsLoaded: false,\n\t\tthemeScriptsLoaded: false,\n\t\tisFormEditor: () => typeof InitializeEditor === 'function',\n\n\t\t\/**\n\t\t * @deprecated 2.9 the use of initializeOnLoaded in the form editor context is deprecated.\n\t\t * @remove-in 4.0 this function will not check for gform.isFormEditor().\n\t\t *\/\n\t\tcallIfLoaded: function ( fn ) {\n\t\t\tif ( gform.domLoaded && gform.scriptsLoaded && ( gform.themeScriptsLoaded || gform.isFormEditor() ) ) {\n\t\t\t\tif ( gform.isFormEditor() ) {\n\t\t\t\t\tconsole.warn( 'The use of gform.initializeOnLoaded() is deprecated in the form editor context and will be removed in Gravity Forms 3.1.' );\n\t\t\t\t}\n\t\t\t\tfn();\n\t\t\t\treturn true;\n\t\t\t}\n\t\t\treturn false;\n\t\t},\n\n\t\t\/**\n\t\t * Call a function when all scripts are loaded\n\t\t *\n\t\t * @param function fn the callback function to call when all scripts are loaded\n\t\t *\n\t\t * @returns void\n\t\t *\/\n\t\tinitializeOnLoaded: function( fn ) {\n\t\t\tif ( ! gform.callIfLoaded( fn ) ) {\n\t\t\t\tdocument.addEventListener( 'gform_main_scripts_loaded', () => { gform.scriptsLoaded = true; gform.callIfLoaded( fn ); } );\n\t\t\t\tdocument.addEventListener( 'gform\/theme\/scripts_loaded', () => { gform.themeScriptsLoaded = true; gform.callIfLoaded( fn ); } );\n\t\t\t\twindow.addEventListener( 'DOMContentLoaded', () => { gform.domLoaded = true; gform.callIfLoaded( fn ); } );\n\t\t\t}\n\t\t},\n\n\t\thooks: { action: {}, filter: {} },\n\t\taddAction: function( action, callable, priority, tag ) {\n\t\t\tgform.addHook( 'action', action, callable, priority, tag );\n\t\t},\n\t\taddFilter: function( action, callable, priority, tag ) {\n\t\t\tgform.addHook( 'filter', action, callable, priority, tag );\n\t\t},\n\t\tdoAction: function( action ) {\n\t\t\tgform.doHook( 'action', action, arguments );\n\t\t},\n\t\tapplyFilters: function( action ) {\n\t\t\treturn gform.doHook( 'filter', action, arguments );\n\t\t},\n\t\tremoveAction: function( action, tag ) {\n\t\t\tgform.removeHook( 'action', action, tag );\n\t\t},\n\t\tremoveFilter: function( action, priority, tag ) {\n\t\t\tgform.removeHook( 'filter', action, priority, tag );\n\t\t},\n\t\taddHook: function( hookType, action, callable, priority, tag ) {\n\t\t\tif ( undefined == gform.hooks[hookType][action] ) {\n\t\t\t\tgform.hooks[hookType][action] = [];\n\t\t\t}\n\t\t\tvar hooks = gform.hooks[hookType][action];\n\t\t\tif ( undefined == tag ) {\n\t\t\t\ttag = action + '_' + hooks.length;\n\t\t\t}\n\t\t\tif( priority == undefined ){\n\t\t\t\tpriority = 10;\n\t\t\t}\n\n\t\t\tgform.hooks[hookType][action].push( { tag:tag, callable:callable, priority:priority } );\n\t\t},\n\t\tdoHook: function( hookType, action, args ) {\n\n\t\t\t\/\/ splice args from object into array and remove first index which is the hook name\n\t\t\targs = Array.prototype.slice.call(args, 1);\n\n\t\t\tif ( undefined != gform.hooks[hookType][action] ) {\n\t\t\t\tvar hooks = gform.hooks[hookType][action], hook;\n\t\t\t\t\/\/sort by priority\n\t\t\t\thooks.sort(function(a,b){return a[\"priority\"]-b[\"priority\"]});\n\n\t\t\t\thooks.forEach( function( hookItem ) {\n\t\t\t\t\thook = hookItem.callable;\n\n\t\t\t\t\tif(typeof hook != 'function')\n\t\t\t\t\t\thook = window[hook];\n\t\t\t\t\tif ( 'action' == hookType ) {\n\t\t\t\t\t\thook.apply(null, args);\n\t\t\t\t\t} else {\n\t\t\t\t\t\targs[0] = hook.apply(null, args);\n\t\t\t\t\t}\n\t\t\t\t} );\n\t\t\t}\n\t\t\tif ( 'filter'==hookType ) {\n\t\t\t\treturn args[0];\n\t\t\t}\n\t\t},\n\t\tremoveHook: function( hookType, action, priority, tag ) {\n\t\t\tif ( undefined != gform.hooks[hookType][action] ) {\n\t\t\t\tvar hooks = gform.hooks[hookType][action];\n\t\t\t\thooks = hooks.filter( function(hook, index, arr) {\n\t\t\t\t\tvar removeHook = (undefined==tag||tag==hook.tag) && (undefined==priority||priority==hook.priority);\n\t\t\t\t\treturn !removeHook;\n\t\t\t\t} );\n\t\t\t\tgform.hooks[hookType][action] = hooks;\n\t\t\t}\n\t\t}\n\t};\n}\n\n\/* ]]> *\/\n<\/script>\n\n                <div class='gf_browser_gecko gform_wrapper gform_legacy_markup_wrapper gform-theme--no-framework' data-form-theme='legacy' data-form-index='0' id='gform_wrapper_42' ><div id='gf_42' class='gform_anchor' tabindex='-1'><\/div><form method='post' enctype='multipart\/form-data' target='gform_ajax_frame_42' id='gform_42'  action='\/cs\/wp-json\/wp\/v2\/pages\/25234#gf_42' data-formid='42' novalidate>\n                        <div class='gform-body gform_body'><ul id='gform_fields_42' class='gform_fields top_label form_sublabel_below description_below validation_below'><li id=\"field_42_1\" class=\"gfield gfield--type-text gfield--input-type-text gfield_contains_required field_sublabel_below gfield--no-description field_description_below field_validation_below gfield_visibility_visible\"  ><label class='gfield_label gform-field-label' for='input_42_1'>Jm\u00e9no<span class=\"gfield_required\"><span class=\"gfield_required gfield_required_asterisk\">*<\/span><\/span><\/label><div class='ginput_container ginput_container_text'><input name='input_1' id='input_42_1' type='text' value='' class='medium'    placeholder='P\u0159idejte sv\u00e9 jm\u00e9no' aria-required=\"true\" aria-invalid=\"false\"   \/><\/div><\/li><li id=\"field_42_2\" class=\"gfield gfield--type-text gfield--input-type-text gfield_contains_required field_sublabel_below gfield--no-description field_description_below field_validation_below gfield_visibility_visible\"  ><label class='gfield_label gform-field-label' for='input_42_2'>P\u0159\u00edjmen\u00ed<span class=\"gfield_required\"><span class=\"gfield_required gfield_required_asterisk\">*<\/span><\/span><\/label><div class='ginput_container ginput_container_text'><input name='input_2' id='input_42_2' type='text' value='' class='medium'    placeholder='P\u0159idejte sv\u00e9 p\u0159\u00edjmen\u00ed' aria-required=\"true\" aria-invalid=\"false\"   \/><\/div><\/li><li id=\"field_42_3\" class=\"gfield gfield--type-email gfield--input-type-email gfield--width-half gfield_contains_required field_sublabel_below gfield--no-description field_description_below field_validation_below gfield_visibility_visible\"  ><label class='gfield_label gform-field-label' for='input_42_3'>Obchodn\u00ed email<span class=\"gfield_required\"><span class=\"gfield_required gfield_required_asterisk\">*<\/span><\/span><\/label><div class='ginput_container ginput_container_email'>\n                            <input name='input_3' id='input_42_3' type='email' value='' class='medium'   placeholder='P\u0159idejte sv\u016fj e-mail' aria-required=\"true\" aria-invalid=\"false\"  \/>\n                        <\/div><\/li><li id=\"field_42_10\" class=\"gfield gfield--type-multiselect gfield--input-type-multiselect gfield--width-full gfield_contains_required field_sublabel_below gfield--no-description field_description_below field_validation_below gfield_visibility_visible\"  ><label class='gfield_label gform-field-label' for='input_42_10'>Vyberte pros\u00edm produkt, o kter\u00fd m\u00e1te z\u00e1jem:<span class=\"gfield_required\"><span class=\"gfield_required gfield_required_asterisk\">*<\/span><\/span><\/label><div class='ginput_container ginput_container_multiselect'><select multiple='multiple' data-placeholder='Vyberte kliknut\u00edm' size='7' name='input_10[]' id='input_42_10' class='large gfield_select'   aria-invalid=\"false\" aria-required=\"true\" ><option value='Sm\u011bna m\u011bn' >Sm\u011bna m\u011bn<\/option><option value='Platby' >Platby<\/option><option value='Debetn\u00ed karty' >Debetn\u00ed karty<\/option><option value='Jin\u00e9' >Jin\u00e9<\/option><\/select><\/div><\/li><li id=\"field_42_7\" class=\"gfield gfield--type-textarea gfield--input-type-textarea request_textarea field_sublabel_below gfield--no-description field_description_below field_validation_below gfield_visibility_visible\"  ><label class='gfield_label gform-field-label' for='input_42_7'>Va\u0161e zpr\u00e1va<\/label><div class='ginput_container ginput_container_textarea'><textarea name='input_7' id='input_42_7' class='textarea small'    placeholder='Napi\u0161te zpr\u00e1vu...'  aria-invalid=\"false\"   rows='10' cols='50'><\/textarea><\/div><\/li><li id=\"field_42_8\" class=\"gfield gfield--type-consent gfield--type-choice gfield--input-type-consent agree gfield_contains_required field_sublabel_below gfield--no-description field_description_below hidden_label field_validation_below gfield_visibility_visible\"  ><label class='gfield_label gform-field-label screen-reader-text gfield_label_before_complex' ><span class=\"gfield_required\"><span class=\"gfield_required gfield_required_asterisk\">*<\/span><\/span><\/label><div class='ginput_container ginput_container_consent'><input name='input_8.1' id='input_42_8_1' type='checkbox' value='1'   aria-required=\"true\" aria-invalid=\"false\"   \/> <label class=\"gform-field-label gform-field-label--type-inline gfield_consent_label\" for='input_42_8_1' >Odesl\u00e1n\u00edm souhlas\u00edte, \u017ee V\u00e1s amnis m\u016f\u017ee kontaktovat v souvislosti s vypln\u011bn\u00fdm formul\u00e1\u0159em. M\u016f\u017eete se pod\u00edvat na na\u0161e <a href=\"\/cs\/smluvni-podminky\/\">Smluvn\u00ed podm\u00ednky<\/a>.<span class=\"gfield_required gfield_required_asterisk\">*<\/span><\/label><input type='hidden' name='input_8.2' value='Odesl\u00e1n\u00edm souhlas\u00edte, \u017ee V\u00e1s amnis m\u016f\u017ee kontaktovat v souvislosti s vypln\u011bn\u00fdm formul\u00e1\u0159em. M\u016f\u017eete se pod\u00edvat na na\u0161e &lt;a href=&quot;\/cs\/smluvni-podminky\/&quot;&gt;Smluvn\u00ed podm\u00ednky&lt;\/a&gt;.' class='gform_hidden' \/><input type='hidden' name='input_8.3' value='37' class='gform_hidden' \/><\/div><\/li><li id=\"field_42_11\" class=\"gfield gfield--type-hidden gfield--input-type-hidden gfield--width-full gform_hidden field_sublabel_below gfield--no-description field_description_below field_validation_below gfield_visibility_visible\"  ><div class='ginput_container ginput_container_text'><input name='input_11' id='input_42_11' type='hidden' class='gform_hidden'  aria-invalid=\"false\" value='' \/><\/div><\/li><li id=\"field_42_12\" class=\"gfield gfield--type-hidden gfield--input-type-hidden gfield--width-full gform_hidden field_sublabel_below gfield--no-description field_description_below field_validation_below gfield_visibility_visible\"  ><div class='ginput_container ginput_container_text'><input name='input_12' id='input_42_12' type='hidden' class='gform_hidden'  aria-invalid=\"false\" value='' \/><\/div><\/li><li id=\"field_42_13\" class=\"gfield gfield--type-hidden gfield--input-type-hidden gfield--width-full gform_hidden field_sublabel_below gfield--no-description field_description_below field_validation_below gfield_visibility_visible\"  ><div class='ginput_container ginput_container_text'><input name='input_13' id='input_42_13' type='hidden' class='gform_hidden'  aria-invalid=\"false\" value='' \/><\/div><\/li><li id=\"field_42_14\" class=\"gfield gfield--type-hidden gfield--input-type-hidden gfield--width-full gform_hidden field_sublabel_below gfield--no-description field_description_below field_validation_below gfield_visibility_visible\"  ><div class='ginput_container ginput_container_text'><input name='input_14' id='input_42_14' type='hidden' class='gform_hidden'  aria-invalid=\"false\" value='' \/><\/div><\/li><li id=\"field_42_15\" class=\"gfield gfield--type-hidden gfield--input-type-hidden gfield--width-full gform_hidden field_sublabel_below gfield--no-description field_description_below field_validation_below gfield_visibility_visible\"  ><div class='ginput_container ginput_container_text'><input name='input_15' id='input_42_15' type='hidden' class='gform_hidden'  aria-invalid=\"false\" value='' \/><\/div><\/li><li id=\"field_42_9\" class=\"gfield gfield--type-turnstile gfield--input-type-turnstile gfield--width-full field_sublabel_below gfield--no-description field_description_below field_validation_below gfield_visibility_visible\"  ><div class='ginput_container ginput_container_turnstile'><div class=\"cf-turnstile\" id=\"cf-turnstile_42\" data-js-turnstile data-response-field-name=\"cf-turnstile-response_42\" data-theme=\"auto\" data-size=\"\" data-sitekey=\"0x4AAAAAAAPqfETsDEjdm0L7\"><\/div><\/div><\/li><\/ul><\/div>\n        <div class='gform-footer gform_footer top_label'> <input type='submit' id='gform_submit_button_42' class='gform_button button' onclick='gform.submission.handleButtonClick(this);' data-submission-type='submit' value='Odeslat'  \/> <input type='hidden' name='gform_ajax' value='form_id=42&amp;title=&amp;description=&amp;tabindex=0&amp;theme=legacy&amp;styles=[]&amp;hash=aae873dbb424f477acd56fff01cc4a95' \/>\n            <input type='hidden' class='gform_hidden' name='gform_submission_method' data-js='gform_submission_method_42' value='iframe' \/>\n            <input type='hidden' class='gform_hidden' name='gform_theme' data-js='gform_theme_42' id='gform_theme_42' value='legacy' \/>\n            <input type='hidden' class='gform_hidden' name='gform_style_settings' data-js='gform_style_settings_42' id='gform_style_settings_42' value='[]' \/>\n            <input type='hidden' class='gform_hidden' name='is_submit_42' value='1' \/>\n            <input type='hidden' class='gform_hidden' name='gform_submit' value='42' \/>\n            \n            <input type='hidden' class='gform_hidden' name='gform_currency' data-currency='USD' value='CmkW3umEZtBMHygOtkfIc7CSraxsLuCeXvR8nfnjdDSCsRCzfpQIGzEx0aT354WTE\/GORbFcj8EonHCM8R6pe2sZjgdPrsdAJowLM3f4mzl4ysI=' \/>\n            <input type='hidden' class='gform_hidden' name='gform_unique_id' value='' \/>\n            <input type='hidden' class='gform_hidden' name='state_42' value='WyJ7XCI4LjFcIjpcImJhODcwY2QyNTdhMjI4YjYyNTBkNWVjZjkwZmFlMmRjXCIsXCI4LjJcIjpcImYyODZjNWIzMWViNTQyNmI1NTg5OWZiYjJlYWRjYWVkXCIsXCI4LjNcIjpcIjI2NWVkMjAzNTNiMzA2ZGYzZjEyYTRjYzM3NGZlMGQxXCJ9IiwiYTU2Y2FjODBmMmExODk3ZjBmZWIxN2QzNWU5ZjQ4MjQiXQ==' \/>\n            <input type='hidden' autocomplete='off' class='gform_hidden' name='gform_target_page_number_42' id='gform_target_page_number_42' value='0' \/>\n            <input type='hidden' autocomplete='off' class='gform_hidden' name='gform_source_page_number_42' id='gform_source_page_number_42' value='1' \/>\n            <input type='hidden' name='gform_field_values' value='' \/>\n            \n        <\/div>\n                        <\/form>\n                        <\/div>\n\t\t                <iframe style='display:none;width:0px;height:0px;' src='about:blank' name='gform_ajax_frame_42' id='gform_ajax_frame_42' title='This iframe contains the logic required to handle Ajax powered Gravity Forms.'><\/iframe>\n\t\t                <script type=\"text\/javascript\">\n\/* <![CDATA[ *\/\n gform.initializeOnLoaded( function() {gformInitSpinner( 42, 'https:\/\/amnistreasury.com\/wp-content\/plugins\/gravityforms\/images\/spinner.svg', true );jQuery('#gform_ajax_frame_42').on('load',function(){var contents = jQuery(this).contents().find('*').html();var is_postback = contents.indexOf('GF_AJAX_POSTBACK') >= 0;if(!is_postback){return;}var form_content = jQuery(this).contents().find('#gform_wrapper_42');var is_confirmation = jQuery(this).contents().find('#gform_confirmation_wrapper_42').length > 0;var is_redirect = contents.indexOf('gformRedirect(){') >= 0;var is_form = form_content.length > 0 && ! is_redirect && ! is_confirmation;var mt = parseInt(jQuery('html').css('margin-top'), 10) + parseInt(jQuery('body').css('margin-top'), 10) + 100;if(is_form){jQuery('#gform_wrapper_42').html(form_content.html());if(form_content.hasClass('gform_validation_error')){jQuery('#gform_wrapper_42').addClass('gform_validation_error');} else {jQuery('#gform_wrapper_42').removeClass('gform_validation_error');}setTimeout( function() { \/* delay the scroll by 50 milliseconds to fix a bug in chrome *\/ jQuery(document).scrollTop(jQuery('#gform_wrapper_42').offset().top - mt); }, 50 );if(window['gformInitDatepicker']) {gformInitDatepicker();}if(window['gformInitPriceFields']) {gformInitPriceFields();}var current_page = jQuery('#gform_source_page_number_42').val();gformInitSpinner( 42, 'https:\/\/amnistreasury.com\/wp-content\/plugins\/gravityforms\/images\/spinner.svg', true );jQuery(document).trigger('gform_page_loaded', [42, current_page]);window['gf_submitting_42'] = false;}else if(!is_redirect){var confirmation_content = jQuery(this).contents().find('.GF_AJAX_POSTBACK').html();if(!confirmation_content){confirmation_content = contents;}jQuery('#gform_wrapper_42').replaceWith(confirmation_content);jQuery(document).scrollTop(jQuery('#gf_42').offset().top - mt);jQuery(document).trigger('gform_confirmation_loaded', [42]);window['gf_submitting_42'] = false;wp.a11y.speak(jQuery('#gform_confirmation_message_42').text());}else{jQuery('#gform_42').append(contents);if(window['gformRedirect']) {gformRedirect();}}jQuery(document).trigger(\"gform_pre_post_render\", [{ formId: \"42\", currentPage: \"current_page\", abort: function() { this.preventDefault(); } }]);        if (event && event.defaultPrevented) {                return;        }        const gformWrapperDiv = document.getElementById( \"gform_wrapper_42\" );        if ( gformWrapperDiv ) {            const visibilitySpan = document.createElement( \"span\" );            visibilitySpan.id = \"gform_visibility_test_42\";            gformWrapperDiv.insertAdjacentElement( \"afterend\", visibilitySpan );        }        const visibilityTestDiv = document.getElementById( \"gform_visibility_test_42\" );        let postRenderFired = false;        function triggerPostRender() {            if ( postRenderFired ) {                return;            }            postRenderFired = true;            gform.core.triggerPostRenderEvents( 42, current_page );            if ( visibilityTestDiv ) {                visibilityTestDiv.parentNode.removeChild( visibilityTestDiv );            }        }        function debounce( func, wait, immediate ) {            var timeout;            return function() {                var context = this, args = arguments;                var later = function() {                    timeout = null;                    if ( !immediate ) func.apply( context, args );                };                var callNow = immediate && !timeout;                clearTimeout( timeout );                timeout = setTimeout( later, wait );                if ( callNow ) func.apply( context, args );            };        }        const debouncedTriggerPostRender = debounce( function() {            triggerPostRender();        }, 200 );        if ( visibilityTestDiv && visibilityTestDiv.offsetParent === null ) {            const observer = new MutationObserver( ( mutations ) => {                mutations.forEach( ( mutation ) => {                    if ( mutation.type === 'attributes' && visibilityTestDiv.offsetParent !== null ) {                        debouncedTriggerPostRender();                        observer.disconnect();                    }                });            });            observer.observe( document.body, {                attributes: true,                childList: false,                subtree: true,                attributeFilter: [ 'style', 'class' ],            });        } else {            triggerPostRender();        }    } );} ); \n\/* ]]> *\/\n<\/script>\n                    <\/div>\n                            <\/div>\n\n        <\/div>\n    <\/div>\n<\/section>\n","protected":false},"excerpt":{"rendered":"","protected":false},"author":4,"featured_media":0,"parent":0,"menu_order":0,"comment_status":"closed","ping_status":"closed","template":"","meta":{"_acf_changed":false,"footnotes":""},"class_list":["post-25234","page","type-page","status-publish","hentry"],"acf":[],"_links":{"self":[{"href":"https:\/\/amnistreasury.com\/cs\/wp-json\/wp\/v2\/pages\/25234","targetHints":{"allow":["GET"]}}],"collection":[{"href":"https:\/\/amnistreasury.com\/cs\/wp-json\/wp\/v2\/pages"}],"about":[{"href":"https:\/\/amnistreasury.com\/cs\/wp-json\/wp\/v2\/types\/page"}],"author":[{"embeddable":true,"href":"https:\/\/amnistreasury.com\/cs\/wp-json\/wp\/v2\/users\/4"}],"replies":[{"embeddable":true,"href":"https:\/\/amnistreasury.com\/cs\/wp-json\/wp\/v2\/comments?post=25234"}],"version-history":[{"count":4,"href":"https:\/\/amnistreasury.com\/cs\/wp-json\/wp\/v2\/pages\/25234\/revisions"}],"predecessor-version":[{"id":80990,"href":"https:\/\/amnistreasury.com\/cs\/wp-json\/wp\/v2\/pages\/25234\/revisions\/80990"}],"wp:attachment":[{"href":"https:\/\/amnistreasury.com\/cs\/wp-json\/wp\/v2\/media?parent=25234"}],"curies":[{"name":"wp","href":"https:\/\/api.w.org\/{rel}","templated":true}]}}